{"id":8969,"date":"2023-08-16T10:38:55","date_gmt":"2023-08-16T08:38:55","guid":{"rendered":"https:\/\/domainelesoreades.com\/luxus-campingplatz-landes\/"},"modified":"2023-10-20T12:01:27","modified_gmt":"2023-10-20T10:01:27","slug":"luxus-campingplatz-landes","status":"publish","type":"page","link":"https:\/\/domainelesoreades.com\/de\/luxus-campingplatz-landes\/","title":{"rendered":"Dienste"},"content":{"rendered":"<section id=\"ls-section-block_7b039e35b06ca4a39ffeb3e1484ef720\" class=\"ls-section  page-intro\" >\r\n        <div class=\"container \">\r\n        \n\n<div class=\"wp-block-columns is-layout-flex wp-container-core-columns-is-layout-9d6595d7 wp-block-columns-is-layout-flex\">\n<div class=\"wp-block-column is-layout-flow wp-block-column-is-layout-flow\">\n<h1 class=\"ls__heading wp-block-heading has-text-align-center\">Unsere Dienstleistungen<\/h1>\n\n\n\n<p class=\"ls-paragraph has-text-align-center\">Erleben Sie Ihren Aufenthalt auf unserem <a href=\"https:\/\/domainelesoreades.com\/de\/\">Campingplatz in Sanguinet in den Landes<\/a> in vollen Z\u00fcgen dank unserer Dienstleistungen, die Ihnen den Alltag erleichtern und Ihren Urlaub zum Funkeln bringen!<\/p>\n<\/div>\n<\/div>\n\n\r\n    <\/div>\r\n<\/section><section id=\"ls-section-block_cbec5e416fa2d2db2f8c592ad5908e13\" class=\"ls-section  page-one has-p-t p-t-14 has-p-b p-b-14\" >\r\n        <div class=\"container container--wide\">\r\n        \n\n<div class=\"wp-block-columns is-layout-flex wp-container-core-columns-is-layout-9d6595d7 wp-block-columns-is-layout-flex\">\n<div class=\"wp-block-column first is-layout-flow wp-block-column-is-layout-flow\" style=\"flex-basis:66.66%\">\n<figure class=\"wp-block-gallery has-nested-images columns-default is-cropped gallery-slider wp-block-gallery-1 is-layout-flex wp-block-gallery-is-layout-flex\">\n<figure class=\"wp-block-image size-full\"><a href=\"https:\/\/domainelesoreades.com\/wp-content\/uploads\/2023\/09\/velo-trois-roues.webp\"><img decoding=\"async\" width=\"1004\" height=\"670\" data-id=\"6004\" src=\"https:\/\/domainelesoreades.com\/wp-content\/uploads\/2023\/09\/velo-trois-roues.webp\" alt=\"dreir&#xE4;driges Fahrrad\" class=\"wp-image-6004\" srcset=\"https:\/\/domainelesoreades.com\/wp-content\/uploads\/2023\/09\/velo-trois-roues.webp 1004w, https:\/\/domainelesoreades.com\/wp-content\/uploads\/2023\/09\/velo-trois-roues-300x200.webp 300w, https:\/\/domainelesoreades.com\/wp-content\/uploads\/2023\/09\/velo-trois-roues-768x513.webp 768w\" sizes=\"(max-width: 1004px) 100vw, 1004px\" \/><\/a><\/figure>\n\n\n\n<figure class=\"wp-block-image size-full\"><a href=\"https:\/\/domainelesoreades.com\/wp-content\/uploads\/2023\/09\/placha-sur-terrasse-hebergement.webp\"><img decoding=\"async\" width=\"1004\" height=\"670\" data-id=\"6011\" src=\"https:\/\/domainelesoreades.com\/wp-content\/uploads\/2023\/09\/placha-sur-terrasse-hebergement.webp\" alt=\"placha auf terrasse hebergement\" class=\"wp-image-6011\" srcset=\"https:\/\/domainelesoreades.com\/wp-content\/uploads\/2023\/09\/placha-sur-terrasse-hebergement.webp 1004w, https:\/\/domainelesoreades.com\/wp-content\/uploads\/2023\/09\/placha-sur-terrasse-hebergement-300x200.webp 300w, https:\/\/domainelesoreades.com\/wp-content\/uploads\/2023\/09\/placha-sur-terrasse-hebergement-768x513.webp 768w\" sizes=\"(max-width: 1004px) 100vw, 1004px\" \/><\/a><\/figure>\n<\/figure>\n<\/div>\n\n\n\n<div class=\"wp-block-column is-vertically-aligned-center second is-layout-flow wp-block-column-is-layout-flow\" style=\"flex-basis:33.33%\">\n<h2 class=\"ls__heading wp-block-heading deco\">Fahrradverleih &amp; <em>Elektrofahrr\u00e4der<\/em><\/h2>\n\n\n\n<p class=\"ls-paragraph\">Ein <strong>Fahrradverleih<\/strong> (traditionelle oder elektrische <strong>Fahrr\u00e4der<\/strong> ) steht Ihnen bei unserem Partner zur Verf\u00fcgung.<\/p>\n\n\n\n<p class=\"ls-paragraph\">Ebenfalls verf\u00fcgbar: <strong>Kindersitze und Fahrradanh\u00e4nger<\/strong>.<\/p>\n\n\n\n<div style=\"height:100px\" aria-hidden=\"true\" class=\"wp-block-spacer\"><\/div>\n\n\n\n<h2 class=\"ls__heading wp-block-heading deco\"><em>Plancha<\/em> mieten<\/h2>\n\n\n\n<p class=\"ls-paragraph\">Aus Sicherheitsgr\u00fcnden sind traditionelle Kohle- oder Elektrogrills auf dem Gel\u00e4nde nicht erlaubt.<br\/><br\/>Sie k\u00f6nnen jedoch <strong>eine Gasplancha<\/strong> zum Preis von 50\u20ac\/Woche <strong>mieten<\/strong> (vor Ort zu bezahlen). Dann k\u00f6nnen Sie Ihre <strong>Mahlzeit auf der Plancha von der Terrasse<\/strong> Ihres <a href=\"https:\/\/domainelesoreades.com\/de\/vermietung-von-ferien-landes\/\">Mobilheims in den Landes<\/a> aus zubereiten.<\/p>\n<\/div>\n<\/div>\n\n\r\n    <\/div>\r\n<\/section><section id=\"ls-section-block_501b40be31ad469d30c99547c748471b\" class=\"ls-section  page-one has-background has-color-4-background-color has-p-t p-t-14 has-p-b p-b-14\" >\r\n        <div class=\"container container--wide\">\r\n        \n\n<div class=\"wp-block-columns is-layout-flex wp-container-core-columns-is-layout-9d6595d7 wp-block-columns-is-layout-flex\">\n<div class=\"wp-block-column is-vertically-aligned-center is-layout-flow wp-block-column-is-layout-flow\" style=\"flex-basis:33.33%\">\n<h2 class=\"ls__heading wp-block-heading deco\">W\u00e4sche-Set<\/h2>\n\n\n\n<p class=\"ls-paragraph\">Verleih von <strong>Bettw\u00e4sche und Handt\u00fcchern<\/strong>.<\/p>\n\n\n\n<p class=\"ls-paragraph\">Bei einigen Unterk\u00fcnften sind die Bettw\u00e4sche- und Handtuchpakete inbegriffen.<\/p>\n\n\n\n<div style=\"height:100px\" aria-hidden=\"true\" class=\"wp-block-spacer\"><\/div>\n\n\n\n<h2 class=\"ls__heading wp-block-heading deco\">W\u00e4scherei<\/h2>\n\n\n\n<p class=\"ls-paragraph\"><strong>Waschmaschinen und W\u00e4schetrockner<\/strong> stehen Ihnen auf dem Gel\u00e4nde zur Verf\u00fcgung.<\/p>\n<\/div>\n\n\n\n<div class=\"wp-block-column is-layout-flow wp-block-column-is-layout-flow\" style=\"flex-basis:66.66%\">\n<figure class=\"wp-block-image size-full\"><img decoding=\"async\" width=\"1004\" height=\"669\" src=\"https:\/\/domainelesoreades.com\/wp-content\/uploads\/2023\/09\/draps-pret-de-linge.webp\" alt=\"Bettlaken Leihw&#xE4;sche\" class=\"wp-image-6025\" srcset=\"https:\/\/domainelesoreades.com\/wp-content\/uploads\/2023\/09\/draps-pret-de-linge.webp 1004w, https:\/\/domainelesoreades.com\/wp-content\/uploads\/2023\/09\/draps-pret-de-linge-300x200.webp 300w, https:\/\/domainelesoreades.com\/wp-content\/uploads\/2023\/09\/draps-pret-de-linge-768x512.webp 768w\" sizes=\"(max-width: 1004px) 100vw, 1004px\" \/><\/figure>\n<\/div>\n<\/div>\n\n\r\n    <\/div>\r\n<\/section><section id=\"ls-section-block_cbec5e416fa2d2db2f8c592ad5908e13\" class=\"ls-section  page-one has-p-t p-t-14 has-p-b p-b-14\" >\r\n        <div class=\"container container--wide\">\r\n        \n\n<div class=\"wp-block-columns is-layout-flex wp-container-core-columns-is-layout-9d6595d7 wp-block-columns-is-layout-flex\">\n<div class=\"wp-block-column is-layout-flow wp-block-column-is-layout-flow\" style=\"flex-basis:66.66%\">\n<figure class=\"wp-block-image size-full\"><img decoding=\"async\" width=\"1004\" height=\"669\" src=\"https:\/\/domainelesoreades.com\/wp-content\/uploads\/2023\/09\/epicerie-vente-a-emporter.webp\" alt=\"Lebensmittelgesch&#xE4;ft zum Mitnehmen\" class=\"wp-image-6035\" srcset=\"https:\/\/domainelesoreades.com\/wp-content\/uploads\/2023\/09\/epicerie-vente-a-emporter.webp 1004w, https:\/\/domainelesoreades.com\/wp-content\/uploads\/2023\/09\/epicerie-vente-a-emporter-300x200.webp 300w, https:\/\/domainelesoreades.com\/wp-content\/uploads\/2023\/09\/epicerie-vente-a-emporter-768x512.webp 768w\" sizes=\"(max-width: 1004px) 100vw, 1004px\" \/><\/figure>\n<\/div>\n\n\n\n<div class=\"wp-block-column is-vertically-aligned-center is-layout-flow wp-block-column-is-layout-flow\" style=\"flex-basis:33.33%\">\n<h2 class=\"ls__heading wp-block-heading deco\">Lebensmittelgesch\u00e4ft, Bar &amp; <em>Mitnahmeverkauf<\/em><\/h2>\n\n\n\n<p class=\"ls-paragraph\">Neben dem Restaurant bietet Ihnen La Table du domaine:einen Lebensmittelladen mit <strong>Produkten f\u00fcr den t\u00e4glichen Bedarf und f\u00fcr die Freizeit<\/strong>, eine Bar sowie einen Service f\u00fcr <strong>Gerichte und Snacks zum Mitnehmen<\/strong> oder als Lieferservice.<\/p>\n\n\n\n<div style=\"height:100px\" aria-hidden=\"true\" class=\"wp-block-spacer\"><\/div>\n\n\n\n<h2 class=\"ls__heading wp-block-heading deco\"><em>Fr\u00fchst\u00fcck<\/em><\/h2>\n\n\n\n<p class=\"ls-paragraph\">Bei den Mitarbeitern des Lebensmittelgesch\u00e4fts zu buchen.<\/p>\n<\/div>\n<\/div>\n\n\r\n    <\/div>\r\n<\/section><section id=\"ls-section-block_6baf1459343f4038286a388a7d5a35e8\" class=\"ls-section  page-three has-background has-color-4-background-color has-p-t p-t-14 has-p-b p-b-14\" >\r\n        <div class=\"container container--wide\">\r\n        \n\n<div class=\"wp-block-columns is-layout-flex wp-container-core-columns-is-layout-9d6595d7 wp-block-columns-is-layout-flex\">\n<div class=\"wp-block-column is-layout-flow wp-block-column-is-layout-flow\">\n<h2 class=\"ls__heading wp-block-heading has-text-align-center deco-top-center\">Wifi<\/h2>\n\n\n\n<p class=\"ls-paragraph has-text-align-center\">Unsere WLAN-Verbindung <strong>deckt das gesamte Anwesen ab<\/strong>.<\/p>\n\n\n\n<p class=\"ls-paragraph has-text-align-center\">Es handelt sich um eine <strong>kostenpflichtige Leistung<\/strong>, es sei denn, Sie wohnen in unseren Premium-Unterk\u00fcnften.<\/p>\n<\/div>\n<\/div>\n\n\r\n    <\/div>\r\n<\/section><section id=\"ls-section-block_b74baa4ae25283671b77b73e8873a2fd\" class=\"ls-section  page-one\" >\r\n        <div class=\"container container--wide\">\r\n        \n\n<div class=\"wp-block-columns is-layout-flex wp-container-core-columns-is-layout-9d6595d7 wp-block-columns-is-layout-flex\">\n<div class=\"wp-block-column is-vertically-aligned-center is-layout-flow wp-block-column-is-layout-flow\" style=\"flex-basis:33.33%\">\n<h2 class=\"ls__heading wp-block-heading deco\"><em>Baby-Set<\/em><\/h2>\n\n\n\n<p class=\"ls-paragraph\">F\u00fcr Ihre Kleinkinder k\u00f6nnen Sie <strong>ein Bett<\/strong>, einen <strong>Hochstuhl oder eine<\/strong> babygerechte <strong>Badewanne<\/strong> <strong>mieten<\/strong>.<\/p>\n<\/div>\n\n\n\n<div class=\"wp-block-column is-layout-flow wp-block-column-is-layout-flow\" style=\"flex-basis:66.66%\">\n<figure class=\"wp-block-image size-full\"><img decoding=\"async\" width=\"1004\" height=\"803\" src=\"https:\/\/domainelesoreades.com\/wp-content\/uploads\/2023\/09\/bebe-location-chaise.webp\" alt=\"bebe location chaise\" class=\"wp-image-6047\" srcset=\"https:\/\/domainelesoreades.com\/wp-content\/uploads\/2023\/09\/bebe-location-chaise.webp 1004w, https:\/\/domainelesoreades.com\/wp-content\/uploads\/2023\/09\/bebe-location-chaise-300x240.webp 300w, https:\/\/domainelesoreades.com\/wp-content\/uploads\/2023\/09\/bebe-location-chaise-768x614.webp 768w\" sizes=\"(max-width: 1004px) 100vw, 1004px\" \/><\/figure>\n<\/div>\n<\/div>\n\n\r\n    <\/div>\r\n<\/section><section id=\"ls-section-block_7063e3869e2668e0eafe4ce593d9960f\" class=\"ls-section  page-maillage has-p-b p-b-14\" >\r\n        <div class=\"container container--wide\">\r\n        \n\n<div id=\"ls-heading ls-titre-div-block_ad32ce1f08225dd66f26db15d626982b\" class=\"ls-titre-div deco h2-like\" >\n    <em>Entdecken Sie unseren Wasserpark, <\/em> <\/br>unsere Unterk\u00fcnfte und unsere Gastronomie!<\/div>\n\n\n<div id=\"ls-maillage-block_4594156bce982dade5761875dd320be7\" class=\"ls-maillage cta-style-normal\" data-rows=\"3\">\n    <div class=\"wp-block-columns\"><div class=\"wp-block-column\"><div class=\"ls-cta \">\n\n<a href=\"https:\/\/domainelesoreades.com\/de\/vermietung-von-ferien-landes\/\" target=\"\" rel=\"noopener\" class=\"ls-cta__link\">\n\n\t<div class=\"ls-cta__image\"><img decoding=\"async\" src=\"https:\/\/domainelesoreades.com\/wp-content\/uploads\/2023\/08\/location-mobil-home-landes.webp\" alt=\"vermietung mobilheim landes\"><\/div>\n\t<div class=\"ls-cta__title\">\n\t\tAlle unsere Unterk\u00fcnfte\t<\/div>\n\t<div class=\"ls-button ls-button--cta\"><span>Entdecken Sie<\/span><i class='oreades-right-arrow'><\/i><\/div>\n\n\t\n\t\t\n<\/a>\n\n\n<\/div><\/div><div class=\"wp-block-column\"><div class=\"ls-cta \">\n\n<a href=\"https:\/\/domainelesoreades.com\/de\/restaurant-in-den-landes\/\" target=\"\" rel=\"noopener\" class=\"ls-cta__link\">\n\n\t<div class=\"ls-cta__image\"><img decoding=\"async\" src=\"https:\/\/domainelesoreades.com\/wp-content\/uploads\/2023\/09\/preparation-en-chuisine-chef.webp\" alt=\"Vorbereitung in der Chefk\u00fcche\"><\/div>\n\t<div class=\"ls-cta__title\">\n\t\tVerpflegung\t<\/div>\n\t<div class=\"ls-button ls-button--cta\"><span>Entdecken Sie<\/span><i class='oreades-right-arrow'><\/i><\/div>\n\n\t\n\t\t\n<\/a>\n\n\n<\/div><\/div><div class=\"wp-block-column\"><div class=\"ls-cta \">\n\n<a href=\"https:\/\/domainelesoreades.com\/de\/camping-pool-landes\/\" target=\"\" rel=\"noopener\" class=\"ls-cta__link\">\n\n\t<div class=\"ls-cta__image\"><img decoding=\"async\" src=\"https:\/\/domainelesoreades.com\/wp-content\/uploads\/2023\/08\/camping-piscine-chauffee-landes.webp\" alt=\"camping beheiztes schwimmbad landes\"><\/div>\n\t<div class=\"ls-cta__title\">\n\t\tWasserraum\t<\/div>\n\t<div class=\"ls-button ls-button--cta\"><span>Entdecken Sie<\/span><i class='oreades-right-arrow'><\/i><\/div>\n\n\t\n\t\t\n<\/a>\n\n\n<\/div><\/div><\/div><\/div>\n\r\n    <\/div>\r\n<\/section>","protected":false},"excerpt":{"rendered":"","protected":false},"author":1,"featured_media":6065,"parent":0,"menu_order":0,"comment_status":"closed","ping_status":"closed","template":"","meta":{"_acf_changed":false,"inline_featured_image":false,"footnotes":""},"sujet":[],"class_list":["post-8969","page","type-page","status-publish","has-post-thumbnail","hentry"],"acf":[],"yoast_head":"<!-- This site is optimized with the Yoast SEO plugin v24.3 - https:\/\/yoast.com\/wordpress\/plugins\/seo\/ -->\n<title>Luxus-Campingplatz Landes: gehobener Service auf unserem Campingplatz in Sanguinet<\/title>\n<meta name=\"robots\" content=\"index, follow, max-snippet:-1, max-image-preview:large, max-video-preview:-1\" \/>\n<link rel=\"canonical\" href=\"https:\/\/domainelesoreades.com\/de\/luxus-campingplatz-landes\/\" \/>\n<meta property=\"og:locale\" content=\"de_DE\" \/>\n<meta property=\"og:type\" content=\"article\" \/>\n<meta property=\"og:title\" content=\"Luxus-Campingplatz Landes: gehobener Service auf unserem Campingplatz in Sanguinet\" \/>\n<meta property=\"og:url\" content=\"https:\/\/domainelesoreades.com\/de\/luxus-campingplatz-landes\/\" \/>\n<meta property=\"og:site_name\" content=\"Domaine des Or\u00e9ades\" \/>\n<meta property=\"article:modified_time\" content=\"2023-10-20T10:01:27+00:00\" \/>\n<meta property=\"og:image\" content=\"https:\/\/domainelesoreades.com\/wp-content\/uploads\/2023\/09\/services-camping-yelloh.webp\" \/>\n\t<meta property=\"og:image:width\" content=\"1903\" \/>\n\t<meta property=\"og:image:height\" content=\"665\" \/>\n\t<meta property=\"og:image:type\" content=\"image\/webp\" \/>\n<meta name=\"twitter:card\" content=\"summary_large_image\" \/>\n<meta name=\"twitter:label1\" content=\"Gesch\u00e4tzte Lesezeit\" \/>\n\t<meta name=\"twitter:data1\" content=\"1\u00a0Minute\" \/>\n<script type=\"application\/ld+json\" class=\"yoast-schema-graph\">{\"@context\":\"https:\/\/schema.org\",\"@graph\":[{\"@type\":\"WebPage\",\"@id\":\"https:\/\/domainelesoreades.com\/de\/luxus-campingplatz-landes\/\",\"url\":\"https:\/\/domainelesoreades.com\/de\/luxus-campingplatz-landes\/\",\"name\":\"Luxus-Campingplatz Landes: gehobener Service auf unserem Campingplatz in Sanguinet\",\"isPartOf\":{\"@id\":\"https:\/\/domainelesoreades.com\/de\/#website\"},\"primaryImageOfPage\":{\"@id\":\"https:\/\/domainelesoreades.com\/de\/luxus-campingplatz-landes\/#primaryimage\"},\"image\":{\"@id\":\"https:\/\/domainelesoreades.com\/de\/luxus-campingplatz-landes\/#primaryimage\"},\"thumbnailUrl\":\"https:\/\/domainelesoreades.com\/wp-content\/uploads\/2023\/09\/services-camping-yelloh.webp\",\"datePublished\":\"2023-08-16T08:38:55+00:00\",\"dateModified\":\"2023-10-20T10:01:27+00:00\",\"breadcrumb\":{\"@id\":\"https:\/\/domainelesoreades.com\/de\/luxus-campingplatz-landes\/#breadcrumb\"},\"inLanguage\":\"de\",\"potentialAction\":[{\"@type\":\"ReadAction\",\"target\":[\"https:\/\/domainelesoreades.com\/de\/luxus-campingplatz-landes\/\"]}]},{\"@type\":\"ImageObject\",\"inLanguage\":\"de\",\"@id\":\"https:\/\/domainelesoreades.com\/de\/luxus-campingplatz-landes\/#primaryimage\",\"url\":\"https:\/\/domainelesoreades.com\/wp-content\/uploads\/2023\/09\/services-camping-yelloh.webp\",\"contentUrl\":\"https:\/\/domainelesoreades.com\/wp-content\/uploads\/2023\/09\/services-camping-yelloh.webp\",\"width\":1903,\"height\":665,\"caption\":\"dienstleistungen camping yelloh\"},{\"@type\":\"BreadcrumbList\",\"@id\":\"https:\/\/domainelesoreades.com\/de\/luxus-campingplatz-landes\/#breadcrumb\",\"itemListElement\":[{\"@type\":\"ListItem\",\"position\":1,\"name\":\"Camping Landes\",\"item\":\"https:\/\/domainelesoreades.com\/de\/\"},{\"@type\":\"ListItem\",\"position\":2,\"name\":\"Dienste\"}]},{\"@type\":\"WebSite\",\"@id\":\"https:\/\/domainelesoreades.com\/de\/#website\",\"url\":\"https:\/\/domainelesoreades.com\/de\/\",\"name\":\"Domaine des Or\u00e9ades\",\"description\":\"\",\"publisher\":{\"@id\":\"https:\/\/domainelesoreades.com\/de\/#organization\"},\"potentialAction\":[{\"@type\":\"SearchAction\",\"target\":{\"@type\":\"EntryPoint\",\"urlTemplate\":\"https:\/\/domainelesoreades.com\/de\/?s={search_term_string}\"},\"query-input\":{\"@type\":\"PropertyValueSpecification\",\"valueRequired\":true,\"valueName\":\"search_term_string\"}}],\"inLanguage\":\"de\"},{\"@type\":\"Organization\",\"@id\":\"https:\/\/domainelesoreades.com\/de\/#organization\",\"name\":\"Domaine des Or\u00e9ades\",\"url\":\"https:\/\/domainelesoreades.com\/de\/\",\"logo\":{\"@type\":\"ImageObject\",\"inLanguage\":\"de\",\"@id\":\"https:\/\/domainelesoreades.com\/de\/#\/schema\/logo\/image\/\",\"url\":\"https:\/\/domainelesoreades.com\/wp-content\/uploads\/2023\/08\/cropped-les-oreades-logo-blc.png\",\"contentUrl\":\"https:\/\/domainelesoreades.com\/wp-content\/uploads\/2023\/08\/cropped-les-oreades-logo-blc.png\",\"width\":490,\"height\":175,\"caption\":\"Domaine des Or\u00e9ades\"},\"image\":{\"@id\":\"https:\/\/domainelesoreades.com\/de\/#\/schema\/logo\/image\/\"}}]}<\/script>\n<!-- \/ Yoast SEO plugin. -->","yoast_head_json":{"title":"Luxus-Campingplatz Landes: gehobener Service auf unserem Campingplatz in Sanguinet","robots":{"index":"index","follow":"follow","max-snippet":"max-snippet:-1","max-image-preview":"max-image-preview:large","max-video-preview":"max-video-preview:-1"},"canonical":"https:\/\/domainelesoreades.com\/de\/luxus-campingplatz-landes\/","og_locale":"de_DE","og_type":"article","og_title":"Luxus-Campingplatz Landes: gehobener Service auf unserem Campingplatz in Sanguinet","og_url":"https:\/\/domainelesoreades.com\/de\/luxus-campingplatz-landes\/","og_site_name":"Domaine des Or\u00e9ades","article_modified_time":"2023-10-20T10:01:27+00:00","og_image":[{"width":1903,"height":665,"url":"https:\/\/domainelesoreades.com\/wp-content\/uploads\/2023\/09\/services-camping-yelloh.webp","type":"image\/webp"}],"twitter_card":"summary_large_image","twitter_misc":{"Gesch\u00e4tzte Lesezeit":"1\u00a0Minute"},"schema":{"@context":"https:\/\/schema.org","@graph":[{"@type":"WebPage","@id":"https:\/\/domainelesoreades.com\/de\/luxus-campingplatz-landes\/","url":"https:\/\/domainelesoreades.com\/de\/luxus-campingplatz-landes\/","name":"Luxus-Campingplatz Landes: gehobener Service auf unserem Campingplatz in Sanguinet","isPartOf":{"@id":"https:\/\/domainelesoreades.com\/de\/#website"},"primaryImageOfPage":{"@id":"https:\/\/domainelesoreades.com\/de\/luxus-campingplatz-landes\/#primaryimage"},"image":{"@id":"https:\/\/domainelesoreades.com\/de\/luxus-campingplatz-landes\/#primaryimage"},"thumbnailUrl":"https:\/\/domainelesoreades.com\/wp-content\/uploads\/2023\/09\/services-camping-yelloh.webp","datePublished":"2023-08-16T08:38:55+00:00","dateModified":"2023-10-20T10:01:27+00:00","breadcrumb":{"@id":"https:\/\/domainelesoreades.com\/de\/luxus-campingplatz-landes\/#breadcrumb"},"inLanguage":"de","potentialAction":[{"@type":"ReadAction","target":["https:\/\/domainelesoreades.com\/de\/luxus-campingplatz-landes\/"]}]},{"@type":"ImageObject","inLanguage":"de","@id":"https:\/\/domainelesoreades.com\/de\/luxus-campingplatz-landes\/#primaryimage","url":"https:\/\/domainelesoreades.com\/wp-content\/uploads\/2023\/09\/services-camping-yelloh.webp","contentUrl":"https:\/\/domainelesoreades.com\/wp-content\/uploads\/2023\/09\/services-camping-yelloh.webp","width":1903,"height":665,"caption":"dienstleistungen camping yelloh"},{"@type":"BreadcrumbList","@id":"https:\/\/domainelesoreades.com\/de\/luxus-campingplatz-landes\/#breadcrumb","itemListElement":[{"@type":"ListItem","position":1,"name":"Camping Landes","item":"https:\/\/domainelesoreades.com\/de\/"},{"@type":"ListItem","position":2,"name":"Dienste"}]},{"@type":"WebSite","@id":"https:\/\/domainelesoreades.com\/de\/#website","url":"https:\/\/domainelesoreades.com\/de\/","name":"Domaine des Or\u00e9ades","description":"","publisher":{"@id":"https:\/\/domainelesoreades.com\/de\/#organization"},"potentialAction":[{"@type":"SearchAction","target":{"@type":"EntryPoint","urlTemplate":"https:\/\/domainelesoreades.com\/de\/?s={search_term_string}"},"query-input":{"@type":"PropertyValueSpecification","valueRequired":true,"valueName":"search_term_string"}}],"inLanguage":"de"},{"@type":"Organization","@id":"https:\/\/domainelesoreades.com\/de\/#organization","name":"Domaine des Or\u00e9ades","url":"https:\/\/domainelesoreades.com\/de\/","logo":{"@type":"ImageObject","inLanguage":"de","@id":"https:\/\/domainelesoreades.com\/de\/#\/schema\/logo\/image\/","url":"https:\/\/domainelesoreades.com\/wp-content\/uploads\/2023\/08\/cropped-les-oreades-logo-blc.png","contentUrl":"https:\/\/domainelesoreades.com\/wp-content\/uploads\/2023\/08\/cropped-les-oreades-logo-blc.png","width":490,"height":175,"caption":"Domaine des Or\u00e9ades"},"image":{"@id":"https:\/\/domainelesoreades.com\/de\/#\/schema\/logo\/image\/"}}]}},"_links":{"self":[{"href":"https:\/\/domainelesoreades.com\/de\/wp-json\/wp\/v2\/pages\/8969","targetHints":{"allow":["GET"]}}],"collection":[{"href":"https:\/\/domainelesoreades.com\/de\/wp-json\/wp\/v2\/pages"}],"about":[{"href":"https:\/\/domainelesoreades.com\/de\/wp-json\/wp\/v2\/types\/page"}],"author":[{"embeddable":true,"href":"https:\/\/domainelesoreades.com\/de\/wp-json\/wp\/v2\/users\/1"}],"replies":[{"embeddable":true,"href":"https:\/\/domainelesoreades.com\/de\/wp-json\/wp\/v2\/comments?post=8969"}],"version-history":[{"count":4,"href":"https:\/\/domainelesoreades.com\/de\/wp-json\/wp\/v2\/pages\/8969\/revisions"}],"predecessor-version":[{"id":12149,"href":"https:\/\/domainelesoreades.com\/de\/wp-json\/wp\/v2\/pages\/8969\/revisions\/12149"}],"wp:featuredmedia":[{"embeddable":true,"href":"https:\/\/domainelesoreades.com\/de\/wp-json\/wp\/v2\/media\/6065"}],"wp:attachment":[{"href":"https:\/\/domainelesoreades.com\/de\/wp-json\/wp\/v2\/media?parent=8969"}],"wp:term":[{"taxonomy":"sujet","embeddable":true,"href":"https:\/\/domainelesoreades.com\/de\/wp-json\/wp\/v2\/sujet?post=8969"}],"curies":[{"name":"wp","href":"https:\/\/api.w.org\/{rel}","templated":true}]}}