{"id":8981,"date":"2023-08-03T14:40:30","date_gmt":"2023-08-03T12:40:30","guid":{"rendered":"https:\/\/domainelesoreades.com\/kontakt\/"},"modified":"2025-02-27T16:55:38","modified_gmt":"2025-02-27T15:55:38","slug":"kontakt","status":"publish","type":"page","link":"https:\/\/domainelesoreades.com\/de\/kontakt\/","title":{"rendered":"Kontakt &amp; Infos"},"content":{"rendered":"<section id=\"ls-section-block_39ae4df702dab383a68960949f3c88f9\" class=\"ls-section  page-intro\" >\r\n        <div class=\"container \">\r\n        \n\n<h1 class=\"ls__heading wp-block-heading has-text-align-center\">Kontakt zur Domaine Les Or\u00e9ades<\/h1>\n\n\n\n<p class=\"ls-paragraph has-text-align-center\"><a href=\"https:\/\/domainelesoreades.com\/de\/\">Yelloh! Dorf Domaine Les Or\u00e9ades<\/a>  empf\u00e4ngt Sie vom <strong>02. April bis zum 20. September 2025<\/strong>.<\/p>\n\n\r\n    <\/div>\r\n<\/section><section id=\"ls-section-block_78e356d8d585bfb5679adf288db7adb9\" class=\"ls-section  page-one has-m-t m-t-0 has-p-t p-t-0\" >\r\n        <div class=\"container container--wide\">\r\n        \n\n<div class=\"wp-block-columns page-one is-layout-flex wp-container-core-columns-is-layout-9d6595d7 wp-block-columns-is-layout-flex\">\n<div class=\"wp-block-column is-layout-flow wp-block-column-is-layout-flow\">\n<h2 class=\"ls__heading wp-block-heading deco\">Kontaktdaten<\/h2>\n\n\n\n<div id=\"ls-infos-block_da61b1de3825475887fe8d13ce9bfaf3\" class=\"ls-infos has-m-b m-b-7\">\n    \n    <div class=\"ls-infos__content\">\n\n        <div class=\"ls-infos__phone\">\n                        \n                        <i class=\"oreades-phone-call-02\"><\/i> +33 5 58 78 60 79            \n        <\/div>\n        <div class=\"ls-infos__mail\">\n            <i class=\"fas fa-envelope\"><\/i> contact@domainelesoreades.com        <\/div>\n\n        <div class=\"ls-infos__adresse\">\n            <i class='fas fa-map-marker-alt'><\/i>\n            <div class=\"ls-infos__adresse--content\">\n                602 chemin de Sabas <br \/>\n                40460                Sanguinet            <\/div>\n        <\/div>\n    <\/div>\n<\/div>\n\n\n<h2 class=\"ls__heading wp-block-heading has-text-align-left deco\">\u00d6ffnungszeiten Empfang<\/h2>\n\n\n\n<p class=\"ls-paragraph has-text-align-left\"><strong>In der Nebensaison:<\/strong><br\/>Montag bis Donnerstag: 9h &#8211; 12h \/ 14h &#8211; 18h<br\/>Freitag: 9h &#8211; 12h \/ 14h &#8211; 19h<br\/>Samstag: 8h &#8211; 20h <br\/>Sonntag: 9h-12h \/ 14h-18h<\/p>\n\n\n\n<p class=\"ls-paragraph has-text-align-left\"><strong>In der Hochsaison (Juli \/ August):<\/strong><br\/>T\u00e4glich: 8:00 &#8211; 20:00 Uhr<\/p>\n<\/div>\n\n\n\n<div class=\"wp-block-column is-layout-flow wp-block-column-is-layout-flow\">\n<div class=\"wp-block-contact-form-7-contact-form-selector\">\n<div class=\"wpcf7 no-js\" id=\"wpcf7-f8864-o1\" lang=\"de-DE\" dir=\"ltr\" data-wpcf7-id=\"8864\">\n<div class=\"screen-reader-response\"><p role=\"status\" aria-live=\"polite\" aria-atomic=\"true\"><\/p> <ul><\/ul><\/div>\n<form action=\"\/de\/wp-json\/wp\/v2\/pages\/8981#wpcf7-f8864-o1\" method=\"post\" class=\"wpcf7-form init\" aria-label=\"Kontaktformular\" novalidate=\"novalidate\" data-status=\"init\">\n<div style=\"display: none;\">\n<input type=\"hidden\" name=\"_wpcf7\" value=\"8864\" \/>\n<input type=\"hidden\" name=\"_wpcf7_version\" value=\"6.0.3\" \/>\n<input type=\"hidden\" name=\"_wpcf7_locale\" value=\"de_DE\" \/>\n<input type=\"hidden\" name=\"_wpcf7_unit_tag\" value=\"wpcf7-f8864-o1\" \/>\n<input type=\"hidden\" name=\"_wpcf7_container_post\" value=\"0\" \/>\n<input type=\"hidden\" name=\"_wpcf7_posted_data_hash\" value=\"\" \/>\n<input type=\"hidden\" name=\"_wpcf7_recaptcha_response\" value=\"\" \/>\n<\/div>\n<p><label> Ihr Name<br \/>\n<span class=\"wpcf7-form-control-wrap\" data-name=\"your-name\"><input size=\"40\" maxlength=\"400\" class=\"wpcf7-form-control wpcf7-text wpcf7-validates-as-required\" aria-required=\"true\" aria-invalid=\"false\" value=\"\" type=\"text\" name=\"your-name\" \/><\/span> <\/label>\n<\/p>\n<p><label> Deine E-Mail<br \/>\n<span class=\"wpcf7-form-control-wrap\" data-name=\"your-email\"><input size=\"40\" maxlength=\"400\" class=\"wpcf7-form-control wpcf7-email wpcf7-validates-as-required wpcf7-text wpcf7-validates-as-email\" aria-required=\"true\" aria-invalid=\"false\" value=\"\" type=\"email\" name=\"your-email\" \/><\/span> <\/label>\n<\/p>\n<p><label> Thema<br \/>\n<span class=\"wpcf7-form-control-wrap\" data-name=\"your-subject\"><input size=\"40\" maxlength=\"400\" class=\"wpcf7-form-control wpcf7-text wpcf7-validates-as-required\" aria-required=\"true\" aria-invalid=\"false\" value=\"\" type=\"text\" name=\"your-subject\" \/><\/span> <\/label>\n<\/p>\n<p><label> Nachricht<br \/>\n<span class=\"wpcf7-form-control-wrap\" data-name=\"your-message\"><textarea cols=\"40\" rows=\"10\" maxlength=\"2000\" class=\"wpcf7-form-control wpcf7-textarea\" aria-invalid=\"false\" name=\"your-message\"><\/textarea><\/span> <\/label>\n<\/p>\n<p><span class=\"wpcf7-form-control-wrap\" data-name=\"acceptance-553\"><span class=\"wpcf7-form-control wpcf7-acceptance\"><span class=\"wpcf7-list-item\"><label><input type=\"checkbox\" name=\"acceptance-553\" value=\"1\" aria-invalid=\"false\" \/><span class=\"wpcf7-list-item-label\">Indem ich dieses K\u00e4stchen ankreuze, stimme ich der <a href=\"\/de\/datenschutzrichtlinie\/\" rel=\"nofollow\" target=\"_blank\">Datenschutzrichtlinie<\/a> dieser Website zu.<\/span><\/label><\/span><\/span><\/span><br \/>\n<input class=\"wpcf7-form-control wpcf7-submit has-spinner\" type=\"submit\" value=\"Senden Sie\" \/>\n<\/p><input type='hidden' class='wpcf7-pum' value='{\"closepopup\":false,\"closedelay\":0,\"openpopup\":false,\"openpopup_id\":0}' \/><div class=\"wpcf7-response-output\" aria-hidden=\"true\"><\/div>\n<\/form>\n<\/div>\n<\/div>\n<\/div>\n<\/div>\n\n\r\n    <\/div>\r\n<\/section><section id=\"ls-section-block_fad71ee1aa893252758e0d3d3c8a4d3c\" class=\"ls-section  page-three has-background has-color-4-background-color has-p-t p-t-14 has-p-b p-b-5\" >\r\n        <div class=\"container container--wide\">\r\n        \n\n<div class=\"wp-block-columns page-one is-layout-flex wp-container-core-columns-is-layout-9d6595d7 wp-block-columns-is-layout-flex\">\n<div class=\"wp-block-column is-layout-flow wp-block-column-is-layout-flow\">\n<h2 class=\"ls__heading wp-block-heading deco\">Wie kann ich <em>kommen <\/em>?<\/h2>\n\n\n\n<p class=\"ls-paragraph\">Sanguinet ist ein h\u00fcbsches Dorf mit 3000 Einwohnern, das an der Grenze zwischen den Departements Gironde und Landes im Gebiet von Bisca Grands Lacs liegt.<\/p>\n\n\n\n<p class=\"ls-paragraph\"><strong>Campingplatz Yelloh! Village Domaine Les Or\u00e9ades*****<\/strong><br\/>602 chemin de Sabas<br\/>40 460 Sanguinet<\/p>\n<\/div>\n\n\n\n<div class=\"wp-block-column is-layout-flow wp-block-column-is-layout-flow\">\n<h2 class=\"ls__heading wp-block-heading deco\">Zugang<\/h2>\n\n\n\n<p class=\"ls-paragraph\"><strong>Mit dem Zug:<\/strong> Bahnhof Biganos Facture in 23 km Entfernung<br\/><strong>Mit dem Auto:<\/strong> \u00fcber die A10 oder A20<br\/><strong>Mit dem Flugzeug:<\/strong> Flughafen Bordeaux (M\u00e9rignac) in 60 km Entfernung<\/p>\n\n\n\n<p class=\"ls-paragraph\">GPS-Koordinaten:<strong> 44.4954210382612, -1.0773811885188287<\/strong><\/p>\n<\/div>\n<\/div>\n\n\r\n    <\/div>\r\n<\/section>\n<iframe src=\"https:\/\/www.google.com\/maps\/embed?pb=!1m18!1m12!1m3!1d306331.60474209825!2d-1.3373249122021764!3d44.49407067687869!2m3!1f0!2f0!3f0!3m2!1i1024!2i768!4f13.1!3m3!1m2!1s0xd5485962ef0f269%3A0x3d1de069462eef03!2sCamping%20Domaine%20Les%20Or%C3%A9ades!5e0!3m2!1sfr!2sfr!4v1695281631454!5m2!1sfr!2sfr\" width=\"100%\" height=\"550\" style=\"border:0;\" allowfullscreen=\"\" loading=\"lazy\" referrerpolicy=\"no-referrer-when-downgrade\"><\/iframe>\n<section id=\"ls-section-block_9b081bd7e62bd3908e58055ae43336ec\" class=\"ls-section  page-one has-p-t p-t-14 has-p-b p-b-14\" >\r\n        <div class=\"container container--wide\">\r\n        \n\n<div class=\"wp-block-columns is-layout-flex wp-container-core-columns-is-layout-9d6595d7 wp-block-columns-is-layout-flex\">\n<div class=\"wp-block-column is-layout-flow wp-block-column-is-layout-flow\" style=\"flex-basis:66.66%\">\n<figure class=\"wp-block-image size-full\"><img decoding=\"async\" width=\"1000\" height=\"667\" src=\"https:\/\/domainelesoreades.com\/wp-content\/uploads\/2023\/09\/equipe-accueil-yelloh-village-camping.webp\" alt=\"empfangsteam yelloh village camping\" class=\"wp-image-5907\" srcset=\"https:\/\/domainelesoreades.com\/wp-content\/uploads\/2023\/09\/equipe-accueil-yelloh-village-camping.webp 1000w, https:\/\/domainelesoreades.com\/wp-content\/uploads\/2023\/09\/equipe-accueil-yelloh-village-camping-300x200.webp 300w, https:\/\/domainelesoreades.com\/wp-content\/uploads\/2023\/09\/equipe-accueil-yelloh-village-camping-768x512.webp 768w\" sizes=\"(max-width: 1000px) 100vw, 1000px\" \/><\/figure>\n<\/div>\n\n\n\n<div class=\"wp-block-column is-vertically-aligned-center is-layout-flow wp-block-column-is-layout-flow\" style=\"flex-basis:33.33%\">\n<h2 class=\"ls__heading wp-block-heading deco\">Ihre Ankunft, Ihre Abreise und die <em>Schl\u00fcssel\u00fcbergabe<\/em><\/h2>\n\n\n\n<p class=\"ls-paragraph\"><strong>Um Zeit zu sparen und Ihre Anreise am Tag X zu vereinfachen: Kontaktieren Sie den Campingplatz, um sich vorab anzumelden!<\/strong><\/p>\n\n\n\n<p class=\"ls-paragraph\">Die Unterk\u00fcnfte stehen ab 16.00 Uhr bis 20.00 Uhr (Samstag, Sonntag und Mittwoch im Juli\/August) am Tag Ihrer Ankunft zur Verf\u00fcgung.<br\/><br\/>Sie m\u00fcssen bis 10.00 Uhr am Tag der Abreise ger\u00e4umt werden.<\/p>\n\n\n\n<p class=\"ls-paragraph\">Bei einer Ankunft nach 20.00 Uhr m\u00fcssen Sie unbedingt die Rezeption informieren.<\/p>\n\n\n\n<p class=\"ls-paragraph\">Die <a href=\"https:\/\/domainelesoreades.com\/de\/vermietung-mobil-home-landes\/\">Mobilheime Landes<\/a> werden 24 Stunden nach dem geplanten Ankunftsdatum aufbewahrt.<br\/><br\/>Nach Ablauf dieser Frist sind sie nicht mehr f\u00fcr Sie reserviert und die gesamten Kosten f\u00fcr Ihren Aufenthalt werden einbehalten.<\/p>\n\n\n\n<p class=\"ls-paragraph\">Die Abreise ist samstags, sonntags und mittwochs vor 10.00 Uhr vorgesehen.<\/p>\n<\/div>\n<\/div>\n\n\r\n    <\/div>\r\n<\/section><section id=\"ls-section-block_0c947db05deb26d2a21bd9b777b698d5\" class=\"ls-section  page-one\" >\r\n        <div class=\"container container--wide\">\r\n        \n\n<div class=\"wp-block-columns is-layout-flex wp-container-core-columns-is-layout-9d6595d7 wp-block-columns-is-layout-flex\">\n<div class=\"wp-block-column is-vertically-aligned-center is-layout-flow wp-block-column-is-layout-flow\" style=\"flex-basis:33.33%\">\n<h2 class=\"ls__heading wp-block-heading deco\">Optionen<\/h2>\n\n\n\n<p class=\"ls-paragraph\"><strong>Vor Ort zu zahlende Kaution:<\/strong> Bei der Ankunft wird eine Kaution von 100\u20ac verlangt.<br\/><br\/>Sie wird Ihnen bei Ihrer Abreise nach Inventar und Sauberkeitskontrolle in Ihrer Anwesenheit oder per Post und E-Mail im Falle einer Kontrolle nach Ihrer Abreise zur\u00fcckerstattet. Die Reinigung muss von Ihnen \u00fcbernommen werden (au\u00dfer bei den Unterk\u00fcnften &#8222;Pagoden und Fischerh\u00fctten Premium&#8220;, bei denen die Reinigungspauschale inbegriffen ist). Die Unterkunft muss am Tag der Abreise in einem sauberen Zustand hinterlassen werden. Andernfalls wird eine vollst\u00e4ndige Reinigung mit 150\u20ac berechnet. Bei Ihrer Ankunft haben Sie 24 Stunden Zeit, um Ihre Unterkunft zu \u00fcberpr\u00fcfen und etwaige Probleme an der Rezeption zu melden.<\/p>\n\n\n\n<p class=\"ls-paragraph\"><strong>Kurtaxe (vor Ort zu zahlen):<\/strong> 0.89\u20ac\/Tag\/Person + 18 Jahre<\/p>\n\n\n\n<p class=\"ls-paragraph\"><strong>Eco-participation (vor Ort zu zahlen):<\/strong> 0.50\u20ac\/Person\/Nacht <strong>Tiere (vor Ort zu zahlen) :<\/strong> Ein einziges Tier (Impfpass erforderlich) ist in den Unterk\u00fcnften<strong>(au\u00dfer Premiumreihe<\/strong>) gegen eine Geb\u00fchr von 6\u20ac pro Nacht, d.h. 35\u20ac pro Woche, erlaubt. Es muss an der Leine gef\u00fchrt werden und darf niemals allein, auch nicht angebunden, auf dem Stellplatz oder in der Unterkunft zur\u00fcckgelassen werden.<\/p>\n\n\n\n<p class=\"ls-paragraph\">Hunde der 1. und 2. Kategorie sind auf dem Campingplatz verboten.<\/p>\n<\/div>\n\n\n\n<div class=\"wp-block-column is-layout-flow wp-block-column-is-layout-flow\" style=\"flex-basis:66.66%\">\n<figure class=\"wp-block-image size-full\"><img decoding=\"async\" width=\"1200\" height=\"900\" src=\"https:\/\/domainelesoreades.com\/wp-content\/uploads\/2023\/09\/double-piscine-camping.webp\" alt=\"doppelter Pool Camping\" class=\"wp-image-6483\" srcset=\"https:\/\/domainelesoreades.com\/wp-content\/uploads\/2023\/09\/double-piscine-camping.webp 1200w, https:\/\/domainelesoreades.com\/wp-content\/uploads\/2023\/09\/double-piscine-camping-300x225.webp 300w, https:\/\/domainelesoreades.com\/wp-content\/uploads\/2023\/09\/double-piscine-camping-1024x768.webp 1024w, https:\/\/domainelesoreades.com\/wp-content\/uploads\/2023\/09\/double-piscine-camping-768x576.webp 768w\" sizes=\"(max-width: 1200px) 100vw, 1200px\" \/><\/figure>\n<\/div>\n<\/div>\n\n\r\n    <\/div>\r\n<\/section><section id=\"ls-section-block_f8337ce6bcb2ba922d3e611f52098a30\" class=\"ls-section  page-three has-background has-color-4-background-color has-p-t p-t-14 has-p-b p-b-14\" >\r\n        <div class=\"container container--wide\">\r\n        \n\n<div class=\"wp-block-columns is-layout-flex wp-container-core-columns-is-layout-9d6595d7 wp-block-columns-is-layout-flex\">\n<div class=\"wp-block-column is-layout-flow wp-block-column-is-layout-flow\">\n<h2 class=\"ls__heading wp-block-heading has-text-align-center deco-top-center\"><strong>Zu beachten:<\/strong><\/h2>\n\n\n\n<p class=\"ls-paragraph has-text-align-center\">Minderj\u00e4hrige, die nicht von ihren Eltern begleitet werden, sind auf dem Gel\u00e4nde nicht erlaubt.<\/p>\n\n\n\n<p class=\"ls-paragraph has-text-align-center\">Eine Mietstruktur wird namentlich vermietet und darf unter keinen Umst\u00e4nden untervermietet werden.<\/p>\n\n\n\n<p class=\"ls-paragraph has-text-align-center\">Jede Person, die nicht auf dem Mietvertrag eingetragen ist, wird als Zuschlag zum Pauschalpreis betrachtet (siehe g\u00fcltiger Campingplatztarif).<\/p>\n\n\n\n<p class=\"ls-paragraph has-text-align-center\">Badeshorts sind im gesamten<a href=\"https:\/\/domainelesoreades.com\/de\/camping-pool-landes\/\">Wasserbereich des Campingplatzes in den Landes<\/a> verboten. Es sind nur Badeslips (oder Shortys) erlaubt.<\/p>\n\n\n\n<p class=\"ls-paragraph has-text-align-center\">Alle Kinder unter 8 Jahren sowie Kinder, die nicht schwimmen k\u00f6nnen, m\u00fcssen von einem Erwachsenen begleitet werden, um Zugang zum Wasserbereich zu erhalten.<\/p>\n\n\n\n<p class=\"ls-paragraph has-text-align-center\">Traditionelle Grills sind verboten. Gasplancha sind an der Rezeption zu mieten.<\/p>\n\n\n\n<p class=\"ls-paragraph has-text-align-center\">Alle Personen, die sich in Les Or\u00e9ades aufhalten, m\u00fcssen die Regeln und Pflichten des Campingplatzes einhalten (Hausordnung auf Anfrage erh\u00e4ltlich und am Eingang des Anwesens ausgeh\u00e4ngt).<\/p>\n<\/div>\n<\/div>\n\n\r\n    <\/div>\r\n<\/section>","protected":false},"excerpt":{"rendered":"","protected":false},"author":1,"featured_media":8752,"parent":0,"menu_order":0,"comment_status":"closed","ping_status":"closed","template":"","meta":{"_acf_changed":false,"inline_featured_image":false,"footnotes":""},"sujet":[],"class_list":["post-8981","page","type-page","status-publish","has-post-thumbnail","hentry"],"acf":[],"yoast_head":"<!-- This site is optimized with the Yoast SEO plugin v24.3 - https:\/\/yoast.com\/wordpress\/plugins\/seo\/ -->\n<title>Kontaktieren Sie die Domaine des Or\u00e9ades: Anreise nach Sanguinet in den Landes<\/title>\n<meta name=\"robots\" content=\"index, follow, max-snippet:-1, max-image-preview:large, max-video-preview:-1\" \/>\n<link rel=\"canonical\" href=\"https:\/\/domainelesoreades.com\/de\/kontakt\/\" \/>\n<meta property=\"og:locale\" content=\"de_DE\" \/>\n<meta property=\"og:type\" content=\"article\" \/>\n<meta property=\"og:title\" content=\"Kontaktieren Sie die Domaine des Or\u00e9ades: Anreise nach Sanguinet in den Landes\" \/>\n<meta property=\"og:url\" content=\"https:\/\/domainelesoreades.com\/de\/kontakt\/\" \/>\n<meta property=\"og:site_name\" content=\"Domaine des Or\u00e9ades\" \/>\n<meta property=\"article:modified_time\" content=\"2025-02-27T15:55:38+00:00\" \/>\n<meta property=\"og:image\" content=\"https:\/\/domainelesoreades.com\/wp-content\/uploads\/2023\/09\/Reception-camping-oreades-landes.webp\" \/>\n\t<meta property=\"og:image:width\" content=\"2000\" \/>\n\t<meta property=\"og:image:height\" content=\"1333\" \/>\n\t<meta property=\"og:image:type\" content=\"image\/webp\" \/>\n<meta name=\"twitter:card\" content=\"summary_large_image\" \/>\n<meta name=\"twitter:label1\" content=\"Gesch\u00e4tzte Lesezeit\" \/>\n\t<meta name=\"twitter:data1\" content=\"3\u00a0Minuten\" \/>\n<script type=\"application\/ld+json\" class=\"yoast-schema-graph\">{\"@context\":\"https:\/\/schema.org\",\"@graph\":[{\"@type\":\"WebPage\",\"@id\":\"https:\/\/domainelesoreades.com\/de\/kontakt\/\",\"url\":\"https:\/\/domainelesoreades.com\/de\/kontakt\/\",\"name\":\"Kontaktieren Sie die Domaine des Or\u00e9ades: Anreise nach Sanguinet in den Landes\",\"isPartOf\":{\"@id\":\"https:\/\/domainelesoreades.com\/de\/#website\"},\"primaryImageOfPage\":{\"@id\":\"https:\/\/domainelesoreades.com\/de\/kontakt\/#primaryimage\"},\"image\":{\"@id\":\"https:\/\/domainelesoreades.com\/de\/kontakt\/#primaryimage\"},\"thumbnailUrl\":\"https:\/\/domainelesoreades.com\/wp-content\/uploads\/2023\/09\/Reception-camping-oreades-landes.webp\",\"datePublished\":\"2023-08-03T12:40:30+00:00\",\"dateModified\":\"2025-02-27T15:55:38+00:00\",\"breadcrumb\":{\"@id\":\"https:\/\/domainelesoreades.com\/de\/kontakt\/#breadcrumb\"},\"inLanguage\":\"de\",\"potentialAction\":[{\"@type\":\"ReadAction\",\"target\":[\"https:\/\/domainelesoreades.com\/de\/kontakt\/\"]}]},{\"@type\":\"ImageObject\",\"inLanguage\":\"de\",\"@id\":\"https:\/\/domainelesoreades.com\/de\/kontakt\/#primaryimage\",\"url\":\"https:\/\/domainelesoreades.com\/wp-content\/uploads\/2023\/09\/Reception-camping-oreades-landes.webp\",\"contentUrl\":\"https:\/\/domainelesoreades.com\/wp-content\/uploads\/2023\/09\/Reception-camping-oreades-landes.webp\",\"width\":2000,\"height\":1333,\"caption\":\"Empfang Camping or\u00e9ades landes\"},{\"@type\":\"BreadcrumbList\",\"@id\":\"https:\/\/domainelesoreades.com\/de\/kontakt\/#breadcrumb\",\"itemListElement\":[{\"@type\":\"ListItem\",\"position\":1,\"name\":\"Camping Landes\",\"item\":\"https:\/\/domainelesoreades.com\/de\/\"},{\"@type\":\"ListItem\",\"position\":2,\"name\":\"Kontakt &amp; Infos\"}]},{\"@type\":\"WebSite\",\"@id\":\"https:\/\/domainelesoreades.com\/de\/#website\",\"url\":\"https:\/\/domainelesoreades.com\/de\/\",\"name\":\"Domaine des Or\u00e9ades\",\"description\":\"\",\"publisher\":{\"@id\":\"https:\/\/domainelesoreades.com\/de\/#organization\"},\"potentialAction\":[{\"@type\":\"SearchAction\",\"target\":{\"@type\":\"EntryPoint\",\"urlTemplate\":\"https:\/\/domainelesoreades.com\/de\/?s={search_term_string}\"},\"query-input\":{\"@type\":\"PropertyValueSpecification\",\"valueRequired\":true,\"valueName\":\"search_term_string\"}}],\"inLanguage\":\"de\"},{\"@type\":\"Organization\",\"@id\":\"https:\/\/domainelesoreades.com\/de\/#organization\",\"name\":\"Domaine des Or\u00e9ades\",\"url\":\"https:\/\/domainelesoreades.com\/de\/\",\"logo\":{\"@type\":\"ImageObject\",\"inLanguage\":\"de\",\"@id\":\"https:\/\/domainelesoreades.com\/de\/#\/schema\/logo\/image\/\",\"url\":\"https:\/\/domainelesoreades.com\/wp-content\/uploads\/2023\/08\/cropped-les-oreades-logo-blc.png\",\"contentUrl\":\"https:\/\/domainelesoreades.com\/wp-content\/uploads\/2023\/08\/cropped-les-oreades-logo-blc.png\",\"width\":490,\"height\":175,\"caption\":\"Domaine des Or\u00e9ades\"},\"image\":{\"@id\":\"https:\/\/domainelesoreades.com\/de\/#\/schema\/logo\/image\/\"}}]}<\/script>\n<!-- \/ Yoast SEO plugin. -->","yoast_head_json":{"title":"Kontaktieren Sie die Domaine des Or\u00e9ades: Anreise nach Sanguinet in den Landes","robots":{"index":"index","follow":"follow","max-snippet":"max-snippet:-1","max-image-preview":"max-image-preview:large","max-video-preview":"max-video-preview:-1"},"canonical":"https:\/\/domainelesoreades.com\/de\/kontakt\/","og_locale":"de_DE","og_type":"article","og_title":"Kontaktieren Sie die Domaine des Or\u00e9ades: Anreise nach Sanguinet in den Landes","og_url":"https:\/\/domainelesoreades.com\/de\/kontakt\/","og_site_name":"Domaine des Or\u00e9ades","article_modified_time":"2025-02-27T15:55:38+00:00","og_image":[{"width":2000,"height":1333,"url":"https:\/\/domainelesoreades.com\/wp-content\/uploads\/2023\/09\/Reception-camping-oreades-landes.webp","type":"image\/webp"}],"twitter_card":"summary_large_image","twitter_misc":{"Gesch\u00e4tzte Lesezeit":"3\u00a0Minuten"},"schema":{"@context":"https:\/\/schema.org","@graph":[{"@type":"WebPage","@id":"https:\/\/domainelesoreades.com\/de\/kontakt\/","url":"https:\/\/domainelesoreades.com\/de\/kontakt\/","name":"Kontaktieren Sie die Domaine des Or\u00e9ades: Anreise nach Sanguinet in den Landes","isPartOf":{"@id":"https:\/\/domainelesoreades.com\/de\/#website"},"primaryImageOfPage":{"@id":"https:\/\/domainelesoreades.com\/de\/kontakt\/#primaryimage"},"image":{"@id":"https:\/\/domainelesoreades.com\/de\/kontakt\/#primaryimage"},"thumbnailUrl":"https:\/\/domainelesoreades.com\/wp-content\/uploads\/2023\/09\/Reception-camping-oreades-landes.webp","datePublished":"2023-08-03T12:40:30+00:00","dateModified":"2025-02-27T15:55:38+00:00","breadcrumb":{"@id":"https:\/\/domainelesoreades.com\/de\/kontakt\/#breadcrumb"},"inLanguage":"de","potentialAction":[{"@type":"ReadAction","target":["https:\/\/domainelesoreades.com\/de\/kontakt\/"]}]},{"@type":"ImageObject","inLanguage":"de","@id":"https:\/\/domainelesoreades.com\/de\/kontakt\/#primaryimage","url":"https:\/\/domainelesoreades.com\/wp-content\/uploads\/2023\/09\/Reception-camping-oreades-landes.webp","contentUrl":"https:\/\/domainelesoreades.com\/wp-content\/uploads\/2023\/09\/Reception-camping-oreades-landes.webp","width":2000,"height":1333,"caption":"Empfang Camping or\u00e9ades landes"},{"@type":"BreadcrumbList","@id":"https:\/\/domainelesoreades.com\/de\/kontakt\/#breadcrumb","itemListElement":[{"@type":"ListItem","position":1,"name":"Camping Landes","item":"https:\/\/domainelesoreades.com\/de\/"},{"@type":"ListItem","position":2,"name":"Kontakt &amp; Infos"}]},{"@type":"WebSite","@id":"https:\/\/domainelesoreades.com\/de\/#website","url":"https:\/\/domainelesoreades.com\/de\/","name":"Domaine des Or\u00e9ades","description":"","publisher":{"@id":"https:\/\/domainelesoreades.com\/de\/#organization"},"potentialAction":[{"@type":"SearchAction","target":{"@type":"EntryPoint","urlTemplate":"https:\/\/domainelesoreades.com\/de\/?s={search_term_string}"},"query-input":{"@type":"PropertyValueSpecification","valueRequired":true,"valueName":"search_term_string"}}],"inLanguage":"de"},{"@type":"Organization","@id":"https:\/\/domainelesoreades.com\/de\/#organization","name":"Domaine des Or\u00e9ades","url":"https:\/\/domainelesoreades.com\/de\/","logo":{"@type":"ImageObject","inLanguage":"de","@id":"https:\/\/domainelesoreades.com\/de\/#\/schema\/logo\/image\/","url":"https:\/\/domainelesoreades.com\/wp-content\/uploads\/2023\/08\/cropped-les-oreades-logo-blc.png","contentUrl":"https:\/\/domainelesoreades.com\/wp-content\/uploads\/2023\/08\/cropped-les-oreades-logo-blc.png","width":490,"height":175,"caption":"Domaine des Or\u00e9ades"},"image":{"@id":"https:\/\/domainelesoreades.com\/de\/#\/schema\/logo\/image\/"}}]}},"_links":{"self":[{"href":"https:\/\/domainelesoreades.com\/de\/wp-json\/wp\/v2\/pages\/8981","targetHints":{"allow":["GET"]}}],"collection":[{"href":"https:\/\/domainelesoreades.com\/de\/wp-json\/wp\/v2\/pages"}],"about":[{"href":"https:\/\/domainelesoreades.com\/de\/wp-json\/wp\/v2\/types\/page"}],"author":[{"embeddable":true,"href":"https:\/\/domainelesoreades.com\/de\/wp-json\/wp\/v2\/users\/1"}],"replies":[{"embeddable":true,"href":"https:\/\/domainelesoreades.com\/de\/wp-json\/wp\/v2\/comments?post=8981"}],"version-history":[{"count":5,"href":"https:\/\/domainelesoreades.com\/de\/wp-json\/wp\/v2\/pages\/8981\/revisions"}],"predecessor-version":[{"id":24654,"href":"https:\/\/domainelesoreades.com\/de\/wp-json\/wp\/v2\/pages\/8981\/revisions\/24654"}],"wp:featuredmedia":[{"embeddable":true,"href":"https:\/\/domainelesoreades.com\/de\/wp-json\/wp\/v2\/media\/8752"}],"wp:attachment":[{"href":"https:\/\/domainelesoreades.com\/de\/wp-json\/wp\/v2\/media?parent=8981"}],"wp:term":[{"taxonomy":"sujet","embeddable":true,"href":"https:\/\/domainelesoreades.com\/de\/wp-json\/wp\/v2\/sujet?post=8981"}],"curies":[{"name":"wp","href":"https:\/\/api.w.org\/{rel}","templated":true}]}}