{"id":9087,"date":"2023-08-16T10:38:40","date_gmt":"2023-08-16T08:38:40","guid":{"rendered":"https:\/\/domainelesoreades.com\/campingplatz-team-landes\/"},"modified":"2023-10-20T13:43:02","modified_gmt":"2023-10-20T11:43:02","slug":"campingplatz-team-landes","status":"publish","type":"page","link":"https:\/\/domainelesoreades.com\/de\/campingplatz-team-landes\/","title":{"rendered":"Unser Team"},"content":{"rendered":"<section id=\"ls-section-block_88aaaa2f233a9b2c3812677da55d1c7d\" class=\"ls-section  page-intro\" >\r\n        <div class=\"container \">\r\n        \n\n<div class=\"wp-block-columns is-layout-flex wp-container-core-columns-is-layout-9d6595d7 wp-block-columns-is-layout-flex\">\n<div class=\"wp-block-column is-layout-flow wp-block-column-is-layout-flow\">\n<h1 class=\"ls__heading wp-block-heading has-text-align-center\">Im Yelloh! Village Domaine Les Or\u00e9ades, wir versprechen Ihnen einen Aufenthalt mit einem L\u00e4cheln im Gesicht!<\/h1>\n\n\n\n<p class=\"ls-paragraph has-text-align-center\">Unsere Teams von Gl\u00fcckshandwerkern setzen alles daran, damit Sie Ihren sch\u00f6nsten Urlaub auf unserem <a href=\"https:\/\/domainelesoreades.com\/de\/\">Campingplatz in den Landes<\/a> erleben k\u00f6nnen. <\/p>\n<\/div>\n<\/div>\n\n\r\n    <\/div>\r\n<\/section><section id=\"ls-section-block_59d2c128610df409a8fa7eb78580bd68\" class=\"ls-section  page-one\" >\r\n        <div class=\"container container--wide\">\r\n        \n\n<div class=\"wp-block-columns is-layout-flex wp-container-core-columns-is-layout-9d6595d7 wp-block-columns-is-layout-flex\">\n<div class=\"wp-block-column is-vertically-aligned-center is-layout-flow wp-block-column-is-layout-flow\" style=\"flex-basis:33.33%\">\n<h2 class=\"ls__heading wp-block-heading deco\">Das <em>Wort <\/em>des Direktors<\/h2>\n\n\n\n<p class=\"ls-paragraph\">Willkommen!<\/p>\n\n\n\n<p class=\"ls-paragraph\">Unser gesamtes Team freut sich sehr, Sie im  <strong>Campingplatz Yelloh! Dorf Domaine Les Or\u00e9ades<\/strong>.<\/p>\n\n\n\n<p class=\"ls-paragraph\">Ob Sie unseren Campingplatz wegen der Modernit\u00e4t und des Komforts unserer Unterk\u00fcnfte oder wegen seiner gr\u00fcnen Umgebung im Herzen des Naturschutzgebiets<strong>des Sanguinet-Sees<\/strong> w\u00e4hlen, wir sind stolz darauf, dass Sie sich in dieser bemerkenswerten Umgebung erholen k\u00f6nnen.<\/p>\n\n\n\n<p class=\"ls-paragraph\">Hier ist alles f\u00fcr Sie vereint: Erholung, Familie, Entdeckung einer <strong>Region, die reich an Sehensw\u00fcrdigkeiten ist, und ein au\u00dfergew\u00f6hnliches Terroir<\/strong>. Wenn ich selbst eine unserer atypischen Unterk\u00fcnfte zwischen Pagoden, H\u00fctten und Mobilheimen w\u00e4hlen m\u00fcsste, w\u00fcrde ich mich f\u00fcr die <strong>Premium-H\u00fctte 147<\/strong> entscheiden!<\/p>\n\n\n\n<p class=\"ls-paragraph\">Seine Ausrichtung und sein Grundst\u00fcck machen es zu einem <strong>einzigartigen und intimen Ort<\/strong>.<br\/><br\/>Ein traumhafter Ort, der \u00fcbrigens schon viele frisch Verheiratete in seinen Bann gezogen hat!<\/p>\n\n\n\n<p class=\"ls-paragraph\">Wie Sie sicher schon bemerkt haben, lieben wir unseren Campingplatz und wir lieben es vor allem, Ihnen <strong>ein unvergessliches Erlebnis<\/strong> zu erm\u00f6glichen!<\/p>\n\n\n\n<p class=\"ls-paragraph\">Laurent Higos<br\/><em>Direktor Domaine Les Or\u00e9ades<\/em><\/p>\n<\/div>\n\n\n\n<div class=\"wp-block-column is-layout-flow wp-block-column-is-layout-flow\" style=\"flex-basis:66.66%\">\n<figure class=\"wp-block-image size-full\"><img decoding=\"async\" width=\"1004\" height=\"670\" src=\"https:\/\/domainelesoreades.com\/wp-content\/uploads\/2023\/09\/oreades-directeur-camping.webp\" alt=\"oreades direktor camping\" class=\"wp-image-5884\" srcset=\"https:\/\/domainelesoreades.com\/wp-content\/uploads\/2023\/09\/oreades-directeur-camping.webp 1004w, https:\/\/domainelesoreades.com\/wp-content\/uploads\/2023\/09\/oreades-directeur-camping-300x200.webp 300w, https:\/\/domainelesoreades.com\/wp-content\/uploads\/2023\/09\/oreades-directeur-camping-768x513.webp 768w\" sizes=\"(max-width: 1004px) 100vw, 1004px\" \/><\/figure>\n<\/div>\n<\/div>\n\n\r\n    <\/div>\r\n<\/section><section id=\"ls-section-block_ee501ba77dce165a32e741ab72d21521\" class=\"ls-section  page-one has-p-t p-t-14 has-p-b p-b-14\" >\r\n        <div class=\"container container--wide\">\r\n        \n\n<div class=\"wp-block-columns is-layout-flex wp-container-core-columns-is-layout-9d6595d7 wp-block-columns-is-layout-flex\">\n<div class=\"wp-block-column is-layout-flow wp-block-column-is-layout-flow\" style=\"flex-basis:66.66%\">\n<figure class=\"wp-block-image size-full\"><img decoding=\"async\" width=\"1200\" height=\"800\" src=\"https:\/\/domainelesoreades.com\/wp-content\/uploads\/2023\/10\/Yelloh-Staff-Oreades.webp\" alt=\"Yelloh Staff Oreades\" class=\"wp-image-11818\" srcset=\"https:\/\/domainelesoreades.com\/wp-content\/uploads\/2023\/10\/Yelloh-Staff-Oreades.webp 1200w, https:\/\/domainelesoreades.com\/wp-content\/uploads\/2023\/10\/Yelloh-Staff-Oreades-300x200.webp 300w, https:\/\/domainelesoreades.com\/wp-content\/uploads\/2023\/10\/Yelloh-Staff-Oreades-1024x683.webp 1024w, https:\/\/domainelesoreades.com\/wp-content\/uploads\/2023\/10\/Yelloh-Staff-Oreades-768x512.webp 768w\" sizes=\"(max-width: 1200px) 100vw, 1200px\" \/><\/figure>\n<\/div>\n\n\n\n<div class=\"wp-block-column is-vertically-aligned-center is-layout-flow wp-block-column-is-layout-flow\" style=\"flex-basis:33.33%\">\n<h2 class=\"ls__heading wp-block-heading deco\">Unser <em>Team<\/em><\/h2>\n\n\n\n<p class=\"ls-paragraph\">Im Alltag  <a href=\"https:\/\/domainelesoreades.com\/de\/yelloh-village-campingplatz\/\">Yelloh! Dorf in Les Landes<\/a>  die Domaine Les Or\u00e9ades ist ein Team von fast <strong>50 professionellen Gl\u00fcckshandwerkern<\/strong>, die sich um Ihren Komfort, Ihr Wohlbefinden, die Instandhaltung des Campingplatzes und die Sicherheit aller k\u00fcmmern.<\/p>\n\n\n\n<p class=\"ls-paragraph\">Die Kinderclubs werden von <strong>kompetenten diplomierten Animateuren<\/strong> betreut, von denen es mindestens zwei pro Altersgruppe gibt.<\/p>\n\n\n\n<p class=\"ls-paragraph\">F\u00fcr Sport- und Freizeitaktivit\u00e4ten erhalten die Betreuer eine spezielle Ausbildung, um sowohl Anf\u00e4ngern als auch erfahrenen Sportlern eine <strong>angemessene Betreuung<\/strong> zu bieten.<\/p>\n\n\n\n<p class=\"ls-paragraph\">Sind Sie bereit f\u00fcr einen <strong>Urlaub mit einem L\u00e4cheln<\/strong> auf den Lippen, f\u00fcr Gro\u00df und Klein?<\/p>\n\n\n\n<p class=\"ls-paragraph\">Buchen Sie jetzt Ihren Aufenthalt bei Yelloh! Village Domaine Les Or\u00e9ades!<\/p>\n<\/div>\n<\/div>\n\n\r\n    <\/div>\r\n<\/section><section id=\"ls-section-block_441f88962eba18b750fae3464336c0d8\" class=\"ls-section  page-maillage has-p-b p-b-14\" >\r\n        <div class=\"container container--wide\">\r\n        \n\n<div id=\"ls-heading ls-titre-div-block_1d48890aff84cad3e4fc73c55050d7a2\" class=\"ls-titre-div deco h2-like\" >\n    <em>Entdecken Sie unsere Aktivit\u00e4ten und Wellness-Momente, <\/em> <\/br>unseren Wasserbereich und unsere Unterk\u00fcnfte!<\/div>\n\n\n<div id=\"ls-maillage-block_3aaa05ad009c54eea0ba166d74aa8f87\" class=\"ls-maillage cta-style-normal\" data-rows=\"3\">\n    <div class=\"wp-block-columns\"><div class=\"wp-block-column\"><div class=\"ls-cta \">\n\n<a href=\"https:\/\/domainelesoreades.com\/de\/vermietung-von-ferien-landes\/\" target=\"\" rel=\"noopener\" class=\"ls-cta__link\">\n\n\t<div class=\"ls-cta__image\"><img decoding=\"async\" src=\"https:\/\/domainelesoreades.com\/wp-content\/uploads\/2023\/08\/location-mobil-home-landes.webp\" alt=\"vermietung mobilheim landes\"><\/div>\n\t<div class=\"ls-cta__title\">\n\t\tAlle unsere Unterk\u00fcnfte\t<\/div>\n\t<div class=\"ls-button ls-button--cta\"><span>Entdecken Sie<\/span><i class='oreades-right-arrow'><\/i><\/div>\n\n\t\n\t\t\n<\/a>\n\n\n<\/div><\/div><div class=\"wp-block-column\"><div class=\"ls-cta \">\n\n<a href=\"https:\/\/domainelesoreades.com\/de\/camping-pool-landes\/\" target=\"\" rel=\"noopener\" class=\"ls-cta__link\">\n\n\t<div class=\"ls-cta__image\"><img decoding=\"async\" src=\"https:\/\/domainelesoreades.com\/wp-content\/uploads\/2023\/08\/camping-piscine-chauffee-landes.webp\" alt=\"camping beheiztes schwimmbad landes\"><\/div>\n\t<div class=\"ls-cta__title\">\n\t\tWasserraum\t<\/div>\n\t<div class=\"ls-button ls-button--cta\"><span>Entdecken Sie<\/span><i class='oreades-right-arrow'><\/i><\/div>\n\n\t\n\t\t\n<\/a>\n\n\n<\/div><\/div><div class=\"wp-block-column\"><div class=\"ls-cta \">\n\n<a href=\"https:\/\/domainelesoreades.com\/de\/camping-animationen-landeskunde\/\" target=\"\" rel=\"noopener\" class=\"ls-cta__link\">\n\n\t<div class=\"ls-cta__image\"><img decoding=\"async\" src=\"https:\/\/domainelesoreades.com\/wp-content\/uploads\/2023\/09\/balade-kayak-activite.webp\" alt=\"Kajakfahrt Aktivit\u00e4t\"><\/div>\n\t<div class=\"ls-cta__title\">\n\t\tAktivit\u00e4ten und Wellness-Momente\t<\/div>\n\t<div class=\"ls-button ls-button--cta\"><span>Entdecken Sie<\/span><i class='oreades-right-arrow'><\/i><\/div>\n\n\t\n\t\t\n<\/a>\n\n\n<\/div><\/div><\/div><\/div>\n\r\n    <\/div>\r\n<\/section>","protected":false},"excerpt":{"rendered":"","protected":false},"author":1,"featured_media":5894,"parent":0,"menu_order":0,"comment_status":"closed","ping_status":"closed","template":"","meta":{"_acf_changed":false,"inline_featured_image":false,"footnotes":""},"sujet":[],"class_list":["post-9087","page","type-page","status-publish","has-post-thumbnail","hentry"],"acf":[],"yoast_head":"<!-- This site is optimized with the Yoast SEO plugin v24.3 - https:\/\/yoast.com\/wordpress\/plugins\/seo\/ -->\n<title>Das Team der Domaine des Or\u00e9ades in den Landes<\/title>\n<meta name=\"robots\" content=\"index, follow, max-snippet:-1, max-image-preview:large, max-video-preview:-1\" \/>\n<link rel=\"canonical\" href=\"https:\/\/domainelesoreades.com\/de\/campingplatz-team-landes\/\" \/>\n<meta property=\"og:locale\" content=\"de_DE\" \/>\n<meta property=\"og:type\" content=\"article\" \/>\n<meta property=\"og:title\" content=\"Das Team der Domaine des Or\u00e9ades in den Landes\" \/>\n<meta property=\"og:url\" content=\"https:\/\/domainelesoreades.com\/de\/campingplatz-team-landes\/\" \/>\n<meta property=\"og:site_name\" content=\"Domaine des Or\u00e9ades\" \/>\n<meta property=\"article:modified_time\" content=\"2023-10-20T11:43:02+00:00\" \/>\n<meta property=\"og:image\" content=\"https:\/\/domainelesoreades.com\/wp-content\/uploads\/2023\/09\/vue-camping-et-lac-depuis-drone.webp\" \/>\n\t<meta property=\"og:image:width\" content=\"1903\" \/>\n\t<meta property=\"og:image:height\" content=\"665\" \/>\n\t<meta property=\"og:image:type\" content=\"image\/webp\" \/>\n<meta name=\"twitter:card\" content=\"summary_large_image\" \/>\n<meta name=\"twitter:label1\" content=\"Gesch\u00e4tzte Lesezeit\" \/>\n\t<meta name=\"twitter:data1\" content=\"2\u00a0Minuten\" \/>\n<script type=\"application\/ld+json\" class=\"yoast-schema-graph\">{\"@context\":\"https:\/\/schema.org\",\"@graph\":[{\"@type\":\"WebPage\",\"@id\":\"https:\/\/domainelesoreades.com\/de\/campingplatz-team-landes\/\",\"url\":\"https:\/\/domainelesoreades.com\/de\/campingplatz-team-landes\/\",\"name\":\"Das Team der Domaine des Or\u00e9ades in den Landes\",\"isPartOf\":{\"@id\":\"https:\/\/domainelesoreades.com\/de\/#website\"},\"primaryImageOfPage\":{\"@id\":\"https:\/\/domainelesoreades.com\/de\/campingplatz-team-landes\/#primaryimage\"},\"image\":{\"@id\":\"https:\/\/domainelesoreades.com\/de\/campingplatz-team-landes\/#primaryimage\"},\"thumbnailUrl\":\"https:\/\/domainelesoreades.com\/wp-content\/uploads\/2023\/09\/vue-camping-et-lac-depuis-drone.webp\",\"datePublished\":\"2023-08-16T08:38:40+00:00\",\"dateModified\":\"2023-10-20T11:43:02+00:00\",\"breadcrumb\":{\"@id\":\"https:\/\/domainelesoreades.com\/de\/campingplatz-team-landes\/#breadcrumb\"},\"inLanguage\":\"de\",\"potentialAction\":[{\"@type\":\"ReadAction\",\"target\":[\"https:\/\/domainelesoreades.com\/de\/campingplatz-team-landes\/\"]}]},{\"@type\":\"ImageObject\",\"inLanguage\":\"de\",\"@id\":\"https:\/\/domainelesoreades.com\/de\/campingplatz-team-landes\/#primaryimage\",\"url\":\"https:\/\/domainelesoreades.com\/wp-content\/uploads\/2023\/09\/vue-camping-et-lac-depuis-drone.webp\",\"contentUrl\":\"https:\/\/domainelesoreades.com\/wp-content\/uploads\/2023\/09\/vue-camping-et-lac-depuis-drone.webp\",\"width\":1903,\"height\":665,\"caption\":\"Blick auf Campingplatz und See von der Drohne aus\"},{\"@type\":\"BreadcrumbList\",\"@id\":\"https:\/\/domainelesoreades.com\/de\/campingplatz-team-landes\/#breadcrumb\",\"itemListElement\":[{\"@type\":\"ListItem\",\"position\":1,\"name\":\"Camping Landes\",\"item\":\"https:\/\/domainelesoreades.com\/de\/\"},{\"@type\":\"ListItem\",\"position\":2,\"name\":\"Unser Team\"}]},{\"@type\":\"WebSite\",\"@id\":\"https:\/\/domainelesoreades.com\/de\/#website\",\"url\":\"https:\/\/domainelesoreades.com\/de\/\",\"name\":\"Domaine des Or\u00e9ades\",\"description\":\"\",\"publisher\":{\"@id\":\"https:\/\/domainelesoreades.com\/de\/#organization\"},\"potentialAction\":[{\"@type\":\"SearchAction\",\"target\":{\"@type\":\"EntryPoint\",\"urlTemplate\":\"https:\/\/domainelesoreades.com\/de\/?s={search_term_string}\"},\"query-input\":{\"@type\":\"PropertyValueSpecification\",\"valueRequired\":true,\"valueName\":\"search_term_string\"}}],\"inLanguage\":\"de\"},{\"@type\":\"Organization\",\"@id\":\"https:\/\/domainelesoreades.com\/de\/#organization\",\"name\":\"Domaine des Or\u00e9ades\",\"url\":\"https:\/\/domainelesoreades.com\/de\/\",\"logo\":{\"@type\":\"ImageObject\",\"inLanguage\":\"de\",\"@id\":\"https:\/\/domainelesoreades.com\/de\/#\/schema\/logo\/image\/\",\"url\":\"https:\/\/domainelesoreades.com\/wp-content\/uploads\/2023\/08\/cropped-les-oreades-logo-blc.png\",\"contentUrl\":\"https:\/\/domainelesoreades.com\/wp-content\/uploads\/2023\/08\/cropped-les-oreades-logo-blc.png\",\"width\":490,\"height\":175,\"caption\":\"Domaine des Or\u00e9ades\"},\"image\":{\"@id\":\"https:\/\/domainelesoreades.com\/de\/#\/schema\/logo\/image\/\"}}]}<\/script>\n<!-- \/ Yoast SEO plugin. -->","yoast_head_json":{"title":"Das Team der Domaine des Or\u00e9ades in den Landes","robots":{"index":"index","follow":"follow","max-snippet":"max-snippet:-1","max-image-preview":"max-image-preview:large","max-video-preview":"max-video-preview:-1"},"canonical":"https:\/\/domainelesoreades.com\/de\/campingplatz-team-landes\/","og_locale":"de_DE","og_type":"article","og_title":"Das Team der Domaine des Or\u00e9ades in den Landes","og_url":"https:\/\/domainelesoreades.com\/de\/campingplatz-team-landes\/","og_site_name":"Domaine des Or\u00e9ades","article_modified_time":"2023-10-20T11:43:02+00:00","og_image":[{"width":1903,"height":665,"url":"https:\/\/domainelesoreades.com\/wp-content\/uploads\/2023\/09\/vue-camping-et-lac-depuis-drone.webp","type":"image\/webp"}],"twitter_card":"summary_large_image","twitter_misc":{"Gesch\u00e4tzte Lesezeit":"2\u00a0Minuten"},"schema":{"@context":"https:\/\/schema.org","@graph":[{"@type":"WebPage","@id":"https:\/\/domainelesoreades.com\/de\/campingplatz-team-landes\/","url":"https:\/\/domainelesoreades.com\/de\/campingplatz-team-landes\/","name":"Das Team der Domaine des Or\u00e9ades in den Landes","isPartOf":{"@id":"https:\/\/domainelesoreades.com\/de\/#website"},"primaryImageOfPage":{"@id":"https:\/\/domainelesoreades.com\/de\/campingplatz-team-landes\/#primaryimage"},"image":{"@id":"https:\/\/domainelesoreades.com\/de\/campingplatz-team-landes\/#primaryimage"},"thumbnailUrl":"https:\/\/domainelesoreades.com\/wp-content\/uploads\/2023\/09\/vue-camping-et-lac-depuis-drone.webp","datePublished":"2023-08-16T08:38:40+00:00","dateModified":"2023-10-20T11:43:02+00:00","breadcrumb":{"@id":"https:\/\/domainelesoreades.com\/de\/campingplatz-team-landes\/#breadcrumb"},"inLanguage":"de","potentialAction":[{"@type":"ReadAction","target":["https:\/\/domainelesoreades.com\/de\/campingplatz-team-landes\/"]}]},{"@type":"ImageObject","inLanguage":"de","@id":"https:\/\/domainelesoreades.com\/de\/campingplatz-team-landes\/#primaryimage","url":"https:\/\/domainelesoreades.com\/wp-content\/uploads\/2023\/09\/vue-camping-et-lac-depuis-drone.webp","contentUrl":"https:\/\/domainelesoreades.com\/wp-content\/uploads\/2023\/09\/vue-camping-et-lac-depuis-drone.webp","width":1903,"height":665,"caption":"Blick auf Campingplatz und See von der Drohne aus"},{"@type":"BreadcrumbList","@id":"https:\/\/domainelesoreades.com\/de\/campingplatz-team-landes\/#breadcrumb","itemListElement":[{"@type":"ListItem","position":1,"name":"Camping Landes","item":"https:\/\/domainelesoreades.com\/de\/"},{"@type":"ListItem","position":2,"name":"Unser Team"}]},{"@type":"WebSite","@id":"https:\/\/domainelesoreades.com\/de\/#website","url":"https:\/\/domainelesoreades.com\/de\/","name":"Domaine des Or\u00e9ades","description":"","publisher":{"@id":"https:\/\/domainelesoreades.com\/de\/#organization"},"potentialAction":[{"@type":"SearchAction","target":{"@type":"EntryPoint","urlTemplate":"https:\/\/domainelesoreades.com\/de\/?s={search_term_string}"},"query-input":{"@type":"PropertyValueSpecification","valueRequired":true,"valueName":"search_term_string"}}],"inLanguage":"de"},{"@type":"Organization","@id":"https:\/\/domainelesoreades.com\/de\/#organization","name":"Domaine des Or\u00e9ades","url":"https:\/\/domainelesoreades.com\/de\/","logo":{"@type":"ImageObject","inLanguage":"de","@id":"https:\/\/domainelesoreades.com\/de\/#\/schema\/logo\/image\/","url":"https:\/\/domainelesoreades.com\/wp-content\/uploads\/2023\/08\/cropped-les-oreades-logo-blc.png","contentUrl":"https:\/\/domainelesoreades.com\/wp-content\/uploads\/2023\/08\/cropped-les-oreades-logo-blc.png","width":490,"height":175,"caption":"Domaine des Or\u00e9ades"},"image":{"@id":"https:\/\/domainelesoreades.com\/de\/#\/schema\/logo\/image\/"}}]}},"_links":{"self":[{"href":"https:\/\/domainelesoreades.com\/de\/wp-json\/wp\/v2\/pages\/9087","targetHints":{"allow":["GET"]}}],"collection":[{"href":"https:\/\/domainelesoreades.com\/de\/wp-json\/wp\/v2\/pages"}],"about":[{"href":"https:\/\/domainelesoreades.com\/de\/wp-json\/wp\/v2\/types\/page"}],"author":[{"embeddable":true,"href":"https:\/\/domainelesoreades.com\/de\/wp-json\/wp\/v2\/users\/1"}],"replies":[{"embeddable":true,"href":"https:\/\/domainelesoreades.com\/de\/wp-json\/wp\/v2\/comments?post=9087"}],"version-history":[{"count":7,"href":"https:\/\/domainelesoreades.com\/de\/wp-json\/wp\/v2\/pages\/9087\/revisions"}],"predecessor-version":[{"id":12228,"href":"https:\/\/domainelesoreades.com\/de\/wp-json\/wp\/v2\/pages\/9087\/revisions\/12228"}],"wp:featuredmedia":[{"embeddable":true,"href":"https:\/\/domainelesoreades.com\/de\/wp-json\/wp\/v2\/media\/5894"}],"wp:attachment":[{"href":"https:\/\/domainelesoreades.com\/de\/wp-json\/wp\/v2\/media?parent=9087"}],"wp:term":[{"taxonomy":"sujet","embeddable":true,"href":"https:\/\/domainelesoreades.com\/de\/wp-json\/wp\/v2\/sujet?post=9087"}],"curies":[{"name":"wp","href":"https:\/\/api.w.org\/{rel}","templated":true}]}}