{"id":9116,"date":"2023-09-25T13:28:00","date_gmt":"2023-09-25T11:28:00","guid":{"rendered":"https:\/\/domainelesoreades.com\/privat-jacuzzi-landes\/"},"modified":"2023-10-20T12:29:46","modified_gmt":"2023-10-20T10:29:46","slug":"privat-jacuzzi-landes","status":"publish","type":"page","link":"https:\/\/domainelesoreades.com\/de\/privat-jacuzzi-landes\/","title":{"rendered":"Privater Jacuzzi Landes"},"content":{"rendered":"<section id=\"ls-section-block_11488636909bf231895d3a21ffe8e754\" class=\"ls-section  page-intro\" >\r\n        <div class=\"container \">\r\n        \n\n<div class=\"wp-block-columns is-layout-flex wp-container-core-columns-is-layout-9d6595d7 wp-block-columns-is-layout-flex\">\n<div class=\"wp-block-column is-layout-flow wp-block-column-is-layout-flow\">\n<h1 class=\"ls__heading wp-block-heading has-text-align-center\">Campingplatz mit eigenem Jacuzzi in den Landes, 2 Schritte vom Lac de Sanguinet entfernt<\/h1>\n\n\n\n<p class=\"ls-paragraph has-text-align-center\">Eingebettet zwischen Ozean und Wald liegt der <a href=\"https:\/\/domainelesoreades.com\/de\/\">Campingplatz Les Or\u00e9ades des Landes<\/a>, ein <strong>Ort, der der Entspannung unter der Sonne der Landes gewidmet<\/strong> ist. Unser Campingplatz liegt in der N\u00e4he zahlreicher Sehensw\u00fcrdigkeiten der Region und nur einen Katzensprung vom Lac de Sanguinet entfernt und bietet Ihnen einen 5-Sterne-Qualit\u00e4tsservice.<\/p>\n\n\n\n<p class=\"ls-paragraph has-text-align-center\">Sie werden <strong>von der <\/strong>umliegenden <strong>Natur begeistert <\/strong>sein, die ideal ist, um Ihnen zu helfen, <strong>Vergn\u00fcgen, Entspannung und Abschalten<\/strong> zu verbinden.<\/p>\n<\/div>\n<\/div>\n\n\r\n    <\/div>\r\n<\/section><section id=\"ls-section-block_20ee876cfc0648d2af203f4fff68fa39\" class=\"ls-section  page-one\" >\r\n        <div class=\"container container--wide\">\r\n        \n\n<div class=\"wp-block-columns is-layout-flex wp-container-core-columns-is-layout-9d6595d7 wp-block-columns-is-layout-flex\">\n<div class=\"wp-block-column is-vertically-aligned-center is-layout-flow wp-block-column-is-layout-flow\" style=\"flex-basis:33.33%\">\n<h2 class=\"ls__heading wp-block-heading deco\">Die <em>Vorteile <\/em>unseres Campingplatzes mit <em>eigenem Jacuzzi<\/em> in den Landes<\/h2>\n\n\n\n<p class=\"ls-paragraph\">Genie\u00dfen Sie Ihren Urlaub und diese Tr\u00fcmpfe, die zur Entspannung einladen, 2 Schritte vom See von Sanguinet entfernt in den Landes.<\/p>\n\n\n\n<p class=\"ls-paragraph\">Damit Sie einen tollen Urlaub verbringen k\u00f6nnen, hat die Domaine Les Or\u00e9ades alles vorbereitet:  <strong>5-Sterne-Service, mehrere Swimmingpools, darunter ein Balneo-Pool, Aktivit\u00e4ten f\u00fcr die ganze Familie, ein Restaurant, hochwertige Unterk\u00fcnfte mit eigenem Spa&#8230;<\/strong>  das Ganze umgeben von Natur und Wald, im Schatten der Pinien der Landes.<\/p>\n<\/div>\n\n\n\n<div class=\"wp-block-column is-layout-flow wp-block-column-is-layout-flow\" style=\"flex-basis:66.66%\">\n<figure class=\"wp-block-image size-full\"><img decoding=\"async\" width=\"1200\" height=\"800\" src=\"https:\/\/domainelesoreades.com\/wp-content\/uploads\/2023\/09\/femme-piscine-jaccuzzi.webp\" alt=\"frau swimmingpool jaccuzzi\" class=\"wp-image-8121\" srcset=\"https:\/\/domainelesoreades.com\/wp-content\/uploads\/2023\/09\/femme-piscine-jaccuzzi.webp 1200w, https:\/\/domainelesoreades.com\/wp-content\/uploads\/2023\/09\/femme-piscine-jaccuzzi-300x200.webp 300w, https:\/\/domainelesoreades.com\/wp-content\/uploads\/2023\/09\/femme-piscine-jaccuzzi-1024x683.webp 1024w, https:\/\/domainelesoreades.com\/wp-content\/uploads\/2023\/09\/femme-piscine-jaccuzzi-768x512.webp 768w\" sizes=\"(max-width: 1200px) 100vw, 1200px\" \/><\/figure>\n<\/div>\n<\/div>\n\n\r\n    <\/div>\r\n<\/section><section id=\"ls-section-block_acdc1774c94dc771d225b06ac587be16\" class=\"ls-section  page-one has-p-t p-t-14 has-p-b p-b-14\" >\r\n        <div class=\"container container--wide\">\r\n        \n\n<div class=\"wp-block-columns is-layout-flex wp-container-core-columns-is-layout-9d6595d7 wp-block-columns-is-layout-flex\">\n<div class=\"wp-block-column is-layout-flow wp-block-column-is-layout-flow\" style=\"flex-basis:66.66%\">\n<figure class=\"wp-block-image size-full\"><img decoding=\"async\" width=\"1200\" height=\"800\" src=\"https:\/\/domainelesoreades.com\/wp-content\/uploads\/2023\/09\/cabane-premium-jaccuzzi-privatif.webp\" alt=\"Premium-H&#xFC;tte mit eigenem Jaccuzzi\" class=\"wp-image-8139\" srcset=\"https:\/\/domainelesoreades.com\/wp-content\/uploads\/2023\/09\/cabane-premium-jaccuzzi-privatif.webp 1200w, https:\/\/domainelesoreades.com\/wp-content\/uploads\/2023\/09\/cabane-premium-jaccuzzi-privatif-300x200.webp 300w, https:\/\/domainelesoreades.com\/wp-content\/uploads\/2023\/09\/cabane-premium-jaccuzzi-privatif-1024x683.webp 1024w, https:\/\/domainelesoreades.com\/wp-content\/uploads\/2023\/09\/cabane-premium-jaccuzzi-privatif-768x512.webp 768w\" sizes=\"(max-width: 1200px) 100vw, 1200px\" \/><\/figure>\n<\/div>\n\n\n\n<div class=\"wp-block-column is-vertically-aligned-center is-layout-flow wp-block-column-is-layout-flow\" style=\"flex-basis:33.33%\">\n<h2 class=\"ls__heading wp-block-heading deco\">Arten von Unterk\u00fcnften mit eigenem <em>Jacuzzi <\/em><\/h2>\n\n\n\n<p class=\"ls-paragraph\">Der <a href=\"https:\/\/domainelesoreades.com\/de\/camping-pool-landes\/\">Campingplatz mit Schwimmbad in den Landes<\/a> bietet 3 verschiedene Unterkunftsarten an. <\/p>\n\n\n\n<p class=\"ls-paragraph\"><strong>Zwei davon bieten Unterk\u00fcnfte mit eigenem Spa \/ Jacuzzi.<br\/><\/strong>Die Gelegenheit, Ihren Campingurlaub in vollen Z\u00fcgen zu genie\u00dfen, w\u00e4hrend Sie von Ihrem privaten Jacuzzi aus die Pinien der Landes bewundern.<\/p>\n\n\n\n<p class=\"ls-paragraph\"><strong>Der Garten der Pagoden<\/strong> <br\/>Unsere atypischen Pagoden bieten ein <strong>schickes Ambiente und ein schlichtes Design<\/strong>, als ob Sie in einem Hotel \u00fcbernachten w\u00fcrden. Diese Unterk\u00fcnfte heben sich wirklich von den Unterk\u00fcnften ab, die Sie auf anderen Campingpl\u00e4tzen gesehen haben. In einem <strong>Garten mit B\u00e4umen und Landschaftsg\u00e4rten<\/strong> sind Sie von der Natur umgeben.  <\/p>\n\n\n\n<p class=\"ls-paragraph\">Die Pagoden befinden sich in einem<strong> Bereich, der ausschlie\u00dflich Fu\u00dfg\u00e4ngern vorbehalten<\/strong> ist. Im Gegensatz zu manchen Bereichen, wie z. B. den Bereichen f\u00fcr Mobilheime, befindet sich der Bereich der Pagoden in der <strong>N\u00e4he der Dienstleistungen<\/strong>. Von hier aus k\u00f6nnen Sie n\u00e4mlich schnell die Schwimmb\u00e4der und das Restaurant erreichen.<\/p>\n\n\n\n<p class=\"ls-paragraph\"><strong>Die Pagoden des Campingplatzes, die \u00fcber einen eigenen Whirlpool verf\u00fcgen<\/strong>, haben 1, 2 oder 3 Schlafzimmer &#8211; Sie haben die Wahl.<\/p>\n\n\n\n<p class=\"ls-paragraph addReadMore showlesscontent\"><strong>Die Fischerh\u00fctten<\/strong><br\/>Erleben Sie einen Campingplatz mit ungew\u00f6hnlichen Unterk\u00fcnften mit den <strong>Fischerh\u00fctten<\/strong> auf diesem <strong>Campingplatz mit eigenem Jacuzzi in den Landes<\/strong>. In Verschmelzung mit der Natur leben Sie in <strong>H\u00fctten, die von den Cabanes Tchanqu\u00e9es des Bassin d&#8217;Arcachon inspiriert<\/strong> sind.  <br\/>Diese exklusiven Unterk\u00fcnfte der Domaine des Or\u00e9ades mit einer Gr\u00f6\u00dfe von 35 m2 bis 40 m2 werden Gro\u00df und Klein begeistern. Wir verf\u00fcgen auch \u00fcber eine eher klassische Auswahl an <a href=\"https:\/\/domainelesoreades.com\/de\/vermietung-mobil-home-landes\/\">Mobilheimen in den Landes<\/a>.<\/p>\n<\/div>\n<\/div>\n\n\r\n    <\/div>\r\n<\/section><section id=\"ls-section-block_23a95739208dc5a9879cd0b83b702d16\" class=\"ls-section  page-one has-background has-color-4-background-color has-p-t p-t-14 has-p-b p-b-14\" >\r\n        <div class=\"container container--wide\">\r\n        \n\n<div class=\"wp-block-columns is-layout-flex wp-container-core-columns-is-layout-9d6595d7 wp-block-columns-is-layout-flex\">\n<div class=\"wp-block-column is-vertically-aligned-center is-layout-flow wp-block-column-is-layout-flow\" style=\"flex-basis:33.33%\">\n<h2 class=\"ls__heading wp-block-heading deco\"><em>Aktivit\u00e4ten <\/em>und <em>Dienstleistungen <\/em>auf unserem Campingplatz mit eigenem Whirlpool in den Landes<\/h2>\n\n\n\n<p class=\"ls-paragraph\">Die Domaine verf\u00fcgt \u00fcber einen Wasserbereich mit <strong>4 Pools in verschiedenen Gr\u00f6\u00dfen und Wasserspielen<\/strong> f\u00fcr Kinder.<\/p>\n\n\n\n<p class=\"ls-paragraph\"><strong>Der gro\u00dfe beheizte Au\u00dfenpool<\/strong> ist ideal f\u00fcr die ganze Familie und seine Temperatur sorgt daf\u00fcr, dass alle m\u00f6glichst viel Zeit darin verbringen.  <\/p>\n\n\n\n<p class=\"ls-paragraph\">Im Au\u00dfenbereich befindet sich <strong>ein Spa-Whirlpool<\/strong>. Sie ist ausschlie\u00dflich Erwachsenen \u00fcber 18 Jahren vorbehalten. Ideal zum Entspannen und abwechselnd mit Ihrem privaten Jacuzzi.<\/p>\n\n\n\n<p class=\"ls-paragraph\">F\u00fcr Kinder gibt es neben dem Hauptpool ein <strong>Planschbecken<\/strong> zum Plantschen. Ein Bereich mit <strong>Wasserspielen, genannt &#8222;Aquatoon&#8220;<\/strong>, wird Ihre Kinder begeistern.<\/p>\n\n\n\n<p class=\"ls-paragraph\">Ein grauer Tag? ein <strong>beheiztes Hallenbad<\/strong> befindet sich vor Ort.<\/p>\n\n\n\n<p class=\"ls-paragraph\">La <a href=\"https:\/\/domainelesoreades.com\/de\/restaurant-in-den-landes\/\">Table du Domaine<\/a> ist das Restaurant des Campingplatzes, das f\u00fcr alle offen ist und nur zwei Schritte vom Lac de Sanguinet entfernt liegt. Genie\u00dfen Sie zu jeder Tageszeit eine <strong>lokale Gourmetk\u00fcche<\/strong> und nutzen Sie die<strong> Terrasse f\u00fcr Ihr Mittag- und Abendessen<\/strong>.  <\/p>\n\n\n\n<p class=\"ls-paragraph addReadMore showlesscontent\">Manchmal werden auch <strong>Themenabende<\/strong> mit exotischerer K\u00fcche angeboten. Es werden Ihnen Dienstleistungen vor Ort angeboten. Alles wurde durchdacht, um Ihren Alltag zu erleichtern und Ihren Aufenthalt auf unserem Landgut Les Or\u00e9ades in Les Landes angenehm zu gestalten. Fahrradverleih und Plancha, W\u00e4scherei, Lebensmittelgesch\u00e4ft, Wi-Fi, Fr\u00fchst\u00fcck, Bar, Restaurant mit Gerichten zum Mitnehmen, Babyausstattung&#8230; F\u00fcr weitere Informationen stehen wir Ihnen gerne zur Verf\u00fcgung.<\/p>\n<\/div>\n\n\n\n<div class=\"wp-block-column is-layout-flow wp-block-column-is-layout-flow\" style=\"flex-basis:66.66%\">\n<figure class=\"wp-block-image size-full\"><img decoding=\"async\" width=\"1200\" height=\"900\" src=\"https:\/\/domainelesoreades.com\/wp-content\/uploads\/2023\/09\/double-piscine-camping.webp\" alt=\"doppelter Pool Camping\" class=\"wp-image-6483\" srcset=\"https:\/\/domainelesoreades.com\/wp-content\/uploads\/2023\/09\/double-piscine-camping.webp 1200w, https:\/\/domainelesoreades.com\/wp-content\/uploads\/2023\/09\/double-piscine-camping-300x225.webp 300w, https:\/\/domainelesoreades.com\/wp-content\/uploads\/2023\/09\/double-piscine-camping-1024x768.webp 1024w, https:\/\/domainelesoreades.com\/wp-content\/uploads\/2023\/09\/double-piscine-camping-768x576.webp 768w\" sizes=\"(max-width: 1200px) 100vw, 1200px\" \/><\/figure>\n<\/div>\n<\/div>\n\n\r\n    <\/div>\r\n<\/section><section id=\"ls-section-block_c7f763e99a0fd8debb21ab03a8344bce\" class=\"ls-section  page-maillage has-p-b p-b-14\" >\r\n        <div class=\"container container--wide\">\r\n        \n\n<div id=\"ls-heading ls-titre-div-block_cad0d936824d4b0df51123df08518819\" class=\"ls-titre-div deco h2-like\" >\n    <em>Entdecken Sie unseren Wasserpark, <\/em> <\/br>unsere Dienstleistungen und unsere Unterk\u00fcnfte!<\/div>\n\n\n<div id=\"ls-maillage-block_b667041b882c5d647e09017835e9a3ff\" class=\"ls-maillage cta-style-normal\" data-rows=\"3\">\n    <div class=\"wp-block-columns\"><div class=\"wp-block-column\"><div class=\"ls-cta \">\n\n<a href=\"https:\/\/domainelesoreades.com\/de\/vermietung-von-ferien-landes\/\" target=\"\" rel=\"noopener\" class=\"ls-cta__link\">\n\n\t<div class=\"ls-cta__image\"><img decoding=\"async\" src=\"https:\/\/domainelesoreades.com\/wp-content\/uploads\/2023\/08\/location-mobil-home-landes.webp\" alt=\"vermietung mobilheim landes\"><\/div>\n\t<div class=\"ls-cta__title\">\n\t\tAlle unsere Unterk\u00fcnfte\t<\/div>\n\t<div class=\"ls-button ls-button--cta\"><span>Entdecken Sie<\/span><i class='oreades-right-arrow'><\/i><\/div>\n\n\t\n\t\t\n<\/a>\n\n\n<\/div><\/div><div class=\"wp-block-column\"><div class=\"ls-cta \">\n\n<a href=\"https:\/\/domainelesoreades.com\/de\/luxus-campingplatz-landes\/\" target=\"\" rel=\"noopener\" class=\"ls-cta__link\">\n\n\t<div class=\"ls-cta__image\"><img decoding=\"async\" src=\"https:\/\/domainelesoreades.com\/wp-content\/uploads\/2023\/09\/services-camping-yelloh.webp\" alt=\"dienstleistungen camping yelloh\"><\/div>\n\t<div class=\"ls-cta__title\">\n\t\tDienste\t<\/div>\n\t<div class=\"ls-button ls-button--cta\"><span>Entdecken Sie<\/span><i class='oreades-right-arrow'><\/i><\/div>\n\n\t\n\t\t\n<\/a>\n\n\n<\/div><\/div><div class=\"wp-block-column\"><div class=\"ls-cta \">\n\n<a href=\"https:\/\/domainelesoreades.com\/de\/camping-pool-landes\/\" target=\"\" rel=\"noopener\" class=\"ls-cta__link\">\n\n\t<div class=\"ls-cta__image\"><img decoding=\"async\" src=\"https:\/\/domainelesoreades.com\/wp-content\/uploads\/2023\/08\/camping-piscine-chauffee-landes.webp\" alt=\"camping beheiztes schwimmbad landes\"><\/div>\n\t<div class=\"ls-cta__title\">\n\t\tWasserraum\t<\/div>\n\t<div class=\"ls-button ls-button--cta\"><span>Entdecken Sie<\/span><i class='oreades-right-arrow'><\/i><\/div>\n\n\t\n\t\t\n<\/a>\n\n\n<\/div><\/div><\/div><\/div>\n\r\n    <\/div>\r\n<\/section>","protected":false},"excerpt":{"rendered":"","protected":false},"author":1,"featured_media":8172,"parent":0,"menu_order":0,"comment_status":"closed","ping_status":"closed","template":"","meta":{"_acf_changed":false,"inline_featured_image":false,"footnotes":""},"sujet":[],"class_list":["post-9116","page","type-page","status-publish","has-post-thumbnail","hentry"],"acf":[],"yoast_head":"<!-- This site is optimized with the Yoast SEO plugin v24.3 - https:\/\/yoast.com\/wordpress\/plugins\/seo\/ -->\n<title>Campingplatz mit eigenem Jacuzzi Landes : unsere Unterk\u00fcnfte mit Spa<\/title>\n<meta name=\"description\" content=\"Im Norden der Landes, 30 Minuten vom Bassin d&#039;Arcachon entfernt, entdecken Sie unsere au\u00dfergew\u00f6hnlichen Unterk\u00fcnfte mit privatem Spa-Jacuzzi.\" \/>\n<meta name=\"robots\" content=\"index, follow, max-snippet:-1, max-image-preview:large, max-video-preview:-1\" \/>\n<link rel=\"canonical\" href=\"https:\/\/domainelesoreades.com\/de\/privat-jacuzzi-landes\/\" \/>\n<meta property=\"og:locale\" content=\"de_DE\" \/>\n<meta property=\"og:type\" content=\"article\" \/>\n<meta property=\"og:title\" content=\"Campingplatz mit eigenem Jacuzzi Landes : unsere Unterk\u00fcnfte mit Spa\" \/>\n<meta property=\"og:description\" content=\"Im Norden der Landes, 30 Minuten vom Bassin d&#039;Arcachon entfernt, entdecken Sie unsere au\u00dfergew\u00f6hnlichen Unterk\u00fcnfte mit privatem Spa-Jacuzzi.\" \/>\n<meta property=\"og:url\" content=\"https:\/\/domainelesoreades.com\/de\/privat-jacuzzi-landes\/\" \/>\n<meta property=\"og:site_name\" content=\"Domaine des Or\u00e9ades\" \/>\n<meta property=\"article:modified_time\" content=\"2023-10-20T10:29:46+00:00\" \/>\n<meta property=\"og:image\" content=\"https:\/\/domainelesoreades.com\/wp-content\/uploads\/2023\/09\/bains-remous-balneo-camping-oreades.webp\" \/>\n\t<meta property=\"og:image:width\" content=\"1903\" \/>\n\t<meta property=\"og:image:height\" content=\"665\" \/>\n\t<meta property=\"og:image:type\" content=\"image\/webp\" \/>\n<meta name=\"twitter:card\" content=\"summary_large_image\" \/>\n<meta name=\"twitter:label1\" content=\"Gesch\u00e4tzte Lesezeit\" \/>\n\t<meta name=\"twitter:data1\" content=\"3\u00a0Minuten\" \/>\n<script type=\"application\/ld+json\" class=\"yoast-schema-graph\">{\"@context\":\"https:\/\/schema.org\",\"@graph\":[{\"@type\":\"WebPage\",\"@id\":\"https:\/\/domainelesoreades.com\/de\/privat-jacuzzi-landes\/\",\"url\":\"https:\/\/domainelesoreades.com\/de\/privat-jacuzzi-landes\/\",\"name\":\"Campingplatz mit eigenem Jacuzzi Landes : unsere Unterk\u00fcnfte mit Spa\",\"isPartOf\":{\"@id\":\"https:\/\/domainelesoreades.com\/de\/#website\"},\"primaryImageOfPage\":{\"@id\":\"https:\/\/domainelesoreades.com\/de\/privat-jacuzzi-landes\/#primaryimage\"},\"image\":{\"@id\":\"https:\/\/domainelesoreades.com\/de\/privat-jacuzzi-landes\/#primaryimage\"},\"thumbnailUrl\":\"https:\/\/domainelesoreades.com\/wp-content\/uploads\/2023\/09\/bains-remous-balneo-camping-oreades.webp\",\"datePublished\":\"2023-09-25T11:28:00+00:00\",\"dateModified\":\"2023-10-20T10:29:46+00:00\",\"description\":\"Im Norden der Landes, 30 Minuten vom Bassin d'Arcachon entfernt, entdecken Sie unsere au\u00dfergew\u00f6hnlichen Unterk\u00fcnfte mit privatem Spa-Jacuzzi.\",\"breadcrumb\":{\"@id\":\"https:\/\/domainelesoreades.com\/de\/privat-jacuzzi-landes\/#breadcrumb\"},\"inLanguage\":\"de\",\"potentialAction\":[{\"@type\":\"ReadAction\",\"target\":[\"https:\/\/domainelesoreades.com\/de\/privat-jacuzzi-landes\/\"]}]},{\"@type\":\"ImageObject\",\"inLanguage\":\"de\",\"@id\":\"https:\/\/domainelesoreades.com\/de\/privat-jacuzzi-landes\/#primaryimage\",\"url\":\"https:\/\/domainelesoreades.com\/wp-content\/uploads\/2023\/09\/bains-remous-balneo-camping-oreades.webp\",\"contentUrl\":\"https:\/\/domainelesoreades.com\/wp-content\/uploads\/2023\/09\/bains-remous-balneo-camping-oreades.webp\",\"width\":1903,\"height\":665,\"caption\":\"balneo sprudelbad camping oreades\"},{\"@type\":\"BreadcrumbList\",\"@id\":\"https:\/\/domainelesoreades.com\/de\/privat-jacuzzi-landes\/#breadcrumb\",\"itemListElement\":[{\"@type\":\"ListItem\",\"position\":1,\"name\":\"Camping Landes\",\"item\":\"https:\/\/domainelesoreades.com\/de\/\"},{\"@type\":\"ListItem\",\"position\":2,\"name\":\"Privater Jacuzzi Landes\"}]},{\"@type\":\"WebSite\",\"@id\":\"https:\/\/domainelesoreades.com\/de\/#website\",\"url\":\"https:\/\/domainelesoreades.com\/de\/\",\"name\":\"Domaine des Or\u00e9ades\",\"description\":\"\",\"publisher\":{\"@id\":\"https:\/\/domainelesoreades.com\/de\/#organization\"},\"potentialAction\":[{\"@type\":\"SearchAction\",\"target\":{\"@type\":\"EntryPoint\",\"urlTemplate\":\"https:\/\/domainelesoreades.com\/de\/?s={search_term_string}\"},\"query-input\":{\"@type\":\"PropertyValueSpecification\",\"valueRequired\":true,\"valueName\":\"search_term_string\"}}],\"inLanguage\":\"de\"},{\"@type\":\"Organization\",\"@id\":\"https:\/\/domainelesoreades.com\/de\/#organization\",\"name\":\"Domaine des Or\u00e9ades\",\"url\":\"https:\/\/domainelesoreades.com\/de\/\",\"logo\":{\"@type\":\"ImageObject\",\"inLanguage\":\"de\",\"@id\":\"https:\/\/domainelesoreades.com\/de\/#\/schema\/logo\/image\/\",\"url\":\"https:\/\/domainelesoreades.com\/wp-content\/uploads\/2023\/08\/cropped-les-oreades-logo-blc.png\",\"contentUrl\":\"https:\/\/domainelesoreades.com\/wp-content\/uploads\/2023\/08\/cropped-les-oreades-logo-blc.png\",\"width\":490,\"height\":175,\"caption\":\"Domaine des Or\u00e9ades\"},\"image\":{\"@id\":\"https:\/\/domainelesoreades.com\/de\/#\/schema\/logo\/image\/\"}}]}<\/script>\n<!-- \/ Yoast SEO plugin. -->","yoast_head_json":{"title":"Campingplatz mit eigenem Jacuzzi Landes : unsere Unterk\u00fcnfte mit Spa","description":"Im Norden der Landes, 30 Minuten vom Bassin d'Arcachon entfernt, entdecken Sie unsere au\u00dfergew\u00f6hnlichen Unterk\u00fcnfte mit privatem Spa-Jacuzzi.","robots":{"index":"index","follow":"follow","max-snippet":"max-snippet:-1","max-image-preview":"max-image-preview:large","max-video-preview":"max-video-preview:-1"},"canonical":"https:\/\/domainelesoreades.com\/de\/privat-jacuzzi-landes\/","og_locale":"de_DE","og_type":"article","og_title":"Campingplatz mit eigenem Jacuzzi Landes : unsere Unterk\u00fcnfte mit Spa","og_description":"Im Norden der Landes, 30 Minuten vom Bassin d'Arcachon entfernt, entdecken Sie unsere au\u00dfergew\u00f6hnlichen Unterk\u00fcnfte mit privatem Spa-Jacuzzi.","og_url":"https:\/\/domainelesoreades.com\/de\/privat-jacuzzi-landes\/","og_site_name":"Domaine des Or\u00e9ades","article_modified_time":"2023-10-20T10:29:46+00:00","og_image":[{"width":1903,"height":665,"url":"https:\/\/domainelesoreades.com\/wp-content\/uploads\/2023\/09\/bains-remous-balneo-camping-oreades.webp","type":"image\/webp"}],"twitter_card":"summary_large_image","twitter_misc":{"Gesch\u00e4tzte Lesezeit":"3\u00a0Minuten"},"schema":{"@context":"https:\/\/schema.org","@graph":[{"@type":"WebPage","@id":"https:\/\/domainelesoreades.com\/de\/privat-jacuzzi-landes\/","url":"https:\/\/domainelesoreades.com\/de\/privat-jacuzzi-landes\/","name":"Campingplatz mit eigenem Jacuzzi Landes : unsere Unterk\u00fcnfte mit Spa","isPartOf":{"@id":"https:\/\/domainelesoreades.com\/de\/#website"},"primaryImageOfPage":{"@id":"https:\/\/domainelesoreades.com\/de\/privat-jacuzzi-landes\/#primaryimage"},"image":{"@id":"https:\/\/domainelesoreades.com\/de\/privat-jacuzzi-landes\/#primaryimage"},"thumbnailUrl":"https:\/\/domainelesoreades.com\/wp-content\/uploads\/2023\/09\/bains-remous-balneo-camping-oreades.webp","datePublished":"2023-09-25T11:28:00+00:00","dateModified":"2023-10-20T10:29:46+00:00","description":"Im Norden der Landes, 30 Minuten vom Bassin d'Arcachon entfernt, entdecken Sie unsere au\u00dfergew\u00f6hnlichen Unterk\u00fcnfte mit privatem Spa-Jacuzzi.","breadcrumb":{"@id":"https:\/\/domainelesoreades.com\/de\/privat-jacuzzi-landes\/#breadcrumb"},"inLanguage":"de","potentialAction":[{"@type":"ReadAction","target":["https:\/\/domainelesoreades.com\/de\/privat-jacuzzi-landes\/"]}]},{"@type":"ImageObject","inLanguage":"de","@id":"https:\/\/domainelesoreades.com\/de\/privat-jacuzzi-landes\/#primaryimage","url":"https:\/\/domainelesoreades.com\/wp-content\/uploads\/2023\/09\/bains-remous-balneo-camping-oreades.webp","contentUrl":"https:\/\/domainelesoreades.com\/wp-content\/uploads\/2023\/09\/bains-remous-balneo-camping-oreades.webp","width":1903,"height":665,"caption":"balneo sprudelbad camping oreades"},{"@type":"BreadcrumbList","@id":"https:\/\/domainelesoreades.com\/de\/privat-jacuzzi-landes\/#breadcrumb","itemListElement":[{"@type":"ListItem","position":1,"name":"Camping Landes","item":"https:\/\/domainelesoreades.com\/de\/"},{"@type":"ListItem","position":2,"name":"Privater Jacuzzi Landes"}]},{"@type":"WebSite","@id":"https:\/\/domainelesoreades.com\/de\/#website","url":"https:\/\/domainelesoreades.com\/de\/","name":"Domaine des Or\u00e9ades","description":"","publisher":{"@id":"https:\/\/domainelesoreades.com\/de\/#organization"},"potentialAction":[{"@type":"SearchAction","target":{"@type":"EntryPoint","urlTemplate":"https:\/\/domainelesoreades.com\/de\/?s={search_term_string}"},"query-input":{"@type":"PropertyValueSpecification","valueRequired":true,"valueName":"search_term_string"}}],"inLanguage":"de"},{"@type":"Organization","@id":"https:\/\/domainelesoreades.com\/de\/#organization","name":"Domaine des Or\u00e9ades","url":"https:\/\/domainelesoreades.com\/de\/","logo":{"@type":"ImageObject","inLanguage":"de","@id":"https:\/\/domainelesoreades.com\/de\/#\/schema\/logo\/image\/","url":"https:\/\/domainelesoreades.com\/wp-content\/uploads\/2023\/08\/cropped-les-oreades-logo-blc.png","contentUrl":"https:\/\/domainelesoreades.com\/wp-content\/uploads\/2023\/08\/cropped-les-oreades-logo-blc.png","width":490,"height":175,"caption":"Domaine des Or\u00e9ades"},"image":{"@id":"https:\/\/domainelesoreades.com\/de\/#\/schema\/logo\/image\/"}}]}},"_links":{"self":[{"href":"https:\/\/domainelesoreades.com\/de\/wp-json\/wp\/v2\/pages\/9116","targetHints":{"allow":["GET"]}}],"collection":[{"href":"https:\/\/domainelesoreades.com\/de\/wp-json\/wp\/v2\/pages"}],"about":[{"href":"https:\/\/domainelesoreades.com\/de\/wp-json\/wp\/v2\/types\/page"}],"author":[{"embeddable":true,"href":"https:\/\/domainelesoreades.com\/de\/wp-json\/wp\/v2\/users\/1"}],"replies":[{"embeddable":true,"href":"https:\/\/domainelesoreades.com\/de\/wp-json\/wp\/v2\/comments?post=9116"}],"version-history":[{"count":2,"href":"https:\/\/domainelesoreades.com\/de\/wp-json\/wp\/v2\/pages\/9116\/revisions"}],"predecessor-version":[{"id":12191,"href":"https:\/\/domainelesoreades.com\/de\/wp-json\/wp\/v2\/pages\/9116\/revisions\/12191"}],"wp:featuredmedia":[{"embeddable":true,"href":"https:\/\/domainelesoreades.com\/de\/wp-json\/wp\/v2\/media\/8172"}],"wp:attachment":[{"href":"https:\/\/domainelesoreades.com\/de\/wp-json\/wp\/v2\/media?parent=9116"}],"wp:term":[{"taxonomy":"sujet","embeddable":true,"href":"https:\/\/domainelesoreades.com\/de\/wp-json\/wp\/v2\/sujet?post=9116"}],"curies":[{"name":"wp","href":"https:\/\/api.w.org\/{rel}","templated":true}]}}