{"id":8973,"date":"2023-08-16T10:38:55","date_gmt":"2023-08-16T08:38:55","guid":{"rendered":"https:\/\/domainelesoreades.com\/camping-lujo-servicios-landes\/"},"modified":"2026-02-24T09:48:14","modified_gmt":"2026-02-24T08:48:14","slug":"camping-lujo-servicios-landes","status":"publish","type":"page","link":"https:\/\/domainelesoreades.com\/es\/camping-lujo-servicios-landes\/","title":{"rendered":"Servicios"},"content":{"rendered":"<section id=\"ls-section-block_0a83c9ddf2cfec5e9470e83f0a469d6f\" class=\"ls-section  page-intro\" >\r\n        <div class=\"container \">\r\n        \n\n<div class=\"wp-block-columns is-layout-flex wp-container-core-columns-is-layout-9d6595d7 wp-block-columns-is-layout-flex\">\n<div class=\"wp-block-column is-layout-flow wp-block-column-is-layout-flow\">\n<h1 class=\"ls__heading wp-block-heading has-text-align-center\">Nuestros servicios<\/h1>\n\n\n\n<p class=\"ls-paragraph has-text-align-center\">Disfrute al m\u00e1ximo de su estancia en nuestro <a href=\"https:\/\/domainelesoreades.com\/es\/\">camping de Sanguinet, en las Landas<\/a>, gracias a nuestros servicios, que le facilitar\u00e1n el d\u00eda a d\u00eda y har\u00e1n brillar sus vacaciones.<\/p>\n<\/div>\n<\/div>\n\n\r\n    <\/div>\r\n<\/section>\n\n<section id=\"ls-section-block_d37924f23f3000b445483bf12f3cf773\" class=\"ls-section  page-one has-p-t p-t-14 has-p-b p-b-14\" >\r\n        <div class=\"container container--wide\">\r\n        \n\n<div class=\"wp-block-columns is-layout-flex wp-container-core-columns-is-layout-9d6595d7 wp-block-columns-is-layout-flex\">\n<div class=\"wp-block-column first is-layout-flow wp-block-column-is-layout-flow\" style=\"flex-basis:66.66%\">\n<figure class=\"wp-block-gallery has-nested-images columns-default is-cropped gallery-slider wp-block-gallery-1 is-layout-flex wp-block-gallery-is-layout-flex\">\n<figure class=\"wp-block-image size-full\"><a href=\"https:\/\/domainelesoreades.com\/wp-content\/uploads\/2023\/09\/velo-trois-roues.webp\"><img decoding=\"async\" width=\"1004\" height=\"670\" data-id=\"6004\" src=\"https:\/\/domainelesoreades.com\/wp-content\/uploads\/2023\/09\/velo-trois-roues.webp\" alt=\"bicicleta de tres ruedas\" class=\"wp-image-6004\" srcset=\"https:\/\/domainelesoreades.com\/wp-content\/uploads\/2023\/09\/velo-trois-roues.webp 1004w, https:\/\/domainelesoreades.com\/wp-content\/uploads\/2023\/09\/velo-trois-roues-300x200.webp 300w, https:\/\/domainelesoreades.com\/wp-content\/uploads\/2023\/09\/velo-trois-roues-768x513.webp 768w\" sizes=\"(max-width: 1004px) 100vw, 1004px\" \/><\/a><\/figure>\n\n\n\n<figure class=\"wp-block-image size-full\"><a href=\"https:\/\/domainelesoreades.com\/wp-content\/uploads\/2023\/09\/placha-sur-terrasse-hebergement.webp\"><img decoding=\"async\" width=\"1004\" height=\"670\" data-id=\"6011\" src=\"https:\/\/domainelesoreades.com\/wp-content\/uploads\/2023\/09\/placha-sur-terrasse-hebergement.webp\" alt=\"alojamiento placha en terraza\" class=\"wp-image-6011\" srcset=\"https:\/\/domainelesoreades.com\/wp-content\/uploads\/2023\/09\/placha-sur-terrasse-hebergement.webp 1004w, https:\/\/domainelesoreades.com\/wp-content\/uploads\/2023\/09\/placha-sur-terrasse-hebergement-300x200.webp 300w, https:\/\/domainelesoreades.com\/wp-content\/uploads\/2023\/09\/placha-sur-terrasse-hebergement-768x513.webp 768w\" sizes=\"(max-width: 1004px) 100vw, 1004px\" \/><\/a><\/figure>\n<\/figure>\n<\/div>\n\n\n\n<div class=\"wp-block-column is-vertically-aligned-center second is-layout-flow wp-block-column-is-layout-flow\" style=\"flex-basis:33.33%\">\n<h2 class=\"ls__heading wp-block-heading deco\">Alquiler de bicicletas y <em>bicicletas el\u00e9ctricas<\/em><\/h2>\n\n\n\n<p class=\"ls-paragraph\">Nuestro colaborador pone a su disposici\u00f3n un servicio de <strong>alquiler de bicicletas<\/strong> (tradicionales o el\u00e9ctricas).<\/p>\n\n\n\n<p class=\"ls-paragraph\">Tambi\u00e9n disponibles: <strong>sillas para beb\u00e9s y remolque para bicicletas<\/strong>.<\/p>\n\n\n\n<div style=\"height:100px\" aria-hidden=\"true\" class=\"wp-block-spacer\"><\/div>\n\n\n\n<h2 class=\"ls__heading wp-block-heading deco\">Alquiler de <em>planchas<\/em><\/h2>\n\n\n\n<p class=\"ls-paragraph\">Por razones de seguridad, las barbacoas tradicionales de carb\u00f3n o el\u00e9ctricas no est\u00e1n permitidas en la finca.<br><br>Sin embargo, puede <strong>alquilar una plancha de<\/strong> gas por 50 \u20ac\/semana (a pagar in situ). A continuaci\u00f3n, podr\u00e1 cocinar su <strong>comida a la plancha desde la terraza<\/strong> de su <a href=\"\/es\/holiday-home-landes\/\">mobil-home de alquiler en las Landas<\/a>.<\/p>\n<\/div>\n<\/div>\n\n\r\n    <\/div>\r\n<\/section>\n\n<section id=\"ls-section-block_d967cfc61b9be13103e15b2852cefad8\" class=\"ls-section  page-one has-background has-color-4-background-color has-p-t p-t-14 has-p-b p-b-14\" >\r\n        <div class=\"container container--wide\">\r\n        \n\n<div class=\"wp-block-columns is-layout-flex wp-container-core-columns-is-layout-9d6595d7 wp-block-columns-is-layout-flex\">\n<div class=\"wp-block-column is-vertically-aligned-center is-layout-flow wp-block-column-is-layout-flow\" style=\"flex-basis:33.33%\">\n<h2 class=\"ls__heading wp-block-heading deco\">Kit de ropa de hogar<\/h2>\n\n\n\n<p class=\"ls-paragraph\">Alquiler de <strong>s\u00e1banas y toallas<\/strong>.<\/p>\n\n\n\n<p class=\"ls-paragraph\">En algunos alojamientos se incluyen juegos de s\u00e1banas y toallas.<\/p>\n\n\n\n<div style=\"height:100px\" aria-hidden=\"true\" class=\"wp-block-spacer\"><\/div>\n\n\n\n<h2 class=\"ls__heading wp-block-heading deco\">Lavander\u00eda<\/h2>\n\n\n\n<p class=\"ls-paragraph\">En la finca hay <strong>lavadoras y secadoras<\/strong>.<\/p>\n<\/div>\n\n\n\n<div class=\"wp-block-column is-layout-flow wp-block-column-is-layout-flow\" style=\"flex-basis:66.66%\">\n<figure class=\"wp-block-image size-full\"><img decoding=\"async\" width=\"1004\" height=\"669\" src=\"https:\/\/domainelesoreades.com\/wp-content\/uploads\/2023\/09\/draps-pret-de-linge.webp\" alt=\"pr\u00e9stamo de ropa de cama\" class=\"wp-image-6025\" srcset=\"https:\/\/domainelesoreades.com\/wp-content\/uploads\/2023\/09\/draps-pret-de-linge.webp 1004w, https:\/\/domainelesoreades.com\/wp-content\/uploads\/2023\/09\/draps-pret-de-linge-300x200.webp 300w, https:\/\/domainelesoreades.com\/wp-content\/uploads\/2023\/09\/draps-pret-de-linge-768x512.webp 768w\" sizes=\"(max-width: 1004px) 100vw, 1004px\" \/><\/figure>\n<\/div>\n<\/div>\n\n\r\n    <\/div>\r\n<\/section>\n\n<section id=\"ls-section-block_d37924f23f3000b445483bf12f3cf773\" class=\"ls-section  page-one has-p-t p-t-14 has-p-b p-b-14\" >\r\n        <div class=\"container container--wide\">\r\n        \n\n<div class=\"wp-block-columns is-layout-flex wp-container-core-columns-is-layout-9d6595d7 wp-block-columns-is-layout-flex\">\n<div class=\"wp-block-column is-layout-flow wp-block-column-is-layout-flow\" style=\"flex-basis:66.66%\">\n<figure class=\"wp-block-image size-full\"><img decoding=\"async\" width=\"1004\" height=\"669\" src=\"https:\/\/domainelesoreades.com\/wp-content\/uploads\/2023\/09\/epicerie-vente-a-emporter.webp\" alt=\"comida para llevar\" class=\"wp-image-6035\" srcset=\"https:\/\/domainelesoreades.com\/wp-content\/uploads\/2023\/09\/epicerie-vente-a-emporter.webp 1004w, https:\/\/domainelesoreades.com\/wp-content\/uploads\/2023\/09\/epicerie-vente-a-emporter-300x200.webp 300w, https:\/\/domainelesoreades.com\/wp-content\/uploads\/2023\/09\/epicerie-vente-a-emporter-768x512.webp 768w\" sizes=\"(max-width: 1004px) 100vw, 1004px\" \/><\/figure>\n<\/div>\n\n\n\n<div class=\"wp-block-column is-vertically-aligned-center is-layout-flow wp-block-column-is-layout-flow\" style=\"flex-basis:33.33%\">\n<h2 class=\"ls__heading wp-block-heading deco\">Alimentaci\u00f3n, bar y <em>comida para llevar<\/em><\/h2>\n\n\n\n<p class=\"ls-paragraph\">Adem\u00e1s del restaurante, La Table du domaine cuenta con una tienda de comestibles con <strong>productos de uso cotidiano y de ocio<\/strong>, un bar y un servicio de <strong>comida para llevar<\/strong> y de reparto.<\/p>\n\n\n\n<div style=\"height:100px\" aria-hidden=\"true\" class=\"wp-block-spacer\"><\/div>\n\n\n\n<h2 class=\"ls__heading wp-block-heading deco\"><em>Desayuno<\/em><\/h2>\n\n\n\n<p class=\"ls-paragraph\">A reservar con el personal de la tienda de comestibles.<\/p>\n<\/div>\n<\/div>\n\n\r\n    <\/div>\r\n<\/section>\n\n<section id=\"ls-section-block_d024d4f91a5bf833a5a0b56f38dc5c5c\" class=\"ls-section  page-three has-background has-color-4-background-color has-p-t p-t-14 has-p-b p-b-14\" >\r\n        <div class=\"container container--wide\">\r\n        \n\n<div class=\"wp-block-columns is-layout-flex wp-container-core-columns-is-layout-9d6595d7 wp-block-columns-is-layout-flex\">\n<div class=\"wp-block-column is-layout-flow wp-block-column-is-layout-flow\">\n<h2 class=\"ls__heading wp-block-heading has-text-align-center deco-top-center\">Wifi<\/h2>\n\n\n\n<p class=\"ls-paragraph has-text-align-center\">Nuestra conexi\u00f3n wifi <strong>cubre toda la finca<\/strong>.<\/p>\n\n\n\n<p class=\"ls-paragraph has-text-align-center\"><strong>Este servicio<\/strong> es de pago, a menos que se aloje en nuestro alojamiento premium.<\/p>\n<\/div>\n<\/div>\n\n\r\n    <\/div>\r\n<\/section>\n\n<section id=\"ls-section-block_baf20526676af9ee4e4aa12643a29eda\" class=\"ls-section  page-one\" >\r\n        <div class=\"container container--wide\">\r\n        \n\n<div class=\"wp-block-columns is-layout-flex wp-container-core-columns-is-layout-9d6595d7 wp-block-columns-is-layout-flex\">\n<div class=\"wp-block-column is-vertically-aligned-center is-layout-flow wp-block-column-is-layout-flow\" style=\"flex-basis:33.33%\">\n<h2 class=\"ls__heading wp-block-heading deco\">Kit de <em>beb\u00e9<\/em><\/h2>\n\n\n\n<p class=\"ls-paragraph\">Para sus hijos peque\u00f1os, podemos <strong>alquilar una cuna<\/strong>, una <strong>trona o una ba\u00f1era para<\/strong> beb\u00e9s.<\/p>\n<\/div>\n\n\n\n<div class=\"wp-block-column is-layout-flow wp-block-column-is-layout-flow\" style=\"flex-basis:66.66%\">\n<figure class=\"wp-block-image size-full\"><img decoding=\"async\" width=\"1004\" height=\"803\" src=\"https:\/\/domainelesoreades.com\/wp-content\/uploads\/2023\/09\/bebe-location-chaise.webp\" alt=\"alquiler de sillas de beb\u00e9\" class=\"wp-image-6047\" srcset=\"https:\/\/domainelesoreades.com\/wp-content\/uploads\/2023\/09\/bebe-location-chaise.webp 1004w, https:\/\/domainelesoreades.com\/wp-content\/uploads\/2023\/09\/bebe-location-chaise-300x240.webp 300w, https:\/\/domainelesoreades.com\/wp-content\/uploads\/2023\/09\/bebe-location-chaise-768x614.webp 768w\" sizes=\"(max-width: 1004px) 100vw, 1004px\" \/><\/figure>\n<\/div>\n<\/div>\n\n\r\n    <\/div>\r\n<\/section>\n\n<section id=\"ls-section-block_89f6fea7eb32a21f2ae6198fb9efbe20\" class=\"ls-section  page-maillage has-p-b p-b-14\" >\r\n        <div class=\"container container--wide\">\r\n        \n\n<div id=\"ls-heading ls-titre-div-block_5108a8f23c331cfc6802bc2732ec181a\" class=\"ls-titre-div deco h2-like\" >\n    <em>Descubra nuestro parque acu\u00e1tico, <\/em> <\/br>y nuestros alojamientos y restaurantes.<\/div>\n\n\n<div id=\"ls-maillage-block_296b6c7c066cc5f4cc617bed92c77046\" class=\"ls-maillage cta-style-normal\" data-rows=\"3\">\n    <div class=\"wp-block-columns\"><div class=\"wp-block-column\"><div class=\"ls-cta \">\n\n<a href=\"https:\/\/domainelesoreades.com\/es\/holiday-home-landes\/\" target=\"\" rel=\"noopener\" class=\"ls-cta__link\">\n\n\t<div class=\"ls-cta__image\"><img decoding=\"async\" src=\"https:\/\/domainelesoreades.com\/wp-content\/uploads\/2023\/08\/location-mobil-home-landes.webp\" alt=\"alquiler de autocaravanas landes\"><\/div>\n\t<div class=\"ls-cta__title\">\n\t\tTodos nuestros alojamientos\t<\/div>\n\t<div class=\"ls-button ls-button--cta\"><span>Descubra<\/span><i class='oreades-right-arrow'><\/i><\/div>\n\n\t\n\t\t\n<\/a>\n\n\n<\/div><\/div><div class=\"wp-block-column\"><div class=\"ls-cta \">\n\n<a href=\"https:\/\/domainelesoreades.com\/es\/restaurante-landes\/\" target=\"\" rel=\"noopener\" class=\"ls-cta__link\">\n\n\t<div class=\"ls-cta__image\"><img decoding=\"async\" src=\"https:\/\/domainelesoreades.com\/wp-content\/uploads\/2023\/09\/preparation-en-chuisine-chef.webp\" alt=\"preparaci\u00f3n en la cocina principal\"><\/div>\n\t<div class=\"ls-cta__title\">\n\t\tCatering\t<\/div>\n\t<div class=\"ls-button ls-button--cta\"><span>Descubra<\/span><i class='oreades-right-arrow'><\/i><\/div>\n\n\t\n\t\t\n<\/a>\n\n\n<\/div><\/div><div class=\"wp-block-column\"><div class=\"ls-cta \">\n\n<a href=\"https:\/\/domainelesoreades.com\/es\/camping-zona-acuatica-landes\/\" target=\"\" rel=\"noopener\" class=\"ls-cta__link\">\n\n\t<div class=\"ls-cta__image\"><img decoding=\"async\" src=\"https:\/\/domainelesoreades.com\/wp-content\/uploads\/2023\/08\/camping-piscine-chauffee-landes.webp\" alt=\"camping piscina climatizada landes\"><\/div>\n\t<div class=\"ls-cta__title\">\n\t\tZona acu\u00e1tica\t<\/div>\n\t<div class=\"ls-button ls-button--cta\"><span>Descubra<\/span><i class='oreades-right-arrow'><\/i><\/div>\n\n\t\n\t\t\n<\/a>\n\n\n<\/div><\/div><\/div><\/div>\n\r\n    <\/div>\r\n<\/section>","protected":false},"excerpt":{"rendered":"","protected":false},"author":1,"featured_media":6066,"parent":0,"menu_order":0,"comment_status":"closed","ping_status":"closed","template":"","meta":{"_acf_changed":false,"inline_featured_image":false,"footnotes":""},"sujet":[],"class_list":["post-8973","page","type-page","status-publish","has-post-thumbnail","hentry"],"acf":[],"yoast_head":"<!-- This site is optimized with the Yoast SEO plugin v24.3 - https:\/\/yoast.com\/wordpress\/plugins\/seo\/ -->\n<title>Camping de lujo en las Landas: servicios de alta gama en nuestro camping de Sanguinet<\/title>\n<meta name=\"robots\" content=\"index, follow, max-snippet:-1, max-image-preview:large, max-video-preview:-1\" \/>\n<link rel=\"canonical\" href=\"https:\/\/domainelesoreades.com\/es\/camping-lujo-servicios-landes\/\" \/>\n<meta property=\"og:locale\" content=\"es_ES\" \/>\n<meta property=\"og:type\" content=\"article\" \/>\n<meta property=\"og:title\" content=\"Camping de lujo en las Landas: servicios de alta gama en nuestro camping de Sanguinet\" \/>\n<meta property=\"og:url\" content=\"https:\/\/domainelesoreades.com\/es\/camping-lujo-servicios-landes\/\" \/>\n<meta property=\"og:site_name\" content=\"Domaine des Or\u00e9ades\" \/>\n<meta property=\"article:modified_time\" content=\"2026-02-24T08:48:14+00:00\" \/>\n<meta property=\"og:image\" content=\"https:\/\/domainelesoreades.com\/wp-content\/uploads\/2023\/09\/services-camping-yelloh.webp\" \/>\n\t<meta property=\"og:image:width\" content=\"1903\" \/>\n\t<meta property=\"og:image:height\" content=\"665\" \/>\n\t<meta property=\"og:image:type\" content=\"image\/webp\" \/>\n<meta name=\"twitter:card\" content=\"summary_large_image\" \/>\n<meta name=\"twitter:label1\" content=\"Tiempo de lectura\" \/>\n\t<meta name=\"twitter:data1\" content=\"3 minutos\" \/>\n<script type=\"application\/ld+json\" class=\"yoast-schema-graph\">{\"@context\":\"https:\/\/schema.org\",\"@graph\":[{\"@type\":\"WebPage\",\"@id\":\"https:\/\/domainelesoreades.com\/es\/camping-lujo-servicios-landes\/\",\"url\":\"https:\/\/domainelesoreades.com\/es\/camping-lujo-servicios-landes\/\",\"name\":\"Camping de lujo en las Landas: servicios de alta gama en nuestro camping de Sanguinet\",\"isPartOf\":{\"@id\":\"https:\/\/domainelesoreades.com\/es\/#website\"},\"primaryImageOfPage\":{\"@id\":\"https:\/\/domainelesoreades.com\/es\/camping-lujo-servicios-landes\/#primaryimage\"},\"image\":{\"@id\":\"https:\/\/domainelesoreades.com\/es\/camping-lujo-servicios-landes\/#primaryimage\"},\"thumbnailUrl\":\"https:\/\/domainelesoreades.com\/wp-content\/uploads\/2023\/09\/services-camping-yelloh.webp\",\"datePublished\":\"2023-08-16T08:38:55+00:00\",\"dateModified\":\"2026-02-24T08:48:14+00:00\",\"breadcrumb\":{\"@id\":\"https:\/\/domainelesoreades.com\/es\/camping-lujo-servicios-landes\/#breadcrumb\"},\"inLanguage\":\"es\",\"potentialAction\":[{\"@type\":\"ReadAction\",\"target\":[\"https:\/\/domainelesoreades.com\/es\/camping-lujo-servicios-landes\/\"]}]},{\"@type\":\"ImageObject\",\"inLanguage\":\"es\",\"@id\":\"https:\/\/domainelesoreades.com\/es\/camping-lujo-servicios-landes\/#primaryimage\",\"url\":\"https:\/\/domainelesoreades.com\/wp-content\/uploads\/2023\/09\/services-camping-yelloh.webp\",\"contentUrl\":\"https:\/\/domainelesoreades.com\/wp-content\/uploads\/2023\/09\/services-camping-yelloh.webp\",\"width\":1903,\"height\":665,\"caption\":\"servicios camping yelloh\"},{\"@type\":\"BreadcrumbList\",\"@id\":\"https:\/\/domainelesoreades.com\/es\/camping-lujo-servicios-landes\/#breadcrumb\",\"itemListElement\":[{\"@type\":\"ListItem\",\"position\":1,\"name\":\"Camping Landes\",\"item\":\"https:\/\/domainelesoreades.com\/es\/\"},{\"@type\":\"ListItem\",\"position\":2,\"name\":\"Servicios\"}]},{\"@type\":\"WebSite\",\"@id\":\"https:\/\/domainelesoreades.com\/es\/#website\",\"url\":\"https:\/\/domainelesoreades.com\/es\/\",\"name\":\"Domaine des Or\u00e9ades\",\"description\":\"\",\"publisher\":{\"@id\":\"https:\/\/domainelesoreades.com\/es\/#organization\"},\"potentialAction\":[{\"@type\":\"SearchAction\",\"target\":{\"@type\":\"EntryPoint\",\"urlTemplate\":\"https:\/\/domainelesoreades.com\/es\/?s={search_term_string}\"},\"query-input\":{\"@type\":\"PropertyValueSpecification\",\"valueRequired\":true,\"valueName\":\"search_term_string\"}}],\"inLanguage\":\"es\"},{\"@type\":\"Organization\",\"@id\":\"https:\/\/domainelesoreades.com\/es\/#organization\",\"name\":\"Domaine des Or\u00e9ades\",\"url\":\"https:\/\/domainelesoreades.com\/es\/\",\"logo\":{\"@type\":\"ImageObject\",\"inLanguage\":\"es\",\"@id\":\"https:\/\/domainelesoreades.com\/es\/#\/schema\/logo\/image\/\",\"url\":\"https:\/\/domainelesoreades.com\/wp-content\/uploads\/2023\/08\/cropped-les-oreades-logo-blc.png\",\"contentUrl\":\"https:\/\/domainelesoreades.com\/wp-content\/uploads\/2023\/08\/cropped-les-oreades-logo-blc.png\",\"width\":490,\"height\":175,\"caption\":\"Domaine des Or\u00e9ades\"},\"image\":{\"@id\":\"https:\/\/domainelesoreades.com\/es\/#\/schema\/logo\/image\/\"}}]}<\/script>\n<!-- \/ Yoast SEO plugin. -->","yoast_head_json":{"title":"Camping de lujo en las Landas: servicios de alta gama en nuestro camping de Sanguinet","robots":{"index":"index","follow":"follow","max-snippet":"max-snippet:-1","max-image-preview":"max-image-preview:large","max-video-preview":"max-video-preview:-1"},"canonical":"https:\/\/domainelesoreades.com\/es\/camping-lujo-servicios-landes\/","og_locale":"es_ES","og_type":"article","og_title":"Camping de lujo en las Landas: servicios de alta gama en nuestro camping de Sanguinet","og_url":"https:\/\/domainelesoreades.com\/es\/camping-lujo-servicios-landes\/","og_site_name":"Domaine des Or\u00e9ades","article_modified_time":"2026-02-24T08:48:14+00:00","og_image":[{"width":1903,"height":665,"url":"https:\/\/domainelesoreades.com\/wp-content\/uploads\/2023\/09\/services-camping-yelloh.webp","type":"image\/webp"}],"twitter_card":"summary_large_image","twitter_misc":{"Tiempo de lectura":"3 minutos"},"schema":{"@context":"https:\/\/schema.org","@graph":[{"@type":"WebPage","@id":"https:\/\/domainelesoreades.com\/es\/camping-lujo-servicios-landes\/","url":"https:\/\/domainelesoreades.com\/es\/camping-lujo-servicios-landes\/","name":"Camping de lujo en las Landas: servicios de alta gama en nuestro camping de Sanguinet","isPartOf":{"@id":"https:\/\/domainelesoreades.com\/es\/#website"},"primaryImageOfPage":{"@id":"https:\/\/domainelesoreades.com\/es\/camping-lujo-servicios-landes\/#primaryimage"},"image":{"@id":"https:\/\/domainelesoreades.com\/es\/camping-lujo-servicios-landes\/#primaryimage"},"thumbnailUrl":"https:\/\/domainelesoreades.com\/wp-content\/uploads\/2023\/09\/services-camping-yelloh.webp","datePublished":"2023-08-16T08:38:55+00:00","dateModified":"2026-02-24T08:48:14+00:00","breadcrumb":{"@id":"https:\/\/domainelesoreades.com\/es\/camping-lujo-servicios-landes\/#breadcrumb"},"inLanguage":"es","potentialAction":[{"@type":"ReadAction","target":["https:\/\/domainelesoreades.com\/es\/camping-lujo-servicios-landes\/"]}]},{"@type":"ImageObject","inLanguage":"es","@id":"https:\/\/domainelesoreades.com\/es\/camping-lujo-servicios-landes\/#primaryimage","url":"https:\/\/domainelesoreades.com\/wp-content\/uploads\/2023\/09\/services-camping-yelloh.webp","contentUrl":"https:\/\/domainelesoreades.com\/wp-content\/uploads\/2023\/09\/services-camping-yelloh.webp","width":1903,"height":665,"caption":"servicios camping yelloh"},{"@type":"BreadcrumbList","@id":"https:\/\/domainelesoreades.com\/es\/camping-lujo-servicios-landes\/#breadcrumb","itemListElement":[{"@type":"ListItem","position":1,"name":"Camping Landes","item":"https:\/\/domainelesoreades.com\/es\/"},{"@type":"ListItem","position":2,"name":"Servicios"}]},{"@type":"WebSite","@id":"https:\/\/domainelesoreades.com\/es\/#website","url":"https:\/\/domainelesoreades.com\/es\/","name":"Domaine des Or\u00e9ades","description":"","publisher":{"@id":"https:\/\/domainelesoreades.com\/es\/#organization"},"potentialAction":[{"@type":"SearchAction","target":{"@type":"EntryPoint","urlTemplate":"https:\/\/domainelesoreades.com\/es\/?s={search_term_string}"},"query-input":{"@type":"PropertyValueSpecification","valueRequired":true,"valueName":"search_term_string"}}],"inLanguage":"es"},{"@type":"Organization","@id":"https:\/\/domainelesoreades.com\/es\/#organization","name":"Domaine des Or\u00e9ades","url":"https:\/\/domainelesoreades.com\/es\/","logo":{"@type":"ImageObject","inLanguage":"es","@id":"https:\/\/domainelesoreades.com\/es\/#\/schema\/logo\/image\/","url":"https:\/\/domainelesoreades.com\/wp-content\/uploads\/2023\/08\/cropped-les-oreades-logo-blc.png","contentUrl":"https:\/\/domainelesoreades.com\/wp-content\/uploads\/2023\/08\/cropped-les-oreades-logo-blc.png","width":490,"height":175,"caption":"Domaine des Or\u00e9ades"},"image":{"@id":"https:\/\/domainelesoreades.com\/es\/#\/schema\/logo\/image\/"}}]}},"_links":{"self":[{"href":"https:\/\/domainelesoreades.com\/es\/wp-json\/wp\/v2\/pages\/8973","targetHints":{"allow":["GET"]}}],"collection":[{"href":"https:\/\/domainelesoreades.com\/es\/wp-json\/wp\/v2\/pages"}],"about":[{"href":"https:\/\/domainelesoreades.com\/es\/wp-json\/wp\/v2\/types\/page"}],"author":[{"embeddable":true,"href":"https:\/\/domainelesoreades.com\/es\/wp-json\/wp\/v2\/users\/1"}],"replies":[{"embeddable":true,"href":"https:\/\/domainelesoreades.com\/es\/wp-json\/wp\/v2\/comments?post=8973"}],"version-history":[{"count":5,"href":"https:\/\/domainelesoreades.com\/es\/wp-json\/wp\/v2\/pages\/8973\/revisions"}],"predecessor-version":[{"id":28230,"href":"https:\/\/domainelesoreades.com\/es\/wp-json\/wp\/v2\/pages\/8973\/revisions\/28230"}],"wp:featuredmedia":[{"embeddable":true,"href":"https:\/\/domainelesoreades.com\/es\/wp-json\/wp\/v2\/media\/6066"}],"wp:attachment":[{"href":"https:\/\/domainelesoreades.com\/es\/wp-json\/wp\/v2\/media?parent=8973"}],"wp:term":[{"taxonomy":"sujet","embeddable":true,"href":"https:\/\/domainelesoreades.com\/es\/wp-json\/wp\/v2\/sujet?post=8973"}],"curies":[{"name":"wp","href":"https:\/\/api.w.org\/{rel}","templated":true}]}}