{"id":8977,"date":"2023-08-03T14:40:30","date_gmt":"2023-08-03T12:40:30","guid":{"rendered":"https:\/\/domainelesoreades.com\/contacto\/"},"modified":"2025-02-27T16:56:30","modified_gmt":"2025-02-27T15:56:30","slug":"contacto","status":"publish","type":"page","link":"https:\/\/domainelesoreades.com\/es\/contacto\/","title":{"rendered":"Contacto e informaci\u00f3n"},"content":{"rendered":"<section id=\"ls-section-block_d0500165f65d8717c2ed8c64f13eb381\" class=\"ls-section  page-intro\" >\r\n        <div class=\"container \">\r\n        \n\n<h1 class=\"ls__heading wp-block-heading has-text-align-center\">Contacto Domaine Les Or\u00e9ades<\/h1>\n\n\n\n<p class=\"ls-paragraph has-text-align-center\"><a href=\"https:\/\/domainelesoreades.com\/es\/\">\u00a1Yelloh! Village Domaine Les Or\u00e9ades<\/a>  te da la bienvenida del <strong>2 de abril al 20 de septiembre de 2025<\/strong>.<\/p>\n\n\r\n    <\/div>\r\n<\/section><section id=\"ls-section-block_8521e1ab23040fd098379d23c4180b19\" class=\"ls-section  page-one has-m-t m-t-0 has-p-t p-t-0\" >\r\n        <div class=\"container container--wide\">\r\n        \n\n<div class=\"wp-block-columns page-one is-layout-flex wp-container-core-columns-is-layout-9d6595d7 wp-block-columns-is-layout-flex\">\n<div class=\"wp-block-column is-layout-flow wp-block-column-is-layout-flow\">\n<h2 class=\"ls__heading wp-block-heading deco\">Datos de contacto<\/h2>\n\n\n\n<div id=\"ls-infos-block_44f0b8ee07ec6147e0935d96fd121146\" class=\"ls-infos has-m-b m-b-7\">\n    \n    <div class=\"ls-infos__content\">\n\n        <div class=\"ls-infos__phone\">\n                        \n                        <i class=\"oreades-phone-call-02\"><\/i> +33 5 58 78 60 79            \n        <\/div>\n        <div class=\"ls-infos__mail\">\n            <i class=\"fas fa-envelope\"><\/i> contact@domainelesoreades.com        <\/div>\n\n        <div class=\"ls-infos__adresse\">\n            <i class='fas fa-map-marker-alt'><\/i>\n            <div class=\"ls-infos__adresse--content\">\n                602 chemin de Sabas <br \/>\n                40460                Sanguinet            <\/div>\n        <\/div>\n    <\/div>\n<\/div>\n\n\n<h2 class=\"ls__heading wp-block-heading has-text-align-left deco\">Horario de recepci\u00f3n<\/h2>\n\n\n\n<p class=\"ls-paragraph has-text-align-left\"><strong>Temporada baja:<\/strong><br\/>De lunes a jueves: 9.00 h. &#8211; 12.00 h. \/ 14.00 h. &#8211; 18.00 h.<br\/>Viernes: 9.00 h. &#8211; 12.00 h. \/ 14.00 h. &#8211; 19.00 h.<br\/>S\u00e1bado: 8.00 h. &#8211; 20.00 h. <br\/>Domingo: 9.00 h. &#8211; 12.00 h. \/ 14.00 h. &#8211; 18.00 h.<\/p>\n\n\n\n<p class=\"ls-paragraph has-text-align-left\"><strong>Temporada alta (julio \/ agosto):<\/strong><br\/>Todos los d\u00edas: de 8.00 a 20.00 horas<\/p>\n<\/div>\n\n\n\n<div class=\"wp-block-column is-layout-flow wp-block-column-is-layout-flow\">\n<div class=\"wp-block-contact-form-7-contact-form-selector\">\n<div class=\"wpcf7 no-js\" id=\"wpcf7-f8865-o1\" lang=\"es-ES\" dir=\"ltr\" data-wpcf7-id=\"8865\">\n<div class=\"screen-reader-response\"><p role=\"status\" aria-live=\"polite\" aria-atomic=\"true\"><\/p> <ul><\/ul><\/div>\n<form action=\"\/es\/wp-json\/wp\/v2\/pages\/8977#wpcf7-f8865-o1\" method=\"post\" class=\"wpcf7-form init\" aria-label=\"Formulario de contacto\" novalidate=\"novalidate\" data-status=\"init\">\n<div style=\"display: none;\">\n<input type=\"hidden\" name=\"_wpcf7\" value=\"8865\" \/>\n<input type=\"hidden\" name=\"_wpcf7_version\" value=\"6.0.3\" \/>\n<input type=\"hidden\" name=\"_wpcf7_locale\" value=\"es_ES\" \/>\n<input type=\"hidden\" name=\"_wpcf7_unit_tag\" value=\"wpcf7-f8865-o1\" \/>\n<input type=\"hidden\" name=\"_wpcf7_container_post\" value=\"0\" \/>\n<input type=\"hidden\" name=\"_wpcf7_posted_data_hash\" value=\"\" \/>\n<input type=\"hidden\" name=\"_wpcf7_recaptcha_response\" value=\"\" \/>\n<\/div>\n<p><label> Su nombre<br \/>\n<span class=\"wpcf7-form-control-wrap\" data-name=\"your-name\"><input size=\"40\" maxlength=\"400\" class=\"wpcf7-form-control wpcf7-text wpcf7-validates-as-required\" aria-required=\"true\" aria-invalid=\"false\" value=\"\" type=\"text\" name=\"your-name\" \/><\/span> <\/label>\n<\/p>\n<p><label> Tu correo electr\u00f3nico<br \/>\n<span class=\"wpcf7-form-control-wrap\" data-name=\"your-email\"><input size=\"40\" maxlength=\"400\" class=\"wpcf7-form-control wpcf7-email wpcf7-validates-as-required wpcf7-text wpcf7-validates-as-email\" aria-required=\"true\" aria-invalid=\"false\" value=\"\" type=\"email\" name=\"your-email\" \/><\/span> <\/label>\n<\/p>\n<p><label> Asunto<br \/>\n<span class=\"wpcf7-form-control-wrap\" data-name=\"your-subject\"><input size=\"40\" maxlength=\"400\" class=\"wpcf7-form-control wpcf7-text wpcf7-validates-as-required\" aria-required=\"true\" aria-invalid=\"false\" value=\"\" type=\"text\" name=\"your-subject\" \/><\/span> <\/label>\n<\/p>\n<p><label> Mensaje<br \/>\n<span class=\"wpcf7-form-control-wrap\" data-name=\"your-message\"><textarea cols=\"40\" rows=\"10\" maxlength=\"2000\" class=\"wpcf7-form-control wpcf7-textarea\" aria-invalid=\"false\" name=\"your-message\"><\/textarea><\/span> <\/label>\n<\/p>\n<p><span class=\"wpcf7-form-control-wrap\" data-name=\"acceptance-553\"><span class=\"wpcf7-form-control wpcf7-acceptance\"><span class=\"wpcf7-list-item\"><label><input type=\"checkbox\" name=\"acceptance-553\" value=\"1\" aria-invalid=\"false\" \/><span class=\"wpcf7-list-item-label\">Al marcar esta casilla, acepto la <a href=\"\/es\/politica-de-privacidad\/\" rel=\"nofollow\" target=\"_blank\">Pol\u00edtica de privacidad<\/a> de este sitio.<\/span><\/label><\/span><\/span><\/span><br \/>\n<input class=\"wpcf7-form-control wpcf7-submit has-spinner\" type=\"submit\" value=\"Enviar\" \/>\n<\/p><input type='hidden' class='wpcf7-pum' value='{\"closepopup\":false,\"closedelay\":0,\"openpopup\":false,\"openpopup_id\":0}' \/><div class=\"wpcf7-response-output\" aria-hidden=\"true\"><\/div>\n<\/form>\n<\/div>\n<\/div>\n<\/div>\n<\/div>\n\n\r\n    <\/div>\r\n<\/section><section id=\"ls-section-block_7b29fd58d87afc5477c7b3f1fd4fc497\" class=\"ls-section  page-three has-background has-color-4-background-color has-p-t p-t-14 has-p-b p-b-5\" >\r\n        <div class=\"container container--wide\">\r\n        \n\n<div class=\"wp-block-columns page-one is-layout-flex wp-container-core-columns-is-layout-9d6595d7 wp-block-columns-is-layout-flex\">\n<div class=\"wp-block-column is-layout-flow wp-block-column-is-layout-flow\">\n<h2 class=\"ls__heading wp-block-heading deco\">\u00bfC\u00f3mo <em>llegar <\/em>?<\/h2>\n\n\n\n<p class=\"ls-paragraph\">Sanguinet es un bonito pueblo de 3.000 habitantes situado en la frontera entre la Gironda y las Landas, en la zona de Bisca Grands Lacs.<\/p>\n\n\n\n<p class=\"ls-paragraph\"><strong>\u00a1Yelloh! Village Domaine Les Or\u00e9ades*****<\/strong><br\/>602 chemin de Sabas<br\/>40 460 Sanguinet<\/p>\n<\/div>\n\n\n\n<div class=\"wp-block-column is-layout-flow wp-block-column-is-layout-flow\">\n<h2 class=\"ls__heading wp-block-heading deco\">Acceda a<\/h2>\n\n\n\n<p class=\"ls-paragraph\"><strong>En tren:<\/strong> estaci\u00f3n de Biganos Facture a 23 km<br\/><strong>En coche:<\/strong> por la A10 o la A20<br\/><strong>En avi\u00f3n:<\/strong> aeropuerto de Burdeos (M\u00e9rignac) a 60 km<\/p>\n\n\n\n<p class=\"ls-paragraph\">Coordenadas GPS:<strong> 44.4954210382612, -1.0773811885188287<\/strong><\/p>\n<\/div>\n<\/div>\n\n\r\n    <\/div>\r\n<\/section>\n<iframe src=\"https:\/\/www.google.com\/maps\/embed?pb=!1m18!1m12!1m3!1d306331.60474209825!2d-1.3373249122021764!3d44.49407067687869!2m3!1f0!2f0!3f0!3m2!1i1024!2i768!4f13.1!3m3!1m2!1s0xd5485962ef0f269%3A0x3d1de069462eef03!2sCamping%20Domaine%20Les%20Or%C3%A9ades!5e0!3m2!1sfr!2sfr!4v1695281631454!5m2!1sfr!2sfr\" width=\"100%\" height=\"550\" style=\"border:0;\" allowfullscreen=\"\" loading=\"lazy\" referrerpolicy=\"no-referrer-when-downgrade\"><\/iframe>\n<section id=\"ls-section-block_b6e040c7915beb928e6d2e9d5dc0a0a7\" class=\"ls-section  page-one has-p-t p-t-14 has-p-b p-b-14\" >\r\n        <div class=\"container container--wide\">\r\n        \n\n<div class=\"wp-block-columns is-layout-flex wp-container-core-columns-is-layout-9d6595d7 wp-block-columns-is-layout-flex\">\n<div class=\"wp-block-column is-layout-flow wp-block-column-is-layout-flow\" style=\"flex-basis:66.66%\">\n<figure class=\"wp-block-image size-full\"><img decoding=\"async\" width=\"1000\" height=\"667\" src=\"https:\/\/domainelesoreades.com\/wp-content\/uploads\/2023\/09\/equipe-accueil-yelloh-village-camping.webp\" alt=\"equipo de recepci&#xF3;n yelloh village camping\" class=\"wp-image-5907\" srcset=\"https:\/\/domainelesoreades.com\/wp-content\/uploads\/2023\/09\/equipe-accueil-yelloh-village-camping.webp 1000w, https:\/\/domainelesoreades.com\/wp-content\/uploads\/2023\/09\/equipe-accueil-yelloh-village-camping-300x200.webp 300w, https:\/\/domainelesoreades.com\/wp-content\/uploads\/2023\/09\/equipe-accueil-yelloh-village-camping-768x512.webp 768w\" sizes=\"(max-width: 1000px) 100vw, 1000px\" \/><\/figure>\n<\/div>\n\n\n\n<div class=\"wp-block-column is-vertically-aligned-center is-layout-flow wp-block-column-is-layout-flow\" style=\"flex-basis:33.33%\">\n<h2 class=\"ls__heading wp-block-heading deco\">Su llegada, salida y <em>entrega de<\/em> llaves<\/h2>\n\n\n\n<p class=\"ls-paragraph\"><strong>Para ganar tiempo y simplificar su llegada el gran d\u00eda, p\u00f3ngase en contacto con el camping para inscribirse con antelaci\u00f3n.<\/strong><\/p>\n\n\n\n<p class=\"ls-paragraph\">El alojamiento est\u00e1 disponible de 16:00 a 20:00 (s\u00e1bados, domingos y mi\u00e9rcoles en julio\/agosto) el d\u00eda de llegada.<br\/><br\/>Debe quedar libre antes de las 10:00 del d\u00eda de salida.<\/p>\n\n\n\n<p class=\"ls-paragraph\">Si llega despu\u00e9s de las 20.00 horas, informe a recepci\u00f3n.<\/p>\n\n\n\n<p class=\"ls-paragraph\"><a href=\"https:\/\/domainelesoreades.com\/es\/alquiler-mobil-home-landes\/\">Los alquileres de casas m\u00f3viles Landes<\/a> se mantienen durante 24 horas despu\u00e9s de tu fecha de llegada prevista.<br\/><br\/>Pasado este tiempo, ya no est\u00e1n reservadas para ti y se retendr\u00e1 el coste total de tu estancia.<\/p>\n\n\n\n<p class=\"ls-paragraph\">Las salidas est\u00e1n previstas los s\u00e1bados, domingos y mi\u00e9rcoles antes de las 10.00 horas.<\/p>\n<\/div>\n<\/div>\n\n\r\n    <\/div>\r\n<\/section><section id=\"ls-section-block_4c2d60fd6ecc2bcd8431672b0031cd00\" class=\"ls-section  page-one\" >\r\n        <div class=\"container container--wide\">\r\n        \n\n<div class=\"wp-block-columns is-layout-flex wp-container-core-columns-is-layout-9d6595d7 wp-block-columns-is-layout-flex\">\n<div class=\"wp-block-column is-vertically-aligned-center is-layout-flow wp-block-column-is-layout-flow\" style=\"flex-basis:33.33%\">\n<h2 class=\"ls__heading wp-block-heading deco\">Opciones<\/h2>\n\n\n\n<p class=\"ls-paragraph\"><strong>Dep\u00f3sito a pagar in situ:<\/strong> Se pedir\u00e1 un dep\u00f3sito de 100 euros a la llegada.<br\/><br\/>Se le devolver\u00e1 a su salida tras un control de inventario y limpieza en su presencia o por correo postal y electr\u00f3nico en caso de control posterior a su salida. Usted es responsable de su propia limpieza (excepto en el caso de las \u00abPagodas y caba\u00f1as de pescadores Premium\u00bb, para las que se incluye el paquete de limpieza). La propiedad debe dejarse limpia y ordenada el d\u00eda de salida. De lo contrario, se cobrar\u00e1 una limpieza completa de 150 euros. A su llegada, dispondr\u00e1 de 24 horas para comprobar su alojamiento y comunicar cualquier problema a recepci\u00f3n.<\/p>\n\n\n\n<p class=\"ls-paragraph\"><strong>Tasa de estancia (de pago local):<\/strong> 0,89 euros\/d\u00eda\/persona mayor de 18 a\u00f1os<\/p>\n\n\n\n<p class=\"ls-paragraph\"><strong>Eco-participaci\u00f3n (a pagar in situ):<\/strong> 0,50 \u20ac\/persona\/noche <strong>Mascotas (a pagar in situ):<\/strong> S\u00f3lo se admite un animal de compa\u00f1\u00eda (se requiere certificado de vacunaci\u00f3n) en los alquileres<strong>(excepto gama alta<\/strong>) por un suplemento de 6 euros por noche, es decir, 35 euros por semana. Deben llevar correa y nunca deben quedarse solos, aunque est\u00e9n atados, en el campo o en casa.<\/p>\n\n\n\n<p class=\"ls-paragraph\">No se admiten perros de 1\u00aa y 2\u00aa categor\u00eda en el camping.<\/p>\n<\/div>\n\n\n\n<div class=\"wp-block-column is-layout-flow wp-block-column-is-layout-flow\" style=\"flex-basis:66.66%\">\n<figure class=\"wp-block-image size-full\"><img decoding=\"async\" width=\"1200\" height=\"900\" src=\"https:\/\/domainelesoreades.com\/wp-content\/uploads\/2023\/09\/double-piscine-camping.webp\" alt=\"piscina doble camping\" class=\"wp-image-6483\" srcset=\"https:\/\/domainelesoreades.com\/wp-content\/uploads\/2023\/09\/double-piscine-camping.webp 1200w, https:\/\/domainelesoreades.com\/wp-content\/uploads\/2023\/09\/double-piscine-camping-300x225.webp 300w, https:\/\/domainelesoreades.com\/wp-content\/uploads\/2023\/09\/double-piscine-camping-1024x768.webp 1024w, https:\/\/domainelesoreades.com\/wp-content\/uploads\/2023\/09\/double-piscine-camping-768x576.webp 768w\" sizes=\"(max-width: 1200px) 100vw, 1200px\" \/><\/figure>\n<\/div>\n<\/div>\n\n\r\n    <\/div>\r\n<\/section><section id=\"ls-section-block_7681d65cb206245ace5c209ffd22669a\" class=\"ls-section  page-three has-background has-color-4-background-color has-p-t p-t-14 has-p-b p-b-14\" >\r\n        <div class=\"container container--wide\">\r\n        \n\n<div class=\"wp-block-columns is-layout-flex wp-container-core-columns-is-layout-9d6595d7 wp-block-columns-is-layout-flex\">\n<div class=\"wp-block-column is-layout-flow wp-block-column-is-layout-flow\">\n<h2 class=\"ls__heading wp-block-heading has-text-align-center deco-top-center\"><strong>Tenga en cuenta lo siguiente:<\/strong><\/h2>\n\n\n\n<p class=\"ls-paragraph has-text-align-center\">Los menores no acompa\u00f1ados por sus padres no pueden entrar en la finca.<\/p>\n\n\n\n<p class=\"ls-paragraph has-text-align-center\">Una estructura de alquiler se alquila por nombre y en ning\u00fan caso puede subarrendarse.<\/p>\n\n\n\n<p class=\"ls-paragraph has-text-align-center\">Toda persona no inscrita en el contrato de alquiler se considerar\u00e1 un suplemento del paquete (v\u00e9ase la lista de precios actual del camping).<\/p>\n\n\n\n<p class=\"ls-paragraph has-text-align-center\">No se permite el uso de ba\u00f1adores en ninguna de las<a href=\"https:\/\/domainelesoreades.com\/es\/camping-zona-acuatica-landes\/\">zonas acu\u00e1ticas<\/a> del camping. S\u00f3lo se permite el uso de ba\u00f1adores (o pantalones cortos).<\/p>\n\n\n\n<p class=\"ls-paragraph has-text-align-center\">Los menores de 8 a\u00f1os y los ni\u00f1os que no sepan nadar deber\u00e1n ir acompa\u00f1ados de un adulto para acceder a la zona de la piscina.<\/p>\n\n\n\n<p class=\"ls-paragraph has-text-align-center\">Las barbacoas tradicionales est\u00e1n prohibidas. Se pueden alquilar planchas de gas en recepci\u00f3n.<\/p>\n\n\n\n<p class=\"ls-paragraph has-text-align-center\">Toda persona que se aloje en Les Or\u00e9ades deber\u00e1 respetar las normas y obligaciones del camping (reglamento interno disponible previa solicitud y expuesto a la entrada de la finca).<\/p>\n<\/div>\n<\/div>\n\n\r\n    <\/div>\r\n<\/section>","protected":false},"excerpt":{"rendered":"","protected":false},"author":1,"featured_media":8753,"parent":0,"menu_order":0,"comment_status":"closed","ping_status":"closed","template":"","meta":{"_acf_changed":false,"inline_featured_image":false,"footnotes":""},"sujet":[],"class_list":["post-8977","page","type-page","status-publish","has-post-thumbnail","hentry"],"acf":[],"yoast_head":"<!-- This site is optimized with the Yoast SEO plugin v24.3 - https:\/\/yoast.com\/wordpress\/plugins\/seo\/ -->\n<title>Contactar con el Domaine des Or\u00e9ades : c\u00f3mo llegar a Sanguinet en las Landas<\/title>\n<meta name=\"robots\" content=\"index, follow, max-snippet:-1, max-image-preview:large, max-video-preview:-1\" \/>\n<link rel=\"canonical\" href=\"https:\/\/domainelesoreades.com\/es\/contacto\/\" \/>\n<meta property=\"og:locale\" content=\"es_ES\" \/>\n<meta property=\"og:type\" content=\"article\" \/>\n<meta property=\"og:title\" content=\"Contactar con el Domaine des Or\u00e9ades : c\u00f3mo llegar a Sanguinet en las Landas\" \/>\n<meta property=\"og:url\" content=\"https:\/\/domainelesoreades.com\/es\/contacto\/\" \/>\n<meta property=\"og:site_name\" content=\"Domaine des Or\u00e9ades\" \/>\n<meta property=\"article:modified_time\" content=\"2025-02-27T15:56:30+00:00\" \/>\n<meta property=\"og:image\" content=\"https:\/\/domainelesoreades.com\/wp-content\/uploads\/2023\/09\/Reception-camping-oreades-landes.webp\" \/>\n\t<meta property=\"og:image:width\" content=\"2000\" \/>\n\t<meta property=\"og:image:height\" content=\"1333\" \/>\n\t<meta property=\"og:image:type\" content=\"image\/webp\" \/>\n<meta name=\"twitter:card\" content=\"summary_large_image\" \/>\n<meta name=\"twitter:label1\" content=\"Tiempo de lectura\" \/>\n\t<meta name=\"twitter:data1\" content=\"3 minutos\" \/>\n<script type=\"application\/ld+json\" class=\"yoast-schema-graph\">{\"@context\":\"https:\/\/schema.org\",\"@graph\":[{\"@type\":\"WebPage\",\"@id\":\"https:\/\/domainelesoreades.com\/es\/contacto\/\",\"url\":\"https:\/\/domainelesoreades.com\/es\/contacto\/\",\"name\":\"Contactar con el Domaine des Or\u00e9ades : c\u00f3mo llegar a Sanguinet en las Landas\",\"isPartOf\":{\"@id\":\"https:\/\/domainelesoreades.com\/es\/#website\"},\"primaryImageOfPage\":{\"@id\":\"https:\/\/domainelesoreades.com\/es\/contacto\/#primaryimage\"},\"image\":{\"@id\":\"https:\/\/domainelesoreades.com\/es\/contacto\/#primaryimage\"},\"thumbnailUrl\":\"https:\/\/domainelesoreades.com\/wp-content\/uploads\/2023\/09\/Reception-camping-oreades-landes.webp\",\"datePublished\":\"2023-08-03T12:40:30+00:00\",\"dateModified\":\"2025-02-27T15:56:30+00:00\",\"breadcrumb\":{\"@id\":\"https:\/\/domainelesoreades.com\/es\/contacto\/#breadcrumb\"},\"inLanguage\":\"es\",\"potentialAction\":[{\"@type\":\"ReadAction\",\"target\":[\"https:\/\/domainelesoreades.com\/es\/contacto\/\"]}]},{\"@type\":\"ImageObject\",\"inLanguage\":\"es\",\"@id\":\"https:\/\/domainelesoreades.com\/es\/contacto\/#primaryimage\",\"url\":\"https:\/\/domainelesoreades.com\/wp-content\/uploads\/2023\/09\/Reception-camping-oreades-landes.webp\",\"contentUrl\":\"https:\/\/domainelesoreades.com\/wp-content\/uploads\/2023\/09\/Reception-camping-oreades-landes.webp\",\"width\":2000,\"height\":1333,\"caption\":\"Recepci\u00f3n camping or\u00e9ades landes\"},{\"@type\":\"BreadcrumbList\",\"@id\":\"https:\/\/domainelesoreades.com\/es\/contacto\/#breadcrumb\",\"itemListElement\":[{\"@type\":\"ListItem\",\"position\":1,\"name\":\"Camping Landes\",\"item\":\"https:\/\/domainelesoreades.com\/es\/\"},{\"@type\":\"ListItem\",\"position\":2,\"name\":\"Contacto e informaci\u00f3n\"}]},{\"@type\":\"WebSite\",\"@id\":\"https:\/\/domainelesoreades.com\/es\/#website\",\"url\":\"https:\/\/domainelesoreades.com\/es\/\",\"name\":\"Domaine des Or\u00e9ades\",\"description\":\"\",\"publisher\":{\"@id\":\"https:\/\/domainelesoreades.com\/es\/#organization\"},\"potentialAction\":[{\"@type\":\"SearchAction\",\"target\":{\"@type\":\"EntryPoint\",\"urlTemplate\":\"https:\/\/domainelesoreades.com\/es\/?s={search_term_string}\"},\"query-input\":{\"@type\":\"PropertyValueSpecification\",\"valueRequired\":true,\"valueName\":\"search_term_string\"}}],\"inLanguage\":\"es\"},{\"@type\":\"Organization\",\"@id\":\"https:\/\/domainelesoreades.com\/es\/#organization\",\"name\":\"Domaine des Or\u00e9ades\",\"url\":\"https:\/\/domainelesoreades.com\/es\/\",\"logo\":{\"@type\":\"ImageObject\",\"inLanguage\":\"es\",\"@id\":\"https:\/\/domainelesoreades.com\/es\/#\/schema\/logo\/image\/\",\"url\":\"https:\/\/domainelesoreades.com\/wp-content\/uploads\/2023\/08\/cropped-les-oreades-logo-blc.png\",\"contentUrl\":\"https:\/\/domainelesoreades.com\/wp-content\/uploads\/2023\/08\/cropped-les-oreades-logo-blc.png\",\"width\":490,\"height\":175,\"caption\":\"Domaine des Or\u00e9ades\"},\"image\":{\"@id\":\"https:\/\/domainelesoreades.com\/es\/#\/schema\/logo\/image\/\"}}]}<\/script>\n<!-- \/ Yoast SEO plugin. -->","yoast_head_json":{"title":"Contactar con el Domaine des Or\u00e9ades : c\u00f3mo llegar a Sanguinet en las Landas","robots":{"index":"index","follow":"follow","max-snippet":"max-snippet:-1","max-image-preview":"max-image-preview:large","max-video-preview":"max-video-preview:-1"},"canonical":"https:\/\/domainelesoreades.com\/es\/contacto\/","og_locale":"es_ES","og_type":"article","og_title":"Contactar con el Domaine des Or\u00e9ades : c\u00f3mo llegar a Sanguinet en las Landas","og_url":"https:\/\/domainelesoreades.com\/es\/contacto\/","og_site_name":"Domaine des Or\u00e9ades","article_modified_time":"2025-02-27T15:56:30+00:00","og_image":[{"width":2000,"height":1333,"url":"https:\/\/domainelesoreades.com\/wp-content\/uploads\/2023\/09\/Reception-camping-oreades-landes.webp","type":"image\/webp"}],"twitter_card":"summary_large_image","twitter_misc":{"Tiempo de lectura":"3 minutos"},"schema":{"@context":"https:\/\/schema.org","@graph":[{"@type":"WebPage","@id":"https:\/\/domainelesoreades.com\/es\/contacto\/","url":"https:\/\/domainelesoreades.com\/es\/contacto\/","name":"Contactar con el Domaine des Or\u00e9ades : c\u00f3mo llegar a Sanguinet en las Landas","isPartOf":{"@id":"https:\/\/domainelesoreades.com\/es\/#website"},"primaryImageOfPage":{"@id":"https:\/\/domainelesoreades.com\/es\/contacto\/#primaryimage"},"image":{"@id":"https:\/\/domainelesoreades.com\/es\/contacto\/#primaryimage"},"thumbnailUrl":"https:\/\/domainelesoreades.com\/wp-content\/uploads\/2023\/09\/Reception-camping-oreades-landes.webp","datePublished":"2023-08-03T12:40:30+00:00","dateModified":"2025-02-27T15:56:30+00:00","breadcrumb":{"@id":"https:\/\/domainelesoreades.com\/es\/contacto\/#breadcrumb"},"inLanguage":"es","potentialAction":[{"@type":"ReadAction","target":["https:\/\/domainelesoreades.com\/es\/contacto\/"]}]},{"@type":"ImageObject","inLanguage":"es","@id":"https:\/\/domainelesoreades.com\/es\/contacto\/#primaryimage","url":"https:\/\/domainelesoreades.com\/wp-content\/uploads\/2023\/09\/Reception-camping-oreades-landes.webp","contentUrl":"https:\/\/domainelesoreades.com\/wp-content\/uploads\/2023\/09\/Reception-camping-oreades-landes.webp","width":2000,"height":1333,"caption":"Recepci\u00f3n camping or\u00e9ades landes"},{"@type":"BreadcrumbList","@id":"https:\/\/domainelesoreades.com\/es\/contacto\/#breadcrumb","itemListElement":[{"@type":"ListItem","position":1,"name":"Camping Landes","item":"https:\/\/domainelesoreades.com\/es\/"},{"@type":"ListItem","position":2,"name":"Contacto e informaci\u00f3n"}]},{"@type":"WebSite","@id":"https:\/\/domainelesoreades.com\/es\/#website","url":"https:\/\/domainelesoreades.com\/es\/","name":"Domaine des Or\u00e9ades","description":"","publisher":{"@id":"https:\/\/domainelesoreades.com\/es\/#organization"},"potentialAction":[{"@type":"SearchAction","target":{"@type":"EntryPoint","urlTemplate":"https:\/\/domainelesoreades.com\/es\/?s={search_term_string}"},"query-input":{"@type":"PropertyValueSpecification","valueRequired":true,"valueName":"search_term_string"}}],"inLanguage":"es"},{"@type":"Organization","@id":"https:\/\/domainelesoreades.com\/es\/#organization","name":"Domaine des Or\u00e9ades","url":"https:\/\/domainelesoreades.com\/es\/","logo":{"@type":"ImageObject","inLanguage":"es","@id":"https:\/\/domainelesoreades.com\/es\/#\/schema\/logo\/image\/","url":"https:\/\/domainelesoreades.com\/wp-content\/uploads\/2023\/08\/cropped-les-oreades-logo-blc.png","contentUrl":"https:\/\/domainelesoreades.com\/wp-content\/uploads\/2023\/08\/cropped-les-oreades-logo-blc.png","width":490,"height":175,"caption":"Domaine des Or\u00e9ades"},"image":{"@id":"https:\/\/domainelesoreades.com\/es\/#\/schema\/logo\/image\/"}}]}},"_links":{"self":[{"href":"https:\/\/domainelesoreades.com\/es\/wp-json\/wp\/v2\/pages\/8977","targetHints":{"allow":["GET"]}}],"collection":[{"href":"https:\/\/domainelesoreades.com\/es\/wp-json\/wp\/v2\/pages"}],"about":[{"href":"https:\/\/domainelesoreades.com\/es\/wp-json\/wp\/v2\/types\/page"}],"author":[{"embeddable":true,"href":"https:\/\/domainelesoreades.com\/es\/wp-json\/wp\/v2\/users\/1"}],"replies":[{"embeddable":true,"href":"https:\/\/domainelesoreades.com\/es\/wp-json\/wp\/v2\/comments?post=8977"}],"version-history":[{"count":5,"href":"https:\/\/domainelesoreades.com\/es\/wp-json\/wp\/v2\/pages\/8977\/revisions"}],"predecessor-version":[{"id":24655,"href":"https:\/\/domainelesoreades.com\/es\/wp-json\/wp\/v2\/pages\/8977\/revisions\/24655"}],"wp:featuredmedia":[{"embeddable":true,"href":"https:\/\/domainelesoreades.com\/es\/wp-json\/wp\/v2\/media\/8753"}],"wp:attachment":[{"href":"https:\/\/domainelesoreades.com\/es\/wp-json\/wp\/v2\/media?parent=8977"}],"wp:term":[{"taxonomy":"sujet","embeddable":true,"href":"https:\/\/domainelesoreades.com\/es\/wp-json\/wp\/v2\/sujet?post=8977"}],"curies":[{"name":"wp","href":"https:\/\/api.w.org\/{rel}","templated":true}]}}