{"id":9091,"date":"2023-08-16T10:38:40","date_gmt":"2023-08-16T08:38:40","guid":{"rendered":"https:\/\/domainelesoreades.com\/camping-equipo-landes\/"},"modified":"2023-10-20T13:43:21","modified_gmt":"2023-10-20T11:43:21","slug":"camping-equipo-landes","status":"publish","type":"page","link":"https:\/\/domainelesoreades.com\/es\/camping-equipo-landes\/","title":{"rendered":"Nuestro equipo"},"content":{"rendered":"<section id=\"ls-section-block_99eb3915b6ac0e2d74ba01d56615ae79\" class=\"ls-section  page-intro\" >\r\n        <div class=\"container \">\r\n        \n\n<div class=\"wp-block-columns is-layout-flex wp-container-core-columns-is-layout-9d6595d7 wp-block-columns-is-layout-flex\">\n<div class=\"wp-block-column is-layout-flow wp-block-column-is-layout-flow\">\n<h1 class=\"ls__heading wp-block-heading has-text-align-center\">\u00a1En el Yelloh! Village Domaine Les Or\u00e9ades, \u00a1le prometemos unas vacaciones con una sonrisa!<\/h1>\n\n\n\n<p class=\"ls-paragraph has-text-align-center\">Nuestros equipos de alegres artesanos har\u00e1n todo lo posible para que pase las mejores vacaciones en nuestro <a href=\"https:\/\/domainelesoreades.com\/es\/\">camping de las Landas<\/a>. <\/p>\n<\/div>\n<\/div>\n\n\r\n    <\/div>\r\n<\/section><section id=\"ls-section-block_636f551e236456033aef27baa84d7913\" class=\"ls-section  page-one\" >\r\n        <div class=\"container container--wide\">\r\n        \n\n<div class=\"wp-block-columns is-layout-flex wp-container-core-columns-is-layout-9d6595d7 wp-block-columns-is-layout-flex\">\n<div class=\"wp-block-column is-vertically-aligned-center is-layout-flow wp-block-column-is-layout-flow\" style=\"flex-basis:33.33%\">\n<h2 class=\"ls__heading wp-block-heading deco\"><em>Palabras <\/em>del director<\/h2>\n\n\n\n<p class=\"ls-paragraph\">Bienvenido.<\/p>\n\n\n\n<p class=\"ls-paragraph\">Todo nuestro equipo est\u00e1 encantado de darle la bienvenida a  <strong>\u00a1Yelloh! Village Domaine Les Or\u00e9ades<\/strong>.<\/p>\n\n\n\n<p class=\"ls-paragraph\">Tanto si elige nuestro camping por la modernidad y el confort de nuestros alojamientos como por el entorno verde en el que est\u00e1 situado, en pleno coraz\u00f3n de la<strong>zona natural virgen del Lac de Sanguinet<\/strong>, estamos orgullosos de permitirle recargar las pilas en este entorno excepcional.<\/p>\n\n\n\n<p class=\"ls-paragraph\">Aqu\u00ed encontrar\u00e1 todo lo necesario para relajarse, pasar tiempo en familia y descubrir una <strong>regi\u00f3n rica en atractivos tur\u00edsticos y un terru\u00f1o excepcional<\/strong>. Si yo mismo tuviera que elegir uno de nuestros alojamientos at\u00edpicos, entre pagodas, caba\u00f1as y casas m\u00f3viles, \u00a1me decantar\u00eda por la <strong>Cabane Premium 147<\/strong>!<\/p>\n\n\n\n<p class=\"ls-paragraph\">Su orientaci\u00f3n y su parcela lo convierten en un <strong>lugar \u00fanico e \u00edntimo<\/strong>.<br\/><br\/>Es un lugar de ensue\u00f1o que ha seducido a muchos novios.<\/p>\n\n\n\n<p class=\"ls-paragraph\">Como puede ver, nos encanta nuestro camping y, sobre todo, \u00a1queremos que viva una <strong>experiencia inolvidable<\/strong>!<\/p>\n\n\n\n<p class=\"ls-paragraph\">Laurent Higos<br\/><em>Director Domaine Les Or\u00e9ades<\/em><\/p>\n<\/div>\n\n\n\n<div class=\"wp-block-column is-layout-flow wp-block-column-is-layout-flow\" style=\"flex-basis:66.66%\">\n<figure class=\"wp-block-image size-full\"><img decoding=\"async\" width=\"1004\" height=\"670\" src=\"https:\/\/domainelesoreades.com\/wp-content\/uploads\/2023\/09\/oreades-directeur-camping.webp\" alt=\"jefe de camping de oreades\" class=\"wp-image-5884\" srcset=\"https:\/\/domainelesoreades.com\/wp-content\/uploads\/2023\/09\/oreades-directeur-camping.webp 1004w, https:\/\/domainelesoreades.com\/wp-content\/uploads\/2023\/09\/oreades-directeur-camping-300x200.webp 300w, https:\/\/domainelesoreades.com\/wp-content\/uploads\/2023\/09\/oreades-directeur-camping-768x513.webp 768w\" sizes=\"(max-width: 1004px) 100vw, 1004px\" \/><\/figure>\n<\/div>\n<\/div>\n\n\r\n    <\/div>\r\n<\/section><section id=\"ls-section-block_b4deff17a0d22505d827bd457667cc14\" class=\"ls-section  page-one has-p-t p-t-14 has-p-b p-b-14\" >\r\n        <div class=\"container container--wide\">\r\n        \n\n<div class=\"wp-block-columns is-layout-flex wp-container-core-columns-is-layout-9d6595d7 wp-block-columns-is-layout-flex\">\n<div class=\"wp-block-column is-layout-flow wp-block-column-is-layout-flow\" style=\"flex-basis:66.66%\">\n<figure class=\"wp-block-image size-full\"><img decoding=\"async\" width=\"1200\" height=\"800\" src=\"https:\/\/domainelesoreades.com\/wp-content\/uploads\/2023\/10\/Yelloh-Staff-Oreades.webp\" alt=\"Personal de Yelloh Oreades\" class=\"wp-image-11818\" srcset=\"https:\/\/domainelesoreades.com\/wp-content\/uploads\/2023\/10\/Yelloh-Staff-Oreades.webp 1200w, https:\/\/domainelesoreades.com\/wp-content\/uploads\/2023\/10\/Yelloh-Staff-Oreades-300x200.webp 300w, https:\/\/domainelesoreades.com\/wp-content\/uploads\/2023\/10\/Yelloh-Staff-Oreades-1024x683.webp 1024w, https:\/\/domainelesoreades.com\/wp-content\/uploads\/2023\/10\/Yelloh-Staff-Oreades-768x512.webp 768w\" sizes=\"(max-width: 1200px) 100vw, 1200px\" \/><\/figure>\n<\/div>\n\n\n\n<div class=\"wp-block-column is-vertically-aligned-center is-layout-flow wp-block-column-is-layout-flow\" style=\"flex-basis:33.33%\">\n<h2 class=\"ls__heading wp-block-heading deco\">Nuestro <em>equipo<\/em><\/h2>\n\n\n\n<p class=\"ls-paragraph\">En el d\u00eda a d\u00eda, los  <a href=\"https:\/\/domainelesoreades.com\/es\/yelloh-village-camping-en-las-landas\/\">\u00a1Yelloh! Pueblo de las Landas<\/a>  Domaine Les Or\u00e9ades es un equipo de casi <strong>50 profesionales<\/strong> que se comprometen a garantizar su comodidad y bienestar, el mantenimiento del camping y la seguridad de todos.<\/p>\n\n\n\n<p class=\"ls-paragraph\">Los clubes infantiles est\u00e1n supervisados por <strong>animadores cualificados<\/strong>, al menos 2 por grupo de edad.<\/p>\n\n\n\n<p class=\"ls-paragraph\">Para las actividades deportivas y de ocio, los monitores reciben formaci\u00f3n espec\u00edfica para prestar el <strong>apoyo adecuado<\/strong> tanto a principiantes como a deportistas experimentados.<\/p>\n\n\n\n<p class=\"ls-paragraph\">\u00bfEst\u00e1 preparado para unas <strong>vacaciones sonrientes<\/strong>, para grandes y peque\u00f1os?<\/p>\n\n\n\n<p class=\"ls-paragraph\">\u00a1Reserve su estancia en Yelloh! Village Domaine Les Or\u00e9ades<\/p>\n<\/div>\n<\/div>\n\n\r\n    <\/div>\r\n<\/section><section id=\"ls-section-block_42fd0460815124ba4cb7f6ec25c59fd9\" class=\"ls-section  page-maillage has-p-b p-b-14\" >\r\n        <div class=\"container container--wide\">\r\n        \n\n<div id=\"ls-heading ls-titre-div-block_4dc853e136edc9f01aeb83252792a4e7\" class=\"ls-titre-div deco h2-like\" >\n    Inf\u00f3rmese <em>sobre nuestras actividades e instalaciones de bienestar, <\/em> <\/br>y nuestro alojamiento.<\/div>\n\n\n<div id=\"ls-maillage-block_92fc65f8863cc517a0e4c8a951717d47\" class=\"ls-maillage cta-style-normal\" data-rows=\"3\">\n    <div class=\"wp-block-columns\"><div class=\"wp-block-column\"><div class=\"ls-cta \">\n\n<a href=\"https:\/\/domainelesoreades.com\/es\/holiday-home-landes\/\" target=\"\" rel=\"noopener\" class=\"ls-cta__link\">\n\n\t<div class=\"ls-cta__image\"><img decoding=\"async\" src=\"https:\/\/domainelesoreades.com\/wp-content\/uploads\/2023\/08\/location-mobil-home-landes.webp\" alt=\"alquiler de autocaravanas landes\"><\/div>\n\t<div class=\"ls-cta__title\">\n\t\tTodos nuestros alojamientos\t<\/div>\n\t<div class=\"ls-button ls-button--cta\"><span>Descubra<\/span><i class='oreades-right-arrow'><\/i><\/div>\n\n\t\n\t\t\n<\/a>\n\n\n<\/div><\/div><div class=\"wp-block-column\"><div class=\"ls-cta \">\n\n<a href=\"https:\/\/domainelesoreades.com\/es\/camping-zona-acuatica-landes\/\" target=\"\" rel=\"noopener\" class=\"ls-cta__link\">\n\n\t<div class=\"ls-cta__image\"><img decoding=\"async\" src=\"https:\/\/domainelesoreades.com\/wp-content\/uploads\/2023\/08\/camping-piscine-chauffee-landes.webp\" alt=\"camping piscina climatizada landes\"><\/div>\n\t<div class=\"ls-cta__title\">\n\t\tZona acu\u00e1tica\t<\/div>\n\t<div class=\"ls-button ls-button--cta\"><span>Descubra<\/span><i class='oreades-right-arrow'><\/i><\/div>\n\n\t\n\t\t\n<\/a>\n\n\n<\/div><\/div><div class=\"wp-block-column\"><div class=\"ls-cta \">\n\n<a href=\"https:\/\/domainelesoreades.com\/es\/camping-animaciones-tierras\/\" target=\"\" rel=\"noopener\" class=\"ls-cta__link\">\n\n\t<div class=\"ls-cta__image\"><img decoding=\"async\" src=\"https:\/\/domainelesoreades.com\/wp-content\/uploads\/2023\/09\/balade-kayak-activite.webp\" alt=\"actividad en kayak\"><\/div>\n\t<div class=\"ls-cta__title\">\n\t\tActividades y momentos de bienestar\t<\/div>\n\t<div class=\"ls-button ls-button--cta\"><span>Descubra<\/span><i class='oreades-right-arrow'><\/i><\/div>\n\n\t\n\t\t\n<\/a>\n\n\n<\/div><\/div><\/div><\/div>\n\r\n    <\/div>\r\n<\/section>","protected":false},"excerpt":{"rendered":"","protected":false},"author":1,"featured_media":5895,"parent":0,"menu_order":0,"comment_status":"closed","ping_status":"closed","template":"","meta":{"_acf_changed":false,"inline_featured_image":false,"footnotes":""},"sujet":[],"class_list":["post-9091","page","type-page","status-publish","has-post-thumbnail","hentry"],"acf":[],"yoast_head":"<!-- This site is optimized with the Yoast SEO plugin v24.3 - https:\/\/yoast.com\/wordpress\/plugins\/seo\/ -->\n<title>El equipo del Domaine des Or\u00e9ades, en las Landas francesas<\/title>\n<meta name=\"robots\" content=\"index, follow, max-snippet:-1, max-image-preview:large, max-video-preview:-1\" \/>\n<link rel=\"canonical\" href=\"https:\/\/domainelesoreades.com\/es\/camping-equipo-landes\/\" \/>\n<meta property=\"og:locale\" content=\"es_ES\" \/>\n<meta property=\"og:type\" content=\"article\" \/>\n<meta property=\"og:title\" content=\"El equipo del Domaine des Or\u00e9ades, en las Landas francesas\" \/>\n<meta property=\"og:url\" content=\"https:\/\/domainelesoreades.com\/es\/camping-equipo-landes\/\" \/>\n<meta property=\"og:site_name\" content=\"Domaine des Or\u00e9ades\" \/>\n<meta property=\"article:modified_time\" content=\"2023-10-20T11:43:21+00:00\" \/>\n<meta property=\"og:image\" content=\"https:\/\/domainelesoreades.com\/wp-content\/uploads\/2023\/09\/vue-camping-et-lac-depuis-drone.webp\" \/>\n\t<meta property=\"og:image:width\" content=\"1903\" \/>\n\t<meta property=\"og:image:height\" content=\"665\" \/>\n\t<meta property=\"og:image:type\" content=\"image\/webp\" \/>\n<meta name=\"twitter:card\" content=\"summary_large_image\" \/>\n<meta name=\"twitter:label1\" content=\"Tiempo de lectura\" \/>\n\t<meta name=\"twitter:data1\" content=\"2 minutos\" \/>\n<script type=\"application\/ld+json\" class=\"yoast-schema-graph\">{\"@context\":\"https:\/\/schema.org\",\"@graph\":[{\"@type\":\"WebPage\",\"@id\":\"https:\/\/domainelesoreades.com\/es\/camping-equipo-landes\/\",\"url\":\"https:\/\/domainelesoreades.com\/es\/camping-equipo-landes\/\",\"name\":\"El equipo del Domaine des Or\u00e9ades, en las Landas francesas\",\"isPartOf\":{\"@id\":\"https:\/\/domainelesoreades.com\/es\/#website\"},\"primaryImageOfPage\":{\"@id\":\"https:\/\/domainelesoreades.com\/es\/camping-equipo-landes\/#primaryimage\"},\"image\":{\"@id\":\"https:\/\/domainelesoreades.com\/es\/camping-equipo-landes\/#primaryimage\"},\"thumbnailUrl\":\"https:\/\/domainelesoreades.com\/wp-content\/uploads\/2023\/09\/vue-camping-et-lac-depuis-drone.webp\",\"datePublished\":\"2023-08-16T08:38:40+00:00\",\"dateModified\":\"2023-10-20T11:43:21+00:00\",\"breadcrumb\":{\"@id\":\"https:\/\/domainelesoreades.com\/es\/camping-equipo-landes\/#breadcrumb\"},\"inLanguage\":\"es\",\"potentialAction\":[{\"@type\":\"ReadAction\",\"target\":[\"https:\/\/domainelesoreades.com\/es\/camping-equipo-landes\/\"]}]},{\"@type\":\"ImageObject\",\"inLanguage\":\"es\",\"@id\":\"https:\/\/domainelesoreades.com\/es\/camping-equipo-landes\/#primaryimage\",\"url\":\"https:\/\/domainelesoreades.com\/wp-content\/uploads\/2023\/09\/vue-camping-et-lac-depuis-drone.webp\",\"contentUrl\":\"https:\/\/domainelesoreades.com\/wp-content\/uploads\/2023\/09\/vue-camping-et-lac-depuis-drone.webp\",\"width\":1903,\"height\":665,\"caption\":\"vista del camping y del lago desde un dron\"},{\"@type\":\"BreadcrumbList\",\"@id\":\"https:\/\/domainelesoreades.com\/es\/camping-equipo-landes\/#breadcrumb\",\"itemListElement\":[{\"@type\":\"ListItem\",\"position\":1,\"name\":\"Camping Landes\",\"item\":\"https:\/\/domainelesoreades.com\/es\/\"},{\"@type\":\"ListItem\",\"position\":2,\"name\":\"Nuestro equipo\"}]},{\"@type\":\"WebSite\",\"@id\":\"https:\/\/domainelesoreades.com\/es\/#website\",\"url\":\"https:\/\/domainelesoreades.com\/es\/\",\"name\":\"Domaine des Or\u00e9ades\",\"description\":\"\",\"publisher\":{\"@id\":\"https:\/\/domainelesoreades.com\/es\/#organization\"},\"potentialAction\":[{\"@type\":\"SearchAction\",\"target\":{\"@type\":\"EntryPoint\",\"urlTemplate\":\"https:\/\/domainelesoreades.com\/es\/?s={search_term_string}\"},\"query-input\":{\"@type\":\"PropertyValueSpecification\",\"valueRequired\":true,\"valueName\":\"search_term_string\"}}],\"inLanguage\":\"es\"},{\"@type\":\"Organization\",\"@id\":\"https:\/\/domainelesoreades.com\/es\/#organization\",\"name\":\"Domaine des Or\u00e9ades\",\"url\":\"https:\/\/domainelesoreades.com\/es\/\",\"logo\":{\"@type\":\"ImageObject\",\"inLanguage\":\"es\",\"@id\":\"https:\/\/domainelesoreades.com\/es\/#\/schema\/logo\/image\/\",\"url\":\"https:\/\/domainelesoreades.com\/wp-content\/uploads\/2023\/08\/cropped-les-oreades-logo-blc.png\",\"contentUrl\":\"https:\/\/domainelesoreades.com\/wp-content\/uploads\/2023\/08\/cropped-les-oreades-logo-blc.png\",\"width\":490,\"height\":175,\"caption\":\"Domaine des Or\u00e9ades\"},\"image\":{\"@id\":\"https:\/\/domainelesoreades.com\/es\/#\/schema\/logo\/image\/\"}}]}<\/script>\n<!-- \/ Yoast SEO plugin. -->","yoast_head_json":{"title":"El equipo del Domaine des Or\u00e9ades, en las Landas francesas","robots":{"index":"index","follow":"follow","max-snippet":"max-snippet:-1","max-image-preview":"max-image-preview:large","max-video-preview":"max-video-preview:-1"},"canonical":"https:\/\/domainelesoreades.com\/es\/camping-equipo-landes\/","og_locale":"es_ES","og_type":"article","og_title":"El equipo del Domaine des Or\u00e9ades, en las Landas francesas","og_url":"https:\/\/domainelesoreades.com\/es\/camping-equipo-landes\/","og_site_name":"Domaine des Or\u00e9ades","article_modified_time":"2023-10-20T11:43:21+00:00","og_image":[{"width":1903,"height":665,"url":"https:\/\/domainelesoreades.com\/wp-content\/uploads\/2023\/09\/vue-camping-et-lac-depuis-drone.webp","type":"image\/webp"}],"twitter_card":"summary_large_image","twitter_misc":{"Tiempo de lectura":"2 minutos"},"schema":{"@context":"https:\/\/schema.org","@graph":[{"@type":"WebPage","@id":"https:\/\/domainelesoreades.com\/es\/camping-equipo-landes\/","url":"https:\/\/domainelesoreades.com\/es\/camping-equipo-landes\/","name":"El equipo del Domaine des Or\u00e9ades, en las Landas francesas","isPartOf":{"@id":"https:\/\/domainelesoreades.com\/es\/#website"},"primaryImageOfPage":{"@id":"https:\/\/domainelesoreades.com\/es\/camping-equipo-landes\/#primaryimage"},"image":{"@id":"https:\/\/domainelesoreades.com\/es\/camping-equipo-landes\/#primaryimage"},"thumbnailUrl":"https:\/\/domainelesoreades.com\/wp-content\/uploads\/2023\/09\/vue-camping-et-lac-depuis-drone.webp","datePublished":"2023-08-16T08:38:40+00:00","dateModified":"2023-10-20T11:43:21+00:00","breadcrumb":{"@id":"https:\/\/domainelesoreades.com\/es\/camping-equipo-landes\/#breadcrumb"},"inLanguage":"es","potentialAction":[{"@type":"ReadAction","target":["https:\/\/domainelesoreades.com\/es\/camping-equipo-landes\/"]}]},{"@type":"ImageObject","inLanguage":"es","@id":"https:\/\/domainelesoreades.com\/es\/camping-equipo-landes\/#primaryimage","url":"https:\/\/domainelesoreades.com\/wp-content\/uploads\/2023\/09\/vue-camping-et-lac-depuis-drone.webp","contentUrl":"https:\/\/domainelesoreades.com\/wp-content\/uploads\/2023\/09\/vue-camping-et-lac-depuis-drone.webp","width":1903,"height":665,"caption":"vista del camping y del lago desde un dron"},{"@type":"BreadcrumbList","@id":"https:\/\/domainelesoreades.com\/es\/camping-equipo-landes\/#breadcrumb","itemListElement":[{"@type":"ListItem","position":1,"name":"Camping Landes","item":"https:\/\/domainelesoreades.com\/es\/"},{"@type":"ListItem","position":2,"name":"Nuestro equipo"}]},{"@type":"WebSite","@id":"https:\/\/domainelesoreades.com\/es\/#website","url":"https:\/\/domainelesoreades.com\/es\/","name":"Domaine des Or\u00e9ades","description":"","publisher":{"@id":"https:\/\/domainelesoreades.com\/es\/#organization"},"potentialAction":[{"@type":"SearchAction","target":{"@type":"EntryPoint","urlTemplate":"https:\/\/domainelesoreades.com\/es\/?s={search_term_string}"},"query-input":{"@type":"PropertyValueSpecification","valueRequired":true,"valueName":"search_term_string"}}],"inLanguage":"es"},{"@type":"Organization","@id":"https:\/\/domainelesoreades.com\/es\/#organization","name":"Domaine des Or\u00e9ades","url":"https:\/\/domainelesoreades.com\/es\/","logo":{"@type":"ImageObject","inLanguage":"es","@id":"https:\/\/domainelesoreades.com\/es\/#\/schema\/logo\/image\/","url":"https:\/\/domainelesoreades.com\/wp-content\/uploads\/2023\/08\/cropped-les-oreades-logo-blc.png","contentUrl":"https:\/\/domainelesoreades.com\/wp-content\/uploads\/2023\/08\/cropped-les-oreades-logo-blc.png","width":490,"height":175,"caption":"Domaine des Or\u00e9ades"},"image":{"@id":"https:\/\/domainelesoreades.com\/es\/#\/schema\/logo\/image\/"}}]}},"_links":{"self":[{"href":"https:\/\/domainelesoreades.com\/es\/wp-json\/wp\/v2\/pages\/9091","targetHints":{"allow":["GET"]}}],"collection":[{"href":"https:\/\/domainelesoreades.com\/es\/wp-json\/wp\/v2\/pages"}],"about":[{"href":"https:\/\/domainelesoreades.com\/es\/wp-json\/wp\/v2\/types\/page"}],"author":[{"embeddable":true,"href":"https:\/\/domainelesoreades.com\/es\/wp-json\/wp\/v2\/users\/1"}],"replies":[{"embeddable":true,"href":"https:\/\/domainelesoreades.com\/es\/wp-json\/wp\/v2\/comments?post=9091"}],"version-history":[{"count":4,"href":"https:\/\/domainelesoreades.com\/es\/wp-json\/wp\/v2\/pages\/9091\/revisions"}],"predecessor-version":[{"id":12229,"href":"https:\/\/domainelesoreades.com\/es\/wp-json\/wp\/v2\/pages\/9091\/revisions\/12229"}],"wp:featuredmedia":[{"embeddable":true,"href":"https:\/\/domainelesoreades.com\/es\/wp-json\/wp\/v2\/media\/5895"}],"wp:attachment":[{"href":"https:\/\/domainelesoreades.com\/es\/wp-json\/wp\/v2\/media?parent=9091"}],"wp:term":[{"taxonomy":"sujet","embeddable":true,"href":"https:\/\/domainelesoreades.com\/es\/wp-json\/wp\/v2\/sujet?post=9091"}],"curies":[{"name":"wp","href":"https:\/\/api.w.org\/{rel}","templated":true}]}}