{"id":9118,"date":"2023-09-25T13:28:00","date_gmt":"2023-09-25T11:28:00","guid":{"rendered":"https:\/\/domainelesoreades.com\/jacuzzi-privado-landes\/"},"modified":"2023-10-20T12:29:34","modified_gmt":"2023-10-20T10:29:34","slug":"jacuzzi-privado-landes","status":"publish","type":"page","link":"https:\/\/domainelesoreades.com\/es\/jacuzzi-privado-landes\/","title":{"rendered":"Jacuzzi privado Landes"},"content":{"rendered":"<section id=\"ls-section-block_f6ae24d514e0705598ab95a0b533e911\" class=\"ls-section  page-intro\" >\r\n        <div class=\"container \">\r\n        \n\n<div class=\"wp-block-columns is-layout-flex wp-container-core-columns-is-layout-9d6595d7 wp-block-columns-is-layout-flex\">\n<div class=\"wp-block-column is-layout-flow wp-block-column-is-layout-flow\">\n<h1 class=\"ls__heading wp-block-heading has-text-align-center\">Camping con jacuzzi privado en las Landas, a dos pasos del lago de Sanguinet<\/h1>\n\n\n\n<p class=\"ls-paragraph has-text-align-center\">Enclavado entre el oc\u00e9ano y el bosque, el <a href=\"https:\/\/domainelesoreades.com\/es\/\">camping Les Landes les Or\u00e9ades<\/a> es un <strong>lugar dedicado a la relajaci\u00f3n bajo el sol de las Landas<\/strong>. Situado cerca de numerosos puntos de inter\u00e9s de la regi\u00f3n y a dos pasos del lago de Sanguinet, nuestro camping ofrece servicios de calidad 5 estrellas.<\/p>\n\n\n\n<p class=\"ls-paragraph has-text-align-center\">Le <strong>seducir\u00e1 la naturaleza <\/strong>que le rodea, ideal para ayudarle a combinar <strong>placer, relajaci\u00f3n y desconexi\u00f3n<\/strong>.<\/p>\n<\/div>\n<\/div>\n\n\r\n    <\/div>\r\n<\/section><section id=\"ls-section-block_f618a37ebbd4e984ae62711896466fb1\" class=\"ls-section  page-one\" >\r\n        <div class=\"container container--wide\">\r\n        \n\n<div class=\"wp-block-columns is-layout-flex wp-container-core-columns-is-layout-9d6595d7 wp-block-columns-is-layout-flex\">\n<div class=\"wp-block-column is-vertically-aligned-center is-layout-flow wp-block-column-is-layout-flow\" style=\"flex-basis:33.33%\">\n<h2 class=\"ls__heading wp-block-heading deco\">Las <em>ventajas <\/em>de nuestro camping con <em>jacuzzi privado<\/em> en las Landas<\/h2>\n\n\n\n<p class=\"ls-paragraph\">Aproveche al m\u00e1ximo sus vacaciones y disfrute de todas las ventajas del descanso a dos pasos del lago de Sanguinet, en las Landas.<\/p>\n\n\n\n<p class=\"ls-paragraph\">Domaine Les Or\u00e9ades tiene todo lo necesario para unas vacaciones estupendas:  <strong>Servicio de 5 estrellas, varias piscinas, incluida una piscina Balneo, actividades para toda la familia, restaurante, alojamiento de calidad con spa privado&#8230;<\/strong>  todo rodeado de naturaleza y bosque, a la sombra de los pinos de las Landas.<\/p>\n<\/div>\n\n\n\n<div class=\"wp-block-column is-layout-flow wp-block-column-is-layout-flow\" style=\"flex-basis:66.66%\">\n<figure class=\"wp-block-image size-full\"><img decoding=\"async\" width=\"1200\" height=\"800\" src=\"https:\/\/domainelesoreades.com\/wp-content\/uploads\/2023\/09\/femme-piscine-jaccuzzi.webp\" alt=\"mujer piscina jaccuzzi\" class=\"wp-image-8121\" srcset=\"https:\/\/domainelesoreades.com\/wp-content\/uploads\/2023\/09\/femme-piscine-jaccuzzi.webp 1200w, https:\/\/domainelesoreades.com\/wp-content\/uploads\/2023\/09\/femme-piscine-jaccuzzi-300x200.webp 300w, https:\/\/domainelesoreades.com\/wp-content\/uploads\/2023\/09\/femme-piscine-jaccuzzi-1024x683.webp 1024w, https:\/\/domainelesoreades.com\/wp-content\/uploads\/2023\/09\/femme-piscine-jaccuzzi-768x512.webp 768w\" sizes=\"(max-width: 1200px) 100vw, 1200px\" \/><\/figure>\n<\/div>\n<\/div>\n\n\r\n    <\/div>\r\n<\/section><section id=\"ls-section-block_9c8e67253d8450b3840d2ada0a089749\" class=\"ls-section  page-one has-p-t p-t-14 has-p-b p-b-14\" >\r\n        <div class=\"container container--wide\">\r\n        \n\n<div class=\"wp-block-columns is-layout-flex wp-container-core-columns-is-layout-9d6595d7 wp-block-columns-is-layout-flex\">\n<div class=\"wp-block-column is-layout-flow wp-block-column-is-layout-flow\" style=\"flex-basis:66.66%\">\n<figure class=\"wp-block-image size-full\"><img decoding=\"async\" width=\"1200\" height=\"800\" src=\"https:\/\/domainelesoreades.com\/wp-content\/uploads\/2023\/09\/cabane-premium-jaccuzzi-privatif.webp\" alt=\"cabina premium con jacuzzi privado\" class=\"wp-image-8139\" srcset=\"https:\/\/domainelesoreades.com\/wp-content\/uploads\/2023\/09\/cabane-premium-jaccuzzi-privatif.webp 1200w, https:\/\/domainelesoreades.com\/wp-content\/uploads\/2023\/09\/cabane-premium-jaccuzzi-privatif-300x200.webp 300w, https:\/\/domainelesoreades.com\/wp-content\/uploads\/2023\/09\/cabane-premium-jaccuzzi-privatif-1024x683.webp 1024w, https:\/\/domainelesoreades.com\/wp-content\/uploads\/2023\/09\/cabane-premium-jaccuzzi-privatif-768x512.webp 768w\" sizes=\"(max-width: 1200px) 100vw, 1200px\" \/><\/figure>\n<\/div>\n\n\n\n<div class=\"wp-block-column is-vertically-aligned-center is-layout-flow wp-block-column-is-layout-flow\" style=\"flex-basis:33.33%\">\n<h2 class=\"ls__heading wp-block-heading deco\">Tipos de alojamiento con <em>jacuzzi <\/em>privado<\/h2>\n\n\n\n<p class=\"ls-paragraph\">El <a href=\"https:\/\/domainelesoreades.com\/es\/camping-zona-acuatica-landes\/\">camping con piscina de las Landas<\/a> ofrece 3 tipos de alojamiento. <\/p>\n\n\n\n<p class=\"ls-paragraph\"><strong>2 de ellos ofrecen alojamiento con spa \/ jacuzzi privado.<br\/><\/strong>Esta es su oportunidad de aprovechar al m\u00e1ximo sus vacaciones de camping mientras admira los pinos de las Landas desde su jacuzzi privado.<\/p>\n\n\n\n<p class=\"ls-paragraph\"><strong>El jard\u00edn de la pagoda<\/strong> <br\/>Nuestras at\u00edpicas pagodas ofrecen un <strong>ambiente chic y un dise\u00f1o sobrio<\/strong>, como si se alojara en un hotel. Estos alojamientos realmente se distinguen de los de otros campings. Situado en un <strong>jard\u00edn con \u00e1rboles<\/strong>, est\u00e1 rodeado de naturaleza.  <\/p>\n\n\n\n<p class=\"ls-paragraph\">Las pagodas est\u00e1n situadas en una<strong> zona reservada exclusivamente a los peatones<\/strong>. A diferencia de algunas zonas, como las destinadas a casas m\u00f3viles, las Pagodas est\u00e1n <strong>cerca de los servicios<\/strong>. Desde esta zona se puede acceder r\u00e1pidamente a las piscinas y al restaurante.<\/p>\n\n\n\n<p class=\"ls-paragraph\"><strong>Las Pagodas con jacuzzi<\/strong> privado del camping tienen 1, 2 \u00f3 3 dormitorios, as\u00ed que la elecci\u00f3n es suya.<\/p>\n\n\n\n<p class=\"ls-paragraph addReadMore showlesscontent\"><strong>Caba\u00f1as de pescadores<\/strong><br\/>Disfrute de un alojamiento ins\u00f3lito con las <strong>Caba\u00f1as de los Pescadores<\/strong> en este <strong>camping con jacuzzi privado en las Landas<\/strong>. En armon\u00eda con la naturaleza, vivir\u00e1 en <strong>caba\u00f1as inspiradas en las Cabanes Tchanqu\u00e9es de la Bassin d&#8217;Arcachon<\/strong>.  <br\/>Estos exclusivos alojamientos del Domaine des Or\u00e9ades, de 35 m2 a 40 m\u00b2, har\u00e1n las delicias de grandes y peque\u00f1os. Tambi\u00e9n disponemos de una gama m\u00e1s tradicional de <a href=\"https:\/\/domainelesoreades.com\/es\/alquiler-mobil-home-landes\/\">alquileres de casas m\u00f3viles en las Landas<\/a>.<\/p>\n<\/div>\n<\/div>\n\n\r\n    <\/div>\r\n<\/section><section id=\"ls-section-block_a2d88cf06948e365b3010bab7902b8de\" class=\"ls-section  page-one has-background has-color-4-background-color has-p-t p-t-14 has-p-b p-b-14\" >\r\n        <div class=\"container container--wide\">\r\n        \n\n<div class=\"wp-block-columns is-layout-flex wp-container-core-columns-is-layout-9d6595d7 wp-block-columns-is-layout-flex\">\n<div class=\"wp-block-column is-vertically-aligned-center is-layout-flow wp-block-column-is-layout-flow\" style=\"flex-basis:33.33%\">\n<h2 class=\"ls__heading wp-block-heading deco\"><em>Actividades <\/em>y <em>servicios <\/em>en nuestro camping con jacuzzi privado en las Landas<\/h2>\n\n\n\n<p class=\"ls-paragraph\">El Domaine dispone de una zona acu\u00e1tica con <strong>4 piscinas de diferentes tama\u00f1os y juegos de agua<\/strong> para ni\u00f1os.<\/p>\n\n\n\n<p class=\"ls-paragraph\">La <strong>gran piscina exterior climatizada<\/strong> es ideal para toda la familia, y su temperatura es un verdadero plus para que todos aprovechen al m\u00e1ximo el tiempo juntos.  <\/p>\n\n\n\n<p class=\"ls-paragraph\">Hay una <strong>piscina de hidromasaje<\/strong> al aire libre. S\u00f3lo est\u00e1 disponible para adultos mayores de 18 a\u00f1os. Ideal para relajarse y alternar momentos con su jacuzzi privado.<\/p>\n\n\n\n<p class=\"ls-paragraph\">Los ni\u00f1os pueden chapotear en la <strong>piscina infantil<\/strong> situada junto a la piscina principal. Una zona con <strong>juegos acu\u00e1ticos llamada \u00abAquatoon<\/strong> \u00bb har\u00e1 las delicias de sus hijos.<\/p>\n\n\n\n<p class=\"ls-paragraph\">\u00bfUn d\u00eda gris? Hay una <strong>piscina cubierta climatizada<\/strong>.<\/p>\n\n\n\n<p class=\"ls-paragraph\">La <a href=\"https:\/\/domainelesoreades.com\/es\/restaurante-landes\/\">Table du Domaine<\/a> es el restaurante del camping, abierto a todos, a dos pasos del lago de Sanguinet. Disfrute de la <strong>gastronom\u00eda local<\/strong> a cualquier hora del d\u00eda y aproveche la<strong> terraza para comer y cenar<\/strong>.  <\/p>\n\n\n\n<p class=\"ls-paragraph addReadMore showlesscontent\">A veces se ofrecen <strong>veladas tem\u00e1ticas<\/strong> con cocina m\u00e1s ex\u00f3tica. Se ofrecen servicios in situ. Todo ha sido dise\u00f1ado para facilitarle la vida diaria y hacer m\u00e1s agradable su estancia en nuestra finca Les Or\u00e9ades en Les Landes. Alquiler de bicicletas y plancha, lavander\u00eda, tienda de comestibles, Wi-Fi, desayuno, bar, restaurante con comida para llevar, kit de beb\u00e9&#8230; Ponte en contacto con nosotros para m\u00e1s detalles.<\/p>\n<\/div>\n\n\n\n<div class=\"wp-block-column is-layout-flow wp-block-column-is-layout-flow\" style=\"flex-basis:66.66%\">\n<figure class=\"wp-block-image size-full\"><img decoding=\"async\" width=\"1200\" height=\"900\" src=\"https:\/\/domainelesoreades.com\/wp-content\/uploads\/2023\/09\/double-piscine-camping.webp\" alt=\"piscina doble camping\" class=\"wp-image-6483\" srcset=\"https:\/\/domainelesoreades.com\/wp-content\/uploads\/2023\/09\/double-piscine-camping.webp 1200w, https:\/\/domainelesoreades.com\/wp-content\/uploads\/2023\/09\/double-piscine-camping-300x225.webp 300w, https:\/\/domainelesoreades.com\/wp-content\/uploads\/2023\/09\/double-piscine-camping-1024x768.webp 1024w, https:\/\/domainelesoreades.com\/wp-content\/uploads\/2023\/09\/double-piscine-camping-768x576.webp 768w\" sizes=\"(max-width: 1200px) 100vw, 1200px\" \/><\/figure>\n<\/div>\n<\/div>\n\n\r\n    <\/div>\r\n<\/section><section id=\"ls-section-block_034ac0d5b428860cc6b88fb5f6d72986\" class=\"ls-section  page-maillage has-p-b p-b-14\" >\r\n        <div class=\"container container--wide\">\r\n        \n\n<div id=\"ls-heading ls-titre-div-block_7bdf859a99c13785953980b6f103b79f\" class=\"ls-titre-div deco h2-like\" >\n    <em>Descubra nuestro centro acu\u00e1tico, <\/em> <\/br>y nuestros servicios y alojamientos.<\/div>\n\n\n<div id=\"ls-maillage-block_12e73231ac105b50a131f26d01b4757c\" class=\"ls-maillage cta-style-normal\" data-rows=\"3\">\n    <div class=\"wp-block-columns\"><div class=\"wp-block-column\"><div class=\"ls-cta \">\n\n<a href=\"https:\/\/domainelesoreades.com\/es\/holiday-home-landes\/\" target=\"\" rel=\"noopener\" class=\"ls-cta__link\">\n\n\t<div class=\"ls-cta__image\"><img decoding=\"async\" src=\"https:\/\/domainelesoreades.com\/wp-content\/uploads\/2023\/08\/location-mobil-home-landes.webp\" alt=\"alquiler de autocaravanas landes\"><\/div>\n\t<div class=\"ls-cta__title\">\n\t\tTodos nuestros alojamientos\t<\/div>\n\t<div class=\"ls-button ls-button--cta\"><span>Descubra<\/span><i class='oreades-right-arrow'><\/i><\/div>\n\n\t\n\t\t\n<\/a>\n\n\n<\/div><\/div><div class=\"wp-block-column\"><div class=\"ls-cta \">\n\n<a href=\"https:\/\/domainelesoreades.com\/es\/camping-lujo-servicios-landes\/\" target=\"\" rel=\"noopener\" class=\"ls-cta__link\">\n\n\t<div class=\"ls-cta__image\"><img decoding=\"async\" src=\"https:\/\/domainelesoreades.com\/wp-content\/uploads\/2023\/09\/services-camping-yelloh.webp\" alt=\"servicios camping yelloh\"><\/div>\n\t<div class=\"ls-cta__title\">\n\t\tServicios\t<\/div>\n\t<div class=\"ls-button ls-button--cta\"><span>Descubra<\/span><i class='oreades-right-arrow'><\/i><\/div>\n\n\t\n\t\t\n<\/a>\n\n\n<\/div><\/div><div class=\"wp-block-column\"><div class=\"ls-cta \">\n\n<a href=\"https:\/\/domainelesoreades.com\/es\/camping-zona-acuatica-landes\/\" target=\"\" rel=\"noopener\" class=\"ls-cta__link\">\n\n\t<div class=\"ls-cta__image\"><img decoding=\"async\" src=\"https:\/\/domainelesoreades.com\/wp-content\/uploads\/2023\/08\/camping-piscine-chauffee-landes.webp\" alt=\"camping piscina climatizada landes\"><\/div>\n\t<div class=\"ls-cta__title\">\n\t\tZona acu\u00e1tica\t<\/div>\n\t<div class=\"ls-button ls-button--cta\"><span>Descubra<\/span><i class='oreades-right-arrow'><\/i><\/div>\n\n\t\n\t\t\n<\/a>\n\n\n<\/div><\/div><\/div><\/div>\n\r\n    <\/div>\r\n<\/section>","protected":false},"excerpt":{"rendered":"","protected":false},"author":1,"featured_media":8173,"parent":0,"menu_order":0,"comment_status":"closed","ping_status":"closed","template":"","meta":{"_acf_changed":false,"inline_featured_image":false,"footnotes":""},"sujet":[],"class_list":["post-9118","page","type-page","status-publish","has-post-thumbnail","hentry"],"acf":[],"yoast_head":"<!-- This site is optimized with the Yoast SEO plugin v24.3 - https:\/\/yoast.com\/wordpress\/plugins\/seo\/ -->\n<title>Camping con jacuzzi privado Landas: nuestro alojamiento con spa<\/title>\n<meta name=\"description\" content=\"En el norte de las Landas, a 30 minutos de la bah\u00eda de Arcachon, descubra nuestras excepcionales casas con jacuzzi spa privado.\" \/>\n<meta name=\"robots\" content=\"index, follow, max-snippet:-1, max-image-preview:large, max-video-preview:-1\" \/>\n<link rel=\"canonical\" href=\"https:\/\/domainelesoreades.com\/es\/jacuzzi-privado-landes\/\" \/>\n<meta property=\"og:locale\" content=\"es_ES\" \/>\n<meta property=\"og:type\" content=\"article\" \/>\n<meta property=\"og:title\" content=\"Camping con jacuzzi privado Landas: nuestro alojamiento con spa\" \/>\n<meta property=\"og:description\" content=\"En el norte de las Landas, a 30 minutos de la bah\u00eda de Arcachon, descubra nuestras excepcionales casas con jacuzzi spa privado.\" \/>\n<meta property=\"og:url\" content=\"https:\/\/domainelesoreades.com\/es\/jacuzzi-privado-landes\/\" \/>\n<meta property=\"og:site_name\" content=\"Domaine des Or\u00e9ades\" \/>\n<meta property=\"article:modified_time\" content=\"2023-10-20T10:29:34+00:00\" \/>\n<meta property=\"og:image\" content=\"https:\/\/domainelesoreades.com\/wp-content\/uploads\/2023\/09\/bains-remous-balneo-camping-oreades.webp\" \/>\n\t<meta property=\"og:image:width\" content=\"1903\" \/>\n\t<meta property=\"og:image:height\" content=\"665\" \/>\n\t<meta property=\"og:image:type\" content=\"image\/webp\" \/>\n<meta name=\"twitter:card\" content=\"summary_large_image\" \/>\n<meta name=\"twitter:label1\" content=\"Tiempo de lectura\" \/>\n\t<meta name=\"twitter:data1\" content=\"3 minutos\" \/>\n<script type=\"application\/ld+json\" class=\"yoast-schema-graph\">{\"@context\":\"https:\/\/schema.org\",\"@graph\":[{\"@type\":\"WebPage\",\"@id\":\"https:\/\/domainelesoreades.com\/es\/jacuzzi-privado-landes\/\",\"url\":\"https:\/\/domainelesoreades.com\/es\/jacuzzi-privado-landes\/\",\"name\":\"Camping con jacuzzi privado Landas: nuestro alojamiento con spa\",\"isPartOf\":{\"@id\":\"https:\/\/domainelesoreades.com\/es\/#website\"},\"primaryImageOfPage\":{\"@id\":\"https:\/\/domainelesoreades.com\/es\/jacuzzi-privado-landes\/#primaryimage\"},\"image\":{\"@id\":\"https:\/\/domainelesoreades.com\/es\/jacuzzi-privado-landes\/#primaryimage\"},\"thumbnailUrl\":\"https:\/\/domainelesoreades.com\/wp-content\/uploads\/2023\/09\/bains-remous-balneo-camping-oreades.webp\",\"datePublished\":\"2023-09-25T11:28:00+00:00\",\"dateModified\":\"2023-10-20T10:29:34+00:00\",\"description\":\"En el norte de las Landas, a 30 minutos de la bah\u00eda de Arcachon, descubra nuestras excepcionales casas con jacuzzi spa privado.\",\"breadcrumb\":{\"@id\":\"https:\/\/domainelesoreades.com\/es\/jacuzzi-privado-landes\/#breadcrumb\"},\"inLanguage\":\"es\",\"potentialAction\":[{\"@type\":\"ReadAction\",\"target\":[\"https:\/\/domainelesoreades.com\/es\/jacuzzi-privado-landes\/\"]}]},{\"@type\":\"ImageObject\",\"inLanguage\":\"es\",\"@id\":\"https:\/\/domainelesoreades.com\/es\/jacuzzi-privado-landes\/#primaryimage\",\"url\":\"https:\/\/domainelesoreades.com\/wp-content\/uploads\/2023\/09\/bains-remous-balneo-camping-oreades.webp\",\"contentUrl\":\"https:\/\/domainelesoreades.com\/wp-content\/uploads\/2023\/09\/bains-remous-balneo-camping-oreades.webp\",\"width\":1903,\"height\":665,\"caption\":\"balneo ba\u00f1eras de hidromasaje camping oreades\"},{\"@type\":\"BreadcrumbList\",\"@id\":\"https:\/\/domainelesoreades.com\/es\/jacuzzi-privado-landes\/#breadcrumb\",\"itemListElement\":[{\"@type\":\"ListItem\",\"position\":1,\"name\":\"Camping Landes\",\"item\":\"https:\/\/domainelesoreades.com\/es\/\"},{\"@type\":\"ListItem\",\"position\":2,\"name\":\"Jacuzzi privado Landes\"}]},{\"@type\":\"WebSite\",\"@id\":\"https:\/\/domainelesoreades.com\/es\/#website\",\"url\":\"https:\/\/domainelesoreades.com\/es\/\",\"name\":\"Domaine des Or\u00e9ades\",\"description\":\"\",\"publisher\":{\"@id\":\"https:\/\/domainelesoreades.com\/es\/#organization\"},\"potentialAction\":[{\"@type\":\"SearchAction\",\"target\":{\"@type\":\"EntryPoint\",\"urlTemplate\":\"https:\/\/domainelesoreades.com\/es\/?s={search_term_string}\"},\"query-input\":{\"@type\":\"PropertyValueSpecification\",\"valueRequired\":true,\"valueName\":\"search_term_string\"}}],\"inLanguage\":\"es\"},{\"@type\":\"Organization\",\"@id\":\"https:\/\/domainelesoreades.com\/es\/#organization\",\"name\":\"Domaine des Or\u00e9ades\",\"url\":\"https:\/\/domainelesoreades.com\/es\/\",\"logo\":{\"@type\":\"ImageObject\",\"inLanguage\":\"es\",\"@id\":\"https:\/\/domainelesoreades.com\/es\/#\/schema\/logo\/image\/\",\"url\":\"https:\/\/domainelesoreades.com\/wp-content\/uploads\/2023\/08\/cropped-les-oreades-logo-blc.png\",\"contentUrl\":\"https:\/\/domainelesoreades.com\/wp-content\/uploads\/2023\/08\/cropped-les-oreades-logo-blc.png\",\"width\":490,\"height\":175,\"caption\":\"Domaine des Or\u00e9ades\"},\"image\":{\"@id\":\"https:\/\/domainelesoreades.com\/es\/#\/schema\/logo\/image\/\"}}]}<\/script>\n<!-- \/ Yoast SEO plugin. -->","yoast_head_json":{"title":"Camping con jacuzzi privado Landas: nuestro alojamiento con spa","description":"En el norte de las Landas, a 30 minutos de la bah\u00eda de Arcachon, descubra nuestras excepcionales casas con jacuzzi spa privado.","robots":{"index":"index","follow":"follow","max-snippet":"max-snippet:-1","max-image-preview":"max-image-preview:large","max-video-preview":"max-video-preview:-1"},"canonical":"https:\/\/domainelesoreades.com\/es\/jacuzzi-privado-landes\/","og_locale":"es_ES","og_type":"article","og_title":"Camping con jacuzzi privado Landas: nuestro alojamiento con spa","og_description":"En el norte de las Landas, a 30 minutos de la bah\u00eda de Arcachon, descubra nuestras excepcionales casas con jacuzzi spa privado.","og_url":"https:\/\/domainelesoreades.com\/es\/jacuzzi-privado-landes\/","og_site_name":"Domaine des Or\u00e9ades","article_modified_time":"2023-10-20T10:29:34+00:00","og_image":[{"width":1903,"height":665,"url":"https:\/\/domainelesoreades.com\/wp-content\/uploads\/2023\/09\/bains-remous-balneo-camping-oreades.webp","type":"image\/webp"}],"twitter_card":"summary_large_image","twitter_misc":{"Tiempo de lectura":"3 minutos"},"schema":{"@context":"https:\/\/schema.org","@graph":[{"@type":"WebPage","@id":"https:\/\/domainelesoreades.com\/es\/jacuzzi-privado-landes\/","url":"https:\/\/domainelesoreades.com\/es\/jacuzzi-privado-landes\/","name":"Camping con jacuzzi privado Landas: nuestro alojamiento con spa","isPartOf":{"@id":"https:\/\/domainelesoreades.com\/es\/#website"},"primaryImageOfPage":{"@id":"https:\/\/domainelesoreades.com\/es\/jacuzzi-privado-landes\/#primaryimage"},"image":{"@id":"https:\/\/domainelesoreades.com\/es\/jacuzzi-privado-landes\/#primaryimage"},"thumbnailUrl":"https:\/\/domainelesoreades.com\/wp-content\/uploads\/2023\/09\/bains-remous-balneo-camping-oreades.webp","datePublished":"2023-09-25T11:28:00+00:00","dateModified":"2023-10-20T10:29:34+00:00","description":"En el norte de las Landas, a 30 minutos de la bah\u00eda de Arcachon, descubra nuestras excepcionales casas con jacuzzi spa privado.","breadcrumb":{"@id":"https:\/\/domainelesoreades.com\/es\/jacuzzi-privado-landes\/#breadcrumb"},"inLanguage":"es","potentialAction":[{"@type":"ReadAction","target":["https:\/\/domainelesoreades.com\/es\/jacuzzi-privado-landes\/"]}]},{"@type":"ImageObject","inLanguage":"es","@id":"https:\/\/domainelesoreades.com\/es\/jacuzzi-privado-landes\/#primaryimage","url":"https:\/\/domainelesoreades.com\/wp-content\/uploads\/2023\/09\/bains-remous-balneo-camping-oreades.webp","contentUrl":"https:\/\/domainelesoreades.com\/wp-content\/uploads\/2023\/09\/bains-remous-balneo-camping-oreades.webp","width":1903,"height":665,"caption":"balneo ba\u00f1eras de hidromasaje camping oreades"},{"@type":"BreadcrumbList","@id":"https:\/\/domainelesoreades.com\/es\/jacuzzi-privado-landes\/#breadcrumb","itemListElement":[{"@type":"ListItem","position":1,"name":"Camping Landes","item":"https:\/\/domainelesoreades.com\/es\/"},{"@type":"ListItem","position":2,"name":"Jacuzzi privado Landes"}]},{"@type":"WebSite","@id":"https:\/\/domainelesoreades.com\/es\/#website","url":"https:\/\/domainelesoreades.com\/es\/","name":"Domaine des Or\u00e9ades","description":"","publisher":{"@id":"https:\/\/domainelesoreades.com\/es\/#organization"},"potentialAction":[{"@type":"SearchAction","target":{"@type":"EntryPoint","urlTemplate":"https:\/\/domainelesoreades.com\/es\/?s={search_term_string}"},"query-input":{"@type":"PropertyValueSpecification","valueRequired":true,"valueName":"search_term_string"}}],"inLanguage":"es"},{"@type":"Organization","@id":"https:\/\/domainelesoreades.com\/es\/#organization","name":"Domaine des Or\u00e9ades","url":"https:\/\/domainelesoreades.com\/es\/","logo":{"@type":"ImageObject","inLanguage":"es","@id":"https:\/\/domainelesoreades.com\/es\/#\/schema\/logo\/image\/","url":"https:\/\/domainelesoreades.com\/wp-content\/uploads\/2023\/08\/cropped-les-oreades-logo-blc.png","contentUrl":"https:\/\/domainelesoreades.com\/wp-content\/uploads\/2023\/08\/cropped-les-oreades-logo-blc.png","width":490,"height":175,"caption":"Domaine des Or\u00e9ades"},"image":{"@id":"https:\/\/domainelesoreades.com\/es\/#\/schema\/logo\/image\/"}}]}},"_links":{"self":[{"href":"https:\/\/domainelesoreades.com\/es\/wp-json\/wp\/v2\/pages\/9118","targetHints":{"allow":["GET"]}}],"collection":[{"href":"https:\/\/domainelesoreades.com\/es\/wp-json\/wp\/v2\/pages"}],"about":[{"href":"https:\/\/domainelesoreades.com\/es\/wp-json\/wp\/v2\/types\/page"}],"author":[{"embeddable":true,"href":"https:\/\/domainelesoreades.com\/es\/wp-json\/wp\/v2\/users\/1"}],"replies":[{"embeddable":true,"href":"https:\/\/domainelesoreades.com\/es\/wp-json\/wp\/v2\/comments?post=9118"}],"version-history":[{"count":2,"href":"https:\/\/domainelesoreades.com\/es\/wp-json\/wp\/v2\/pages\/9118\/revisions"}],"predecessor-version":[{"id":12190,"href":"https:\/\/domainelesoreades.com\/es\/wp-json\/wp\/v2\/pages\/9118\/revisions\/12190"}],"wp:featuredmedia":[{"embeddable":true,"href":"https:\/\/domainelesoreades.com\/es\/wp-json\/wp\/v2\/media\/8173"}],"wp:attachment":[{"href":"https:\/\/domainelesoreades.com\/es\/wp-json\/wp\/v2\/media?parent=9118"}],"wp:term":[{"taxonomy":"sujet","embeddable":true,"href":"https:\/\/domainelesoreades.com\/es\/wp-json\/wp\/v2\/sujet?post=9118"}],"curies":[{"name":"wp","href":"https:\/\/api.w.org\/{rel}","templated":true}]}}